{"id":2836,"date":"2022-12-05T19:46:28","date_gmt":"2022-12-05T18:46:28","guid":{"rendered":"https:\/\/kavea-martinique.com\/?page_id=2836"},"modified":"2024-02-23T16:01:00","modified_gmt":"2024-02-23T20:01:00","slug":"conditions-generales-de-vente","status":"publish","type":"page","link":"https:\/\/kavea-martinique.com\/?page_id=2836","title":{"rendered":"C.G.V."},"content":{"rendered":"\t\t<div data-elementor-type=\"wp-page\" data-elementor-id=\"2836\" class=\"elementor elementor-2836\">\n\t\t\t\t\t\t<section class=\"elementor-section elementor-top-section elementor-element elementor-element-1c55941 elementor-section-boxed elementor-section-height-default elementor-section-height-default\" data-id=\"1c55941\" data-element_type=\"section\" data-e-type=\"section\">\n\t\t\t\t\t\t<div class=\"elementor-container elementor-column-gap-default\">\n\t\t\t\t\t<div class=\"elementor-column elementor-col-100 elementor-top-column elementor-element elementor-element-4632286\" data-id=\"4632286\" data-element_type=\"column\" data-e-type=\"column\">\n\t\t\t<div class=\"elementor-widget-wrap elementor-element-populated\">\n\t\t\t\t\t\t<div class=\"elementor-element elementor-element-5fe8480 elementor-widget elementor-widget-text-editor\" data-id=\"5fe8480\" data-element_type=\"widget\" data-e-type=\"widget\" data-widget_type=\"text-editor.default\">\n\t\t\t\t<div class=\"elementor-widget-container\">\n\t\t\t\t\t\t\t\t\t<p><a href=\"https:\/\/www.facebook.com\/photo\/?fbid=103394652522638&amp;amp;set=a.103394772522626\"><\/a><\/p>\n<h3>\u00c9diteur du site<\/h3>\n<p><\/p>\n<p><span style=\"text-decoration: underline;\"><strong>Soci\u00e9t\u00e9 :<\/strong><\/span> SARL Kav\u00e9a<br><span style=\"text-decoration: underline;\"><strong>Adresse :<\/strong><\/span> Rue Jules Plancel&nbsp;&#8211; Quartier Mansarde<br><span style=\"text-decoration: underline;\"><strong>Ville :<\/strong><\/span> 97231 Le Robert<br><span style=\"text-decoration: underline;\"><strong>Montant du capital social :<\/strong><\/span> 5.000 \u20ac<br><span style=\"text-decoration: underline;\"><strong>Num\u00e9ro d&rsquo;inscription au registre du commerce et des soci\u00e9t\u00e9s :<\/strong><\/span> 92024505700012<br><span style=\"text-decoration: underline;\"><strong>Num\u00e9ro TVA intracommunautaire :<\/strong><\/span>&nbsp;FR44920245057<\/p>\n<h3>Conception du site<\/h3>\n<p><\/p>\n<p><span style=\"text-decoration: underline;\"><strong>Soci\u00e9t\u00e9 :<\/strong><\/span>&nbsp; RM WEB 97 (the true web)<br><strong style=\"\"><u>Adresse :<\/u>&nbsp; <\/strong>9 Rue des colonnes<br><span style=\"text-decoration: underline;\"><strong>Ville :<\/strong><\/span> &nbsp;75001 PARIS<br><span style=\"text-decoration: underline;\"><strong>Num\u00e9ro siren :<\/strong><\/span>&nbsp; 889556221<br><span style=\"text-decoration: underline;\"><strong>Num\u00e9ro TVA intracommunautaire :<\/strong><\/span>&nbsp; FR19889556221<\/p>\n<p><span style=\"text-decoration: underline;\"><strong>1. Conditions d&rsquo;utilisation<\/strong><\/span><\/p>\n<p>Le site accessible par les url suivants (www.kavea-martinique.com et www.kavea-martinique.fr) est exploit\u00e9 dans le respect de la l\u00e9gislation fran\u00e7aise. L&rsquo;utilisation de ce site est r\u00e9gie par les pr\u00e9sentes conditions g\u00e9n\u00e9rales. En utilisant le site, vous reconnaissez avoir pris connaissance de ces conditions et les avoir accept\u00e9es. Celles-ci pourront \u00eatre modifi\u00e9es \u00e0 tout moment et sans pr\u00e9avis par la soci\u00e9t\u00e9 Kav\u00e9a. La soci\u00e9t\u00e9 Kav\u00e9a ne saurait \u00eatre tenue pour responsable en aucune mani\u00e8re d&rsquo;une mauvaise utilisation du service.<\/p>\n<p><span style=\"text-decoration: underline;\"><strong>2. Responsable \u00e9ditorial &amp; H\u00e9bergeur<\/strong><\/span><\/p>\n<p>Directeur de la publication : KAVEA &#8211; Martinique&nbsp;<br>H\u00e9bergeur : OVHcloud<br>2 rue Kellermann, 59100 Roubaix, France.<br>T\u00e9l\u00e9phone :&nbsp;1007.<\/p>\n<p><span style=\"text-decoration: underline;\"><strong>3. Limitation de responsabilit\u00e9<\/strong><\/span><\/p>\n<p>Les informations contenues sur ce site sont aussi pr\u00e9cises que possibles et le site est p\u00e9riodiquement remis \u00e0 jour, mais peut toutefois contenir des inexactitudes, des omissions ou des lacunes. Tout contenu t\u00e9l\u00e9charg\u00e9 se fait aux risques et p\u00e9rils de l&rsquo;utilisateur et sous sa seule responsabilit\u00e9. En cons\u00e9quence, la soci\u00e9t\u00e9 SARL Kav\u00e9a ne saurait \u00eatre tenue responsable d&rsquo;un quelconque dommage subi par l&rsquo;ordinateur de l&rsquo;utilisateur ou d&rsquo;une quelconque perte de donn\u00e9es cons\u00e9cutive au t\u00e9l\u00e9chargement. Les photos sont non-contractuelles. Les liens hypertextes mis en place dans le cadre du pr\u00e9sent site internet en direction d&rsquo;autres ressources pr\u00e9sentes sur le r\u00e9seau Internet ne sauraient engager la responsabilit\u00e9 de la soci\u00e9t\u00e9 SARL Kav\u00e9a.<\/p>\n<p><span style=\"text-decoration: underline;\"><strong>4. Donn\u00e9es personnelles RGPD \u00e0 int\u00e9grer<\/strong><\/span><\/p>\n<p>En application de cette loi, les internautes disposent d&rsquo;un droit d&rsquo;acc\u00e8s, de rectification, de modification et de suppression concernant les donn\u00e9es qui les concernent personnellement. Consultez notre politique de confidentialit\u00e9 pour conna\u00eetre la d\u00e9marche \u00e0 suivre.<\/p>\n<p><span style=\"text-decoration: underline;\"><strong>5. Informations et exclusion<\/strong><\/span><\/p>\n<p>La soci\u00e9t\u00e9 SARL Kav\u00e9a met en \u0153uvre tous les moyens dont elle dispose, pour assurer une information fiable et une mise \u00e0 jour fiable de son site internet. Toutefois, des erreurs ou omissions peuvent survenir. L&rsquo;internaute devra donc s&rsquo;assurer de l&rsquo;exactitude des informations aupr\u00e8s de la SARL Kav\u00e9a, et signaler toutes modifications du site qu&rsquo;il jugerait utile. La SARL Kav\u00e9a n&rsquo;est en aucun cas responsable de l&rsquo;utilisation faite de ces informations, et de tout pr\u00e9judice direct ou indirect pouvant en d\u00e9couler.<\/p>\n<p><strong>6. Cookies<\/strong><br><span style=\"text-decoration: underline;\"><strong>6.1. Informations sur les cookies<\/strong><\/span><\/p>\n<p>Pour des besoins de statistiques et d&rsquo;affichage, le pr\u00e9sent site utilise des cookies. Certaines parties de ce site ne peuvent \u00eatre fonctionnelle sans l&rsquo;acceptation de cookies.<\/p>\n<p><span style=\"text-decoration: underline;\"><strong>6.2. Vos choix concernant les cookies<\/strong><\/span><\/p>\n<p>Vous pouvez faire le choix \u00e0 tout moment d&rsquo;exprimer et de modifier vos souhaits en mati\u00e8re de cookies, par les moyens d\u00e9crits ci-dessous. Vous pouvez configurer votre logiciel de navigation de mani\u00e8re \u00e0 ce que des cookies soient enregistr\u00e9s dans votre terminal ou, au contraire, qu&rsquo;ils soient rejet\u00e9s,soit syst\u00e9matiquement, soit selon leur \u00e9metteur.<br>Vous pouvez \u00e9galement configurer votre logiciel de navigation de mani\u00e8re \u00e0 ce que l&rsquo;acceptation ou le refus des cookies vous soient propos\u00e9s ponctuellement, avant qu&rsquo;un cookie soit susceptible d&rsquo;\u00eatre enregistr\u00e9 dans votre terminal. Pour plus d&rsquo;informations, consultez la rubrique \u00abComment exercer vos choix, selon le navigateur que vous utilisez ?\u00bb<\/p>\n<p><span style=\"text-decoration: underline;\"><strong>6.2.1. Acceptation des cookies<\/strong><\/span><\/p>\n<p>L&rsquo;enregistrement d&rsquo;un cookie dans un terminal est subordonn\u00e9 \u00e0 la volont\u00e9 de son utilisateur, exprim\u00e9e et modifi\u00e9e \u00e0 tout moment gratuitement \u00e0 travers les choix propos\u00e9s par son logiciel de navigation. Si vous avez accept\u00e9 dans votre logiciel de navigation l&rsquo;enregistrement de cookies dans votre terminal, les cookies int\u00e9gr\u00e9s dans les pages et contenus que vous avez consult\u00e9s pourront \u00eatre stock\u00e9s temporairement dans un espace d\u00e9di\u00e9 de votre terminal. Ils y seront lisibles uniquement par leur \u00e9metteur.<\/p>\n<p><span style=\"text-decoration: underline;\"><strong>6.2.2. Refus des cookies<\/strong><\/span><\/p>\n<p>Si vous refusez l&rsquo;enregistrement de cookies dans votre terminal, ou si vous supprimez ceux qui y sont enregistr\u00e9s, vous pourrez \u00e9ventuellement ne plus b\u00e9n\u00e9ficier d&rsquo;un certain nombre de fonctionnalit\u00e9s. Tel serait \u00e9galement le cas lorsque nous -ou nos prestataires- ne pourrions pas reconna\u00eetre, \u00e0 des fins de compatibilit\u00e9 technique, le type de navigateur utilis\u00e9 par votre terminal, ses param\u00e8tres de langue et d&rsquo;affichage ou le pays depuis lequel votre terminal semble connect\u00e9 \u00e0 Internet. Le cas \u00e9ch\u00e9ant, nous d\u00e9clinons toute responsabilit\u00e9 pour les cons\u00e9quences li\u00e9es au fonctionnement d\u00e9grad\u00e9 de nos services r\u00e9sultant de l&rsquo;impossibilit\u00e9 d&rsquo;enregistrer ou de consulter les cookies n\u00e9cessaires \u00e0 leur fonctionnement et que vous auriez refus\u00e9s ou supprim\u00e9s.<\/p>\n<p><span style=\"text-decoration: underline;\"><strong>6.2.3. Comment exercer vos choix selon le navigateur que vous utilisez ?<\/strong><\/span><\/p>\n<p>Pour la gestion des cookies et de vos choix, la configuration de chaque navigateur est diff\u00e9rente. Elle est d\u00e9crite dans le menu d&rsquo;aide de votre navigateur, qui vous<br>permettra de savoir de quelle mani\u00e8re modifier vos souhaits en mati\u00e8re de cookies. Nous vous invitons \u00e0 cliquer sur le nom de votre navigateur pour acc\u00e9der au menu<br>d&rsquo;aide correspondant :<\/p>\n<p>\u2022 <a href=\"https:\/\/support.microsoft.com\/fr-fr\/windows\/aide-d-internet-explorer-23360e49-9cd3-4dda-ba52-705336cc0de2\">Pour&nbsp;Internet Explorer\u2122<\/a><br>\u2022 <a href=\"https:\/\/support.apple.com\/fr-fr\/safari\">Pour&nbsp;Safari\u2122<\/a><br>\u2022 <a href=\"https:\/\/support.google.com\/chrome\/?hl=fr\">Pour&nbsp;Chrome\u2122<\/a><br>\u2022 <a href=\"https:\/\/support.mozilla.org\/https:\/\/support.mozilla.org\/fr\/products\/firefoxfr\/products\/firefox\">Pour&nbsp;Firefox\u2122<\/a><br>\u2022 <a href=\"https:\/\/www.opera.com\/fr\/help\">Pour&nbsp;Opera\u2122<\/a><\/p>\n<p>Vous pouvez \u00e9galement param\u00e9trer votre navigateur afin que celui-ci envoie un code indiquant aux sites Web que vous ne souhaitez pas \u00eatre suivis. (option \u00ab Do No Track \u00bb).<br>Nous vous invitons \u00e0 cliquer sur le nom de votre navigateur pour acc\u00e9der au menu d&rsquo;aide correspondant :<\/p>\n<p>\u2022&nbsp;<a href=\"https:\/\/support.microsoft.com\/fr-fr\/windows\/modifier-ou-r%C3%A9initialiser-les-param%C3%A8tres-d-internet-explorer-2d4bac50-5762-91c5-a057-a922533f77d5#:~:text=Modifier%20les%20param%C3%A8tres%20d'Internet%20Explorer&amp;text=Pour%20afficher%20l'ensemble%20des,puis%20s%C3%A9lectionnez%20Outils%20%3E%20options%20Internet.\">Internet Explorer\u2122<\/a><br>\u2022&nbsp;<a href=\"https:\/\/support.apple.com\/fr-fr\/guide\/safari\/ibrw7f78f7fe\/mac#:~:text=autres%20sites%20web-,Dans%20l'app%20Safari%20sur%20votre%20Mac%2C%20choisissez%20Safari%20%3E,personnaliser%2C%20par%20exemple%20Appareil%20photo.\">Safari\u2122<\/a><br>\u2022&nbsp;<a href=\"https:\/\/support.google.com\/chrome\/answer\/3296214?hl=fr\">Chrome\u2122<\/a><br>\u2022&nbsp;<a href=\"https:\/\/support.mozilla.org\/fr\/kb\/options-preferences-parametres-firefox\">Firefox\u2122<\/a><br>\u2022&nbsp;<a href=\"https:\/\/help.opera.com\/en\/latest\/\">Opera\u2122<\/a><\/p>\n<p><span style=\"text-decoration: underline;\"><strong>7. Propri\u00e9t\u00e9 intellectuelle<\/strong><\/span><\/p>\n<p>L&rsquo;ensemble du contenu pr\u00e9sent sur le site est prot\u00e9g\u00e9 par les droits de propri\u00e9t\u00e9 intellectuelle et notamment par le droit d&rsquo;auteur dans le monde entier et pour la dur\u00e9e des droits telle qu&rsquo;elle r\u00e9sulte des dispositions l\u00e9gales existantes et\/ou des prolongations \u00e0 intervenir. Toute reproduction, repr\u00e9sentation, adaptation, modification et\/ou utilisation hors de la sph\u00e8re priv\u00e9e est strictement interdit.<\/p>\n<p><a href=\"https:\/\/www.facebook.com\/photo\/?fbid=103394652522638&amp;amp;set=a.103394772522626\"><\/a><\/p>\t\t\t\t\t\t\t\t<\/div>\n\t\t\t\t<\/div>\n\t\t\t\t\t<\/div>\n\t\t<\/div>\n\t\t\t\t\t<\/div>\n\t\t<\/section>\n\t\t\t\t<\/div>\n\t\t","protected":false},"excerpt":{"rendered":"<p>\u00c9diteur du site Soci\u00e9t\u00e9 : SARL Kav\u00e9aAdresse : Rue Jules Plancel&nbsp;&#8211; Quartier MansardeVille : 97231 Le RobertMontant du capital social : 5.000 \u20acNum\u00e9ro d&rsquo;inscription au registre du commerce et des soci\u00e9t\u00e9s : 92024505700012Num\u00e9ro TVA intracommunautaire :&nbsp;FR44920245057 Conception du site Soci\u00e9t\u00e9 :&nbsp; RM WEB 97 (the true web)Adresse :&nbsp; 9 Rue des colonnesVille : &nbsp;75001 PARISNum\u00e9ro [&hellip;]<\/p>\n","protected":false},"author":2,"featured_media":0,"parent":0,"menu_order":0,"comment_status":"closed","ping_status":"closed","template":"elementor_header_footer","meta":{"site-sidebar-layout":"default","site-content-layout":"","ast-site-content-layout":"","site-content-style":"default","site-sidebar-style":"default","ast-global-header-display":"","ast-banner-title-visibility":"","ast-main-header-display":"","ast-hfb-above-header-display":"","ast-hfb-below-header-display":"","ast-hfb-mobile-header-display":"","site-post-title":"","ast-breadcrumbs-content":"","ast-featured-img":"","footer-sml-layout":"","theme-transparent-header-meta":"","adv-header-id-meta":"","stick-header-meta":"","header-above-stick-meta":"","header-main-stick-meta":"","header-below-stick-meta":"","astra-migrate-meta-layouts":"default","ast-page-background-enabled":"default","ast-page-background-meta":{"desktop":{"background-color":"","background-image":"","background-repeat":"repeat","background-position":"center center","background-size":"auto","background-attachment":"scroll","background-type":"","background-media":"","overlay-type":"","overlay-color":"","overlay-gradient":""},"tablet":{"background-color":"","background-image":"","background-repeat":"repeat","background-position":"center center","background-size":"auto","background-attachment":"scroll","background-type":"","background-media":"","overlay-type":"","overlay-color":"","overlay-gradient":""},"mobile":{"background-color":"","background-image":"","background-repeat":"repeat","background-position":"center center","background-size":"auto","background-attachment":"scroll","background-type":"","background-media":"","overlay-type":"","overlay-color":"","overlay-gradient":""}},"ast-content-background-meta":{"desktop":{"background-color":"var(--ast-global-color-5)","background-image":"","background-repeat":"repeat","background-position":"center center","background-size":"auto","background-attachment":"scroll","background-type":"","background-media":"","overlay-type":"","overlay-color":"","overlay-gradient":""},"tablet":{"background-color":"var(--ast-global-color-5)","background-image":"","background-repeat":"repeat","background-position":"center center","background-size":"auto","background-attachment":"scroll","background-type":"","background-media":"","overlay-type":"","overlay-color":"","overlay-gradient":""},"mobile":{"background-color":"var(--ast-global-color-5)","background-image":"","background-repeat":"repeat","background-position":"center center","background-size":"auto","background-attachment":"scroll","background-type":"","background-media":"","overlay-type":"","overlay-color":"","overlay-gradient":""}},"_themeisle_gutenberg_block_has_review":false,"footnotes":""},"class_list":["post-2836","page","type-page","status-publish","hentry"],"featured_image_src":null,"yoast_head":"<!-- This site is optimized with the Yoast SEO plugin v27.4 - https:\/\/yoast.com\/product\/yoast-seo-wordpress\/ -->\n<title>C.G.V. - Kav\u00e9a | Cave \u00e0 vins et champagnes | Epicerie fine | Le Robert Martinique<\/title>\n<meta name=\"robots\" content=\"index, follow, max-snippet:-1, max-image-preview:large, max-video-preview:-1\" \/>\n<link rel=\"canonical\" href=\"https:\/\/kavea-martinique.com\/?page_id=2836\" \/>\n<meta property=\"og:locale\" content=\"fr_FR\" \/>\n<meta property=\"og:type\" content=\"article\" \/>\n<meta property=\"og:title\" content=\"C.G.V. - Kav\u00e9a | Cave \u00e0 vins et champagnes | Epicerie fine | Le Robert Martinique\" \/>\n<meta property=\"og:description\" content=\"\u00c9diteur du site Soci\u00e9t\u00e9 : SARL Kav\u00e9aAdresse : Rue Jules Plancel&nbsp;&#8211; Quartier MansardeVille : 97231 Le RobertMontant du capital social : 5.000 \u20acNum\u00e9ro d&rsquo;inscription au registre du commerce et des soci\u00e9t\u00e9s : 92024505700012Num\u00e9ro TVA intracommunautaire :&nbsp;FR44920245057 Conception du site Soci\u00e9t\u00e9 :&nbsp; RM WEB 97 (the true web)Adresse :&nbsp; 9 Rue des colonnesVille : &nbsp;75001 PARISNum\u00e9ro [&hellip;]\" \/>\n<meta property=\"og:url\" content=\"https:\/\/kavea-martinique.com\/?page_id=2836\" \/>\n<meta property=\"og:site_name\" content=\"Kav\u00e9a | Cave \u00e0 vins et champagnes | Epicerie fine | Le Robert Martinique\" \/>\n<meta property=\"article:modified_time\" content=\"2024-02-23T20:01:00+00:00\" \/>\n<meta name=\"twitter:card\" content=\"summary_large_image\" \/>\n<meta name=\"twitter:label1\" content=\"Dur\u00e9e de lecture estim\u00e9e\" \/>\n\t<meta name=\"twitter:data1\" content=\"5 minutes\" \/>\n<script type=\"application\/ld+json\" class=\"yoast-schema-graph\">{\"@context\":\"https:\\\/\\\/schema.org\",\"@graph\":[{\"@type\":\"WebPage\",\"@id\":\"https:\\\/\\\/kavea-martinique.com\\\/?page_id=2836\",\"url\":\"https:\\\/\\\/kavea-martinique.com\\\/?page_id=2836\",\"name\":\"C.G.V. - Kav\u00e9a | Cave \u00e0 vins et champagnes | Epicerie fine | Le Robert Martinique\",\"isPartOf\":{\"@id\":\"https:\\\/\\\/kavea-martinique.com\\\/#website\"},\"datePublished\":\"2022-12-05T18:46:28+00:00\",\"dateModified\":\"2024-02-23T20:01:00+00:00\",\"breadcrumb\":{\"@id\":\"https:\\\/\\\/kavea-martinique.com\\\/?page_id=2836#breadcrumb\"},\"inLanguage\":\"fr-FR\",\"potentialAction\":[{\"@type\":\"ReadAction\",\"target\":[\"https:\\\/\\\/kavea-martinique.com\\\/?page_id=2836\"]}]},{\"@type\":\"BreadcrumbList\",\"@id\":\"https:\\\/\\\/kavea-martinique.com\\\/?page_id=2836#breadcrumb\",\"itemListElement\":[{\"@type\":\"ListItem\",\"position\":1,\"name\":\"Accueil\",\"item\":\"https:\\\/\\\/kavea-martinique.com\\\/\"},{\"@type\":\"ListItem\",\"position\":2,\"name\":\"C.G.V.\"}]},{\"@type\":\"WebSite\",\"@id\":\"https:\\\/\\\/kavea-martinique.com\\\/#website\",\"url\":\"https:\\\/\\\/kavea-martinique.com\\\/\",\"name\":\"Kav\u00e9a | Cave \u00e0 vins et champagnes | Epicerie fine | Le Robert Martinique\",\"description\":\"Cave \u00e0 vins \u00e9v\u00e8nementielle 100% Vignerons Ind\u00e9pendants \u00e9coresponsables. D\u00e9gustations sur mesure. Click &amp; Collect Livraison \u00e0 domicile\",\"publisher\":{\"@id\":\"https:\\\/\\\/kavea-martinique.com\\\/#organization\"},\"potentialAction\":[{\"@type\":\"SearchAction\",\"target\":{\"@type\":\"EntryPoint\",\"urlTemplate\":\"https:\\\/\\\/kavea-martinique.com\\\/?s={search_term_string}\"},\"query-input\":{\"@type\":\"PropertyValueSpecification\",\"valueRequired\":true,\"valueName\":\"search_term_string\"}}],\"inLanguage\":\"fr-FR\"},{\"@type\":\"Organization\",\"@id\":\"https:\\\/\\\/kavea-martinique.com\\\/#organization\",\"name\":\"Kav\u00e9a | Cave \u00e0 vins et champagnes | Epicerie fine | Le Robert Martinique\",\"url\":\"https:\\\/\\\/kavea-martinique.com\\\/\",\"logo\":{\"@type\":\"ImageObject\",\"inLanguage\":\"fr-FR\",\"@id\":\"https:\\\/\\\/kavea-martinique.com\\\/#\\\/schema\\\/logo\\\/image\\\/\",\"url\":\"https:\\\/\\\/i0.wp.com\\\/kavea-martinique.com\\\/wp-content\\\/uploads\\\/2022\\\/10\\\/unnamed.png?fit=1280%2C382&ssl=1\",\"contentUrl\":\"https:\\\/\\\/i0.wp.com\\\/kavea-martinique.com\\\/wp-content\\\/uploads\\\/2022\\\/10\\\/unnamed.png?fit=1280%2C382&ssl=1\",\"width\":1280,\"height\":382,\"caption\":\"Kav\u00e9a | Cave \u00e0 vins et champagnes | Epicerie fine | Le Robert Martinique\"},\"image\":{\"@id\":\"https:\\\/\\\/kavea-martinique.com\\\/#\\\/schema\\\/logo\\\/image\\\/\"},\"sameAs\":[\"https:\\\/\\\/www.instagram.com\\\/kaveamartinique\\\/?hl=fr\"]}]}<\/script>\n<!-- \/ Yoast SEO plugin. -->","yoast_head_json":{"title":"C.G.V. - Kav\u00e9a | Cave \u00e0 vins et champagnes | Epicerie fine | Le Robert Martinique","robots":{"index":"index","follow":"follow","max-snippet":"max-snippet:-1","max-image-preview":"max-image-preview:large","max-video-preview":"max-video-preview:-1"},"canonical":"https:\/\/kavea-martinique.com\/?page_id=2836","og_locale":"fr_FR","og_type":"article","og_title":"C.G.V. - Kav\u00e9a | Cave \u00e0 vins et champagnes | Epicerie fine | Le Robert Martinique","og_description":"\u00c9diteur du site Soci\u00e9t\u00e9 : SARL Kav\u00e9aAdresse : Rue Jules Plancel&nbsp;&#8211; Quartier MansardeVille : 97231 Le RobertMontant du capital social : 5.000 \u20acNum\u00e9ro d&rsquo;inscription au registre du commerce et des soci\u00e9t\u00e9s : 92024505700012Num\u00e9ro TVA intracommunautaire :&nbsp;FR44920245057 Conception du site Soci\u00e9t\u00e9 :&nbsp; RM WEB 97 (the true web)Adresse :&nbsp; 9 Rue des colonnesVille : &nbsp;75001 PARISNum\u00e9ro [&hellip;]","og_url":"https:\/\/kavea-martinique.com\/?page_id=2836","og_site_name":"Kav\u00e9a | Cave \u00e0 vins et champagnes | Epicerie fine | Le Robert Martinique","article_modified_time":"2024-02-23T20:01:00+00:00","twitter_card":"summary_large_image","twitter_misc":{"Dur\u00e9e de lecture estim\u00e9e":"5 minutes"},"schema":{"@context":"https:\/\/schema.org","@graph":[{"@type":"WebPage","@id":"https:\/\/kavea-martinique.com\/?page_id=2836","url":"https:\/\/kavea-martinique.com\/?page_id=2836","name":"C.G.V. - Kav\u00e9a | Cave \u00e0 vins et champagnes | Epicerie fine | Le Robert Martinique","isPartOf":{"@id":"https:\/\/kavea-martinique.com\/#website"},"datePublished":"2022-12-05T18:46:28+00:00","dateModified":"2024-02-23T20:01:00+00:00","breadcrumb":{"@id":"https:\/\/kavea-martinique.com\/?page_id=2836#breadcrumb"},"inLanguage":"fr-FR","potentialAction":[{"@type":"ReadAction","target":["https:\/\/kavea-martinique.com\/?page_id=2836"]}]},{"@type":"BreadcrumbList","@id":"https:\/\/kavea-martinique.com\/?page_id=2836#breadcrumb","itemListElement":[{"@type":"ListItem","position":1,"name":"Accueil","item":"https:\/\/kavea-martinique.com\/"},{"@type":"ListItem","position":2,"name":"C.G.V."}]},{"@type":"WebSite","@id":"https:\/\/kavea-martinique.com\/#website","url":"https:\/\/kavea-martinique.com\/","name":"Kav\u00e9a | Cave \u00e0 vins et champagnes | Epicerie fine | Le Robert Martinique","description":"Cave \u00e0 vins \u00e9v\u00e8nementielle 100% Vignerons Ind\u00e9pendants \u00e9coresponsables. D\u00e9gustations sur mesure. Click &amp; Collect Livraison \u00e0 domicile","publisher":{"@id":"https:\/\/kavea-martinique.com\/#organization"},"potentialAction":[{"@type":"SearchAction","target":{"@type":"EntryPoint","urlTemplate":"https:\/\/kavea-martinique.com\/?s={search_term_string}"},"query-input":{"@type":"PropertyValueSpecification","valueRequired":true,"valueName":"search_term_string"}}],"inLanguage":"fr-FR"},{"@type":"Organization","@id":"https:\/\/kavea-martinique.com\/#organization","name":"Kav\u00e9a | Cave \u00e0 vins et champagnes | Epicerie fine | Le Robert Martinique","url":"https:\/\/kavea-martinique.com\/","logo":{"@type":"ImageObject","inLanguage":"fr-FR","@id":"https:\/\/kavea-martinique.com\/#\/schema\/logo\/image\/","url":"https:\/\/i0.wp.com\/kavea-martinique.com\/wp-content\/uploads\/2022\/10\/unnamed.png?fit=1280%2C382&ssl=1","contentUrl":"https:\/\/i0.wp.com\/kavea-martinique.com\/wp-content\/uploads\/2022\/10\/unnamed.png?fit=1280%2C382&ssl=1","width":1280,"height":382,"caption":"Kav\u00e9a | Cave \u00e0 vins et champagnes | Epicerie fine | Le Robert Martinique"},"image":{"@id":"https:\/\/kavea-martinique.com\/#\/schema\/logo\/image\/"},"sameAs":["https:\/\/www.instagram.com\/kaveamartinique\/?hl=fr"]}]}},"jetpack-related-posts":[{"id":2,"url":"https:\/\/kavea-martinique.com\/?page_id=2","url_meta":{"origin":2836,"position":0},"title":"Page d\u2019exemple","author":"admin6392","date":"29 septembre 2022","format":false,"excerpt":"Ceci est une page d\u2019exemple. C\u2019est diff\u00e9rent d\u2019un article de blog parce qu\u2019elle restera au m\u00eame endroit et appara\u00eetra dans la navigation de votre site (dans la plupart des th\u00e8mes). La plupart des gens commencent par une page \u00ab\u00a0\u00c0 propos\u00a0\u00bb qui les pr\u00e9sente aux personnes visitant le site. Cela pourrait\u2026","rel":"","context":"Article similaire","block_context":{"text":"Article similaire","link":""},"img":{"alt_text":"","src":"","width":0,"height":0},"classes":[]},{"id":3,"url":"https:\/\/kavea-martinique.com\/?page_id=3","url_meta":{"origin":2836,"position":1},"title":"Politique de confidentialit\u00e9","author":"admin6392","date":"29 septembre 2022","format":false,"excerpt":"Qui sommes-nous\u00a0? L\u2019adresse de notre site est : http:\/\/kavea-martinique.com\/ Commentaires Quand vous laissez un commentaire sur notre site, les donn\u00e9es inscrites dans le formulaire de commentaire, mais aussi votre adresse IP et l\u2019agent utilisateur de votre navigateur sont collect\u00e9s pour nous aider \u00e0 la d\u00e9tection des commentaires ind\u00e9sirables. Une cha\u00eene\u2026","rel":"","context":"Article similaire","block_context":{"text":"Article similaire","link":""},"img":{"alt_text":"","src":"","width":0,"height":0},"classes":[]},{"id":2305,"url":"https:\/\/kavea-martinique.com\/?page_id=2305","url_meta":{"origin":2836,"position":2},"title":"Contacts","author":"Marc-Olivier Renay","date":"18 juin 2018","format":false,"excerpt":"Contacts Rue Jules Plancel, 97231 Le Robert contact@kavea-martinique.com Marion : +596 696 04 01 49 Rapha\u00ebl : +596 696 11 24 31 Instagram Facebook Une question ? Nous vous r\u00e9pondons ! Inscrivez-vous \u00e0 notre newsletter ! Veuillez activer JavaScript dans votre navigateur pour remplir ce formulaire.Email * Soumettre","rel":"","context":"Article similaire","block_context":{"text":"Article similaire","link":""},"img":{"alt_text":"","src":"https:\/\/i0.wp.com\/kavea-martinique.com\/wp-content\/uploads\/2024\/02\/IMG_20230630_121132-225x300.jpg?resize=350%2C200&ssl=1","width":350,"height":200},"classes":[]}],"jetpack_sharing_enabled":true,"_links":{"self":[{"href":"https:\/\/kavea-martinique.com\/index.php?rest_route=\/wp\/v2\/pages\/2836","targetHints":{"allow":["GET"]}}],"collection":[{"href":"https:\/\/kavea-martinique.com\/index.php?rest_route=\/wp\/v2\/pages"}],"about":[{"href":"https:\/\/kavea-martinique.com\/index.php?rest_route=\/wp\/v2\/types\/page"}],"author":[{"embeddable":true,"href":"https:\/\/kavea-martinique.com\/index.php?rest_route=\/wp\/v2\/users\/2"}],"replies":[{"embeddable":true,"href":"https:\/\/kavea-martinique.com\/index.php?rest_route=%2Fwp%2Fv2%2Fcomments&post=2836"}],"version-history":[{"count":33,"href":"https:\/\/kavea-martinique.com\/index.php?rest_route=\/wp\/v2\/pages\/2836\/revisions"}],"predecessor-version":[{"id":4063,"href":"https:\/\/kavea-martinique.com\/index.php?rest_route=\/wp\/v2\/pages\/2836\/revisions\/4063"}],"wp:attachment":[{"href":"https:\/\/kavea-martinique.com\/index.php?rest_route=%2Fwp%2Fv2%2Fmedia&parent=2836"}],"curies":[{"name":"wp","href":"https:\/\/api.w.org\/{rel}","templated":true}]}}