{"id":97,"date":"2018-06-19T12:04:07","date_gmt":"2018-06-19T12:04:07","guid":{"rendered":"http:\/\/kavea-martinique.com\/?page_id=97"},"modified":"2023-02-02T16:22:42","modified_gmt":"2023-02-02T15:22:42","slug":"cart","status":"publish","type":"page","link":"https:\/\/kavea-martinique.com\/?page_id=97","title":{"rendered":"Cart"},"content":{"rendered":"\n<h5 class=\"wp-block-heading\">Livraison offerte \u00e0 partir de 250\u20ac d&rsquo;achat en Martinique !<\/h5>\n\n\n<div class=\"woocommerce\"><div class=\"woocommerce-notices-wrapper\"><\/div><div class=\"wc-empty-cart-message\">\n\t<div class=\"cart-empty woocommerce-info\" role=\"status\">\n\t\tVotre panier est actuellement vide.\t<\/div>\n<\/div>\t<p class=\"return-to-shop\">\n\t\t<a class=\"button wc-backward\" href=\"https:\/\/kavea-martinique.com\/?page_id=401\">\n\t\t\tRetour \u00e0 la boutique\t\t<\/a>\n\t<\/p>\n<\/div>\n","protected":false},"excerpt":{"rendered":"<p>Livraison offerte \u00e0 partir de 250\u20ac d&rsquo;achat en Martinique !<\/p>\n","protected":false},"author":2,"featured_media":0,"parent":0,"menu_order":0,"comment_status":"closed","ping_status":"closed","template":"","meta":{"site-sidebar-layout":"default","site-content-layout":"default","ast-site-content-layout":"","site-content-style":"default","site-sidebar-style":"default","ast-global-header-display":"","ast-banner-title-visibility":"","ast-main-header-display":"","ast-hfb-above-header-display":"","ast-hfb-below-header-display":"","ast-hfb-mobile-header-display":"","site-post-title":"disabled","ast-breadcrumbs-content":"","ast-featured-img":"disabled","footer-sml-layout":"","theme-transparent-header-meta":"default","adv-header-id-meta":"","stick-header-meta":"","header-above-stick-meta":"","header-main-stick-meta":"","header-below-stick-meta":"","astra-migrate-meta-layouts":"default","ast-page-background-enabled":"default","ast-page-background-meta":{"desktop":{"background-color":"","background-image":"","background-repeat":"repeat","background-position":"center center","background-size":"auto","background-attachment":"scroll","background-type":"","background-media":"","overlay-type":"","overlay-color":"","overlay-gradient":""},"tablet":{"background-color":"","background-image":"","background-repeat":"repeat","background-position":"center center","background-size":"auto","background-attachment":"scroll","background-type":"","background-media":"","overlay-type":"","overlay-color":"","overlay-gradient":""},"mobile":{"background-color":"","background-image":"","background-repeat":"repeat","background-position":"center center","background-size":"auto","background-attachment":"scroll","background-type":"","background-media":"","overlay-type":"","overlay-color":"","overlay-gradient":""}},"ast-content-background-meta":{"desktop":{"background-color":"var(--ast-global-color-5)","background-image":"","background-repeat":"repeat","background-position":"center center","background-size":"auto","background-attachment":"scroll","background-type":"","background-media":"","overlay-type":"","overlay-color":"","overlay-gradient":""},"tablet":{"background-color":"var(--ast-global-color-5)","background-image":"","background-repeat":"repeat","background-position":"center center","background-size":"auto","background-attachment":"scroll","background-type":"","background-media":"","overlay-type":"","overlay-color":"","overlay-gradient":""},"mobile":{"background-color":"var(--ast-global-color-5)","background-image":"","background-repeat":"repeat","background-position":"center center","background-size":"auto","background-attachment":"scroll","background-type":"","background-media":"","overlay-type":"","overlay-color":"","overlay-gradient":""}},"_themeisle_gutenberg_block_has_review":false,"footnotes":""},"class_list":["post-97","page","type-page","status-publish","hentry"],"featured_image_src":null,"yoast_head":"<!-- This site is optimized with the Yoast SEO plugin v27.4 - https:\/\/yoast.com\/product\/yoast-seo-wordpress\/ -->\n<title>Cart - Kav\u00e9a | Cave \u00e0 vins et champagnes | Epicerie fine | Le Robert Martinique<\/title>\n<meta name=\"robots\" content=\"index, follow, max-snippet:-1, max-image-preview:large, max-video-preview:-1\" \/>\n<link rel=\"canonical\" href=\"https:\/\/kavea-martinique.com\/?page_id=97\" \/>\n<meta property=\"og:locale\" content=\"fr_FR\" \/>\n<meta property=\"og:type\" content=\"article\" \/>\n<meta property=\"og:title\" content=\"Cart - Kav\u00e9a | Cave \u00e0 vins et champagnes | Epicerie fine | Le Robert Martinique\" \/>\n<meta property=\"og:description\" content=\"Livraison offerte \u00e0 partir de 250\u20ac d&rsquo;achat en Martinique !\" \/>\n<meta property=\"og:url\" content=\"https:\/\/kavea-martinique.com\/?page_id=97\" \/>\n<meta property=\"og:site_name\" content=\"Kav\u00e9a | Cave \u00e0 vins et champagnes | Epicerie fine | Le Robert Martinique\" \/>\n<meta property=\"article:modified_time\" content=\"2023-02-02T15:22:42+00:00\" \/>\n<meta name=\"twitter:card\" content=\"summary_large_image\" \/>\n<meta name=\"twitter:label1\" content=\"Dur\u00e9e de lecture estim\u00e9e\" \/>\n\t<meta name=\"twitter:data1\" content=\"1 minute\" \/>\n<script type=\"application\/ld+json\" class=\"yoast-schema-graph\">{\"@context\":\"https:\\\/\\\/schema.org\",\"@graph\":[{\"@type\":\"WebPage\",\"@id\":\"https:\\\/\\\/kavea-martinique.com\\\/?page_id=97\",\"url\":\"https:\\\/\\\/kavea-martinique.com\\\/?page_id=97\",\"name\":\"Cart - Kav\u00e9a | Cave \u00e0 vins et champagnes | Epicerie fine | Le Robert Martinique\",\"isPartOf\":{\"@id\":\"https:\\\/\\\/kavea-martinique.com\\\/#website\"},\"datePublished\":\"2018-06-19T12:04:07+00:00\",\"dateModified\":\"2023-02-02T15:22:42+00:00\",\"breadcrumb\":{\"@id\":\"https:\\\/\\\/kavea-martinique.com\\\/?page_id=97#breadcrumb\"},\"inLanguage\":\"fr-FR\",\"potentialAction\":[{\"@type\":\"ReadAction\",\"target\":[\"https:\\\/\\\/kavea-martinique.com\\\/?page_id=97\"]}]},{\"@type\":\"BreadcrumbList\",\"@id\":\"https:\\\/\\\/kavea-martinique.com\\\/?page_id=97#breadcrumb\",\"itemListElement\":[{\"@type\":\"ListItem\",\"position\":1,\"name\":\"Accueil\",\"item\":\"https:\\\/\\\/kavea-martinique.com\\\/\"},{\"@type\":\"ListItem\",\"position\":2,\"name\":\"Cart\"}]},{\"@type\":\"WebSite\",\"@id\":\"https:\\\/\\\/kavea-martinique.com\\\/#website\",\"url\":\"https:\\\/\\\/kavea-martinique.com\\\/\",\"name\":\"Kav\u00e9a | Cave \u00e0 vins et champagnes | Epicerie fine | Le Robert Martinique\",\"description\":\"Cave \u00e0 vins \u00e9v\u00e8nementielle 100% Vignerons Ind\u00e9pendants \u00e9coresponsables. D\u00e9gustations sur mesure. Click &amp; Collect Livraison \u00e0 domicile\",\"publisher\":{\"@id\":\"https:\\\/\\\/kavea-martinique.com\\\/#organization\"},\"potentialAction\":[{\"@type\":\"SearchAction\",\"target\":{\"@type\":\"EntryPoint\",\"urlTemplate\":\"https:\\\/\\\/kavea-martinique.com\\\/?s={search_term_string}\"},\"query-input\":{\"@type\":\"PropertyValueSpecification\",\"valueRequired\":true,\"valueName\":\"search_term_string\"}}],\"inLanguage\":\"fr-FR\"},{\"@type\":\"Organization\",\"@id\":\"https:\\\/\\\/kavea-martinique.com\\\/#organization\",\"name\":\"Kav\u00e9a | Cave \u00e0 vins et champagnes | Epicerie fine | Le Robert Martinique\",\"url\":\"https:\\\/\\\/kavea-martinique.com\\\/\",\"logo\":{\"@type\":\"ImageObject\",\"inLanguage\":\"fr-FR\",\"@id\":\"https:\\\/\\\/kavea-martinique.com\\\/#\\\/schema\\\/logo\\\/image\\\/\",\"url\":\"https:\\\/\\\/i0.wp.com\\\/kavea-martinique.com\\\/wp-content\\\/uploads\\\/2022\\\/10\\\/unnamed.png?fit=1280%2C382&ssl=1\",\"contentUrl\":\"https:\\\/\\\/i0.wp.com\\\/kavea-martinique.com\\\/wp-content\\\/uploads\\\/2022\\\/10\\\/unnamed.png?fit=1280%2C382&ssl=1\",\"width\":1280,\"height\":382,\"caption\":\"Kav\u00e9a | Cave \u00e0 vins et champagnes | Epicerie fine | Le Robert Martinique\"},\"image\":{\"@id\":\"https:\\\/\\\/kavea-martinique.com\\\/#\\\/schema\\\/logo\\\/image\\\/\"},\"sameAs\":[\"https:\\\/\\\/www.instagram.com\\\/kaveamartinique\\\/?hl=fr\"]}]}<\/script>\n<!-- \/ Yoast SEO plugin. -->","yoast_head_json":{"title":"Cart - Kav\u00e9a | Cave \u00e0 vins et champagnes | Epicerie fine | Le Robert Martinique","robots":{"index":"index","follow":"follow","max-snippet":"max-snippet:-1","max-image-preview":"max-image-preview:large","max-video-preview":"max-video-preview:-1"},"canonical":"https:\/\/kavea-martinique.com\/?page_id=97","og_locale":"fr_FR","og_type":"article","og_title":"Cart - Kav\u00e9a | Cave \u00e0 vins et champagnes | Epicerie fine | Le Robert Martinique","og_description":"Livraison offerte \u00e0 partir de 250\u20ac d&rsquo;achat en Martinique !","og_url":"https:\/\/kavea-martinique.com\/?page_id=97","og_site_name":"Kav\u00e9a | Cave \u00e0 vins et champagnes | Epicerie fine | Le Robert Martinique","article_modified_time":"2023-02-02T15:22:42+00:00","twitter_card":"summary_large_image","twitter_misc":{"Dur\u00e9e de lecture estim\u00e9e":"1 minute"},"schema":{"@context":"https:\/\/schema.org","@graph":[{"@type":"WebPage","@id":"https:\/\/kavea-martinique.com\/?page_id=97","url":"https:\/\/kavea-martinique.com\/?page_id=97","name":"Cart - Kav\u00e9a | Cave \u00e0 vins et champagnes | Epicerie fine | Le Robert Martinique","isPartOf":{"@id":"https:\/\/kavea-martinique.com\/#website"},"datePublished":"2018-06-19T12:04:07+00:00","dateModified":"2023-02-02T15:22:42+00:00","breadcrumb":{"@id":"https:\/\/kavea-martinique.com\/?page_id=97#breadcrumb"},"inLanguage":"fr-FR","potentialAction":[{"@type":"ReadAction","target":["https:\/\/kavea-martinique.com\/?page_id=97"]}]},{"@type":"BreadcrumbList","@id":"https:\/\/kavea-martinique.com\/?page_id=97#breadcrumb","itemListElement":[{"@type":"ListItem","position":1,"name":"Accueil","item":"https:\/\/kavea-martinique.com\/"},{"@type":"ListItem","position":2,"name":"Cart"}]},{"@type":"WebSite","@id":"https:\/\/kavea-martinique.com\/#website","url":"https:\/\/kavea-martinique.com\/","name":"Kav\u00e9a | Cave \u00e0 vins et champagnes | Epicerie fine | Le Robert Martinique","description":"Cave \u00e0 vins \u00e9v\u00e8nementielle 100% Vignerons Ind\u00e9pendants \u00e9coresponsables. D\u00e9gustations sur mesure. Click &amp; Collect Livraison \u00e0 domicile","publisher":{"@id":"https:\/\/kavea-martinique.com\/#organization"},"potentialAction":[{"@type":"SearchAction","target":{"@type":"EntryPoint","urlTemplate":"https:\/\/kavea-martinique.com\/?s={search_term_string}"},"query-input":{"@type":"PropertyValueSpecification","valueRequired":true,"valueName":"search_term_string"}}],"inLanguage":"fr-FR"},{"@type":"Organization","@id":"https:\/\/kavea-martinique.com\/#organization","name":"Kav\u00e9a | Cave \u00e0 vins et champagnes | Epicerie fine | Le Robert Martinique","url":"https:\/\/kavea-martinique.com\/","logo":{"@type":"ImageObject","inLanguage":"fr-FR","@id":"https:\/\/kavea-martinique.com\/#\/schema\/logo\/image\/","url":"https:\/\/i0.wp.com\/kavea-martinique.com\/wp-content\/uploads\/2022\/10\/unnamed.png?fit=1280%2C382&ssl=1","contentUrl":"https:\/\/i0.wp.com\/kavea-martinique.com\/wp-content\/uploads\/2022\/10\/unnamed.png?fit=1280%2C382&ssl=1","width":1280,"height":382,"caption":"Kav\u00e9a | Cave \u00e0 vins et champagnes | Epicerie fine | Le Robert Martinique"},"image":{"@id":"https:\/\/kavea-martinique.com\/#\/schema\/logo\/image\/"},"sameAs":["https:\/\/www.instagram.com\/kaveamartinique\/?hl=fr"]}]}},"jetpack-related-posts":[{"id":95,"url":"https:\/\/kavea-martinique.com\/","url_meta":{"origin":97,"position":0},"title":"Accueil","author":"Marc-Olivier Renay","date":"18 juin 2018","format":false,"excerpt":"La passion du vin avec Kav\u00e9a Une s\u00e9lection des meilleurs produits pour partager un bon plat ou un moment\u00a0de f\u00eate en famille ou\u00a0entre amis !\u00a0Vins 100% Vignerons Ind\u00e9pendants, tous issus de l'Agriculture Biologique\/Haute Valeur Environnementale\/Biodynamie.\u00a0Du producteur au consommateur, il n'y a qu'un choix : Kav\u00e9a ! Bienvenue dans votre cave\u2026","rel":"","context":"Article similaire","block_context":{"text":"Article similaire","link":""},"img":{"alt_text":"","src":"https:\/\/i0.wp.com\/kavea-martinique.com\/wp-content\/uploads\/2023\/03\/bloc-autopromo-1-247x300.jpg?resize=350%2C200&ssl=1","width":350,"height":200},"classes":[]},{"id":23,"url":"https:\/\/kavea-martinique.com\/?page_id=23","url_meta":{"origin":97,"position":1},"title":"Boutique","author":"admin6392","date":"3 octobre 2022","format":false,"excerpt":"","rel":"","context":"Article similaire","block_context":{"text":"Article similaire","link":""},"img":{"alt_text":"","src":"","width":0,"height":0},"classes":[]},{"id":24,"url":"https:\/\/kavea-martinique.com\/?page_id=24","url_meta":{"origin":97,"position":2},"title":"Panier","author":"admin6392","date":"3 octobre 2022","format":false,"excerpt":"","rel":"","context":"Article similaire","block_context":{"text":"Article similaire","link":""},"img":{"alt_text":"","src":"","width":0,"height":0},"classes":[]},{"id":26,"url":"https:\/\/kavea-martinique.com\/?page_id=26","url_meta":{"origin":97,"position":3},"title":"Mon compte","author":"admin6392","date":"3 octobre 2022","format":false,"excerpt":"","rel":"","context":"Article similaire","block_context":{"text":"Article similaire","link":""},"img":{"alt_text":"","src":"","width":0,"height":0},"classes":[]},{"id":25,"url":"https:\/\/kavea-martinique.com\/?page_id=25","url_meta":{"origin":97,"position":4},"title":"Validation de la commande","author":"admin6392","date":"3 octobre 2022","format":false,"excerpt":"","rel":"","context":"Article similaire","block_context":{"text":"Article similaire","link":""},"img":{"alt_text":"","src":"","width":0,"height":0},"classes":[]},{"id":98,"url":"https:\/\/kavea-martinique.com\/?page_id=98","url_meta":{"origin":97,"position":5},"title":"Checkout","author":"Marc-Olivier Renay","date":"19 juin 2018","format":false,"excerpt":"","rel":"","context":"Article similaire","block_context":{"text":"Article similaire","link":""},"img":{"alt_text":"","src":"","width":0,"height":0},"classes":[]}],"jetpack_sharing_enabled":true,"_links":{"self":[{"href":"https:\/\/kavea-martinique.com\/index.php?rest_route=\/wp\/v2\/pages\/97","targetHints":{"allow":["GET"]}}],"collection":[{"href":"https:\/\/kavea-martinique.com\/index.php?rest_route=\/wp\/v2\/pages"}],"about":[{"href":"https:\/\/kavea-martinique.com\/index.php?rest_route=\/wp\/v2\/types\/page"}],"author":[{"embeddable":true,"href":"https:\/\/kavea-martinique.com\/index.php?rest_route=\/wp\/v2\/users\/2"}],"replies":[{"embeddable":true,"href":"https:\/\/kavea-martinique.com\/index.php?rest_route=%2Fwp%2Fv2%2Fcomments&post=97"}],"version-history":[{"count":4,"href":"https:\/\/kavea-martinique.com\/index.php?rest_route=\/wp\/v2\/pages\/97\/revisions"}],"predecessor-version":[{"id":3513,"href":"https:\/\/kavea-martinique.com\/index.php?rest_route=\/wp\/v2\/pages\/97\/revisions\/3513"}],"wp:attachment":[{"href":"https:\/\/kavea-martinique.com\/index.php?rest_route=%2Fwp%2Fv2%2Fmedia&parent=97"}],"curies":[{"name":"wp","href":"https:\/\/api.w.org\/{rel}","templated":true}]}}