{"id":170,"date":"2018-06-19T13:45:22","date_gmt":"2018-06-19T11:45:22","guid":{"rendered":"http:\/\/kavea-martinique.com\/?product=motorcycle-repair-shop-dark-teal-printed-tshirt"},"modified":"2024-02-23T16:22:26","modified_gmt":"2024-02-23T20:22:26","slug":"maison-etienne-doue-brut-rose","status":"publish","type":"product","link":"https:\/\/kavea-martinique.com\/?product=maison-etienne-doue-brut-rose","title":{"rendered":"Champagne Etienne Dou\u00e9 Brut Ros\u00e9"},"content":{"rendered":"","protected":false},"excerpt":{"rendered":"<p><em><strong>C\u00e9page : <\/strong><\/em>60% Chardonnay, 40% Pinot Noir<br \/>\n<em><strong>Cuv\u00e9e : <\/strong><\/em>Ros\u00e9<br \/>\n<em><strong>Mill\u00e9sime :\u00a0<\/strong><\/em><br \/>\n<em><strong>Label : <\/strong><\/em>Haute Valeur Environnementale<br \/>\n<em><strong>Contenance :<\/strong><\/em>\u00a075 cl<br \/>\n<em><strong>Garde :<\/strong><\/em> 3 ans<br \/>\n<em><strong>Degr\u00e9s d\u2019alcool :<\/strong>\u00a0<\/em>12,5 \u00b0<br \/>\n<em><strong>Accords mets et vins : <\/strong><\/em>Dessert chocolat\u00e9<br \/>\n<em><strong>Temp\u00e9rature de service :<\/strong><\/em> 10 \u00b0<br \/>\n<em><strong>Robe : <\/strong><\/em>Corail clair aux reflets framboise<br \/>\n<em><strong>Nez : <\/strong><\/em>Roses, fraises des bois et framboises m\u00fbres<br \/>\n<em><strong>Bouche :<\/strong><\/em> Chair de fraise \u00e9cras\u00e9e<\/p>\n","protected":false},"featured_media":2530,"comment_status":"open","ping_status":"closed","template":"","meta":{"site-sidebar-layout":"default","site-content-layout":"default","ast-site-content-layout":"default","site-content-style":"default","site-sidebar-style":"default","ast-global-header-display":"","ast-banner-title-visibility":"","ast-main-header-display":"","ast-hfb-above-header-display":"","ast-hfb-below-header-display":"","ast-hfb-mobile-header-display":"","site-post-title":"","ast-breadcrumbs-content":"","ast-featured-img":"","footer-sml-layout":"","theme-transparent-header-meta":"default","adv-header-id-meta":"","stick-header-meta":"","header-above-stick-meta":"","header-main-stick-meta":"","header-below-stick-meta":"","astra-migrate-meta-layouts":"set","ast-page-background-enabled":"default","ast-page-background-meta":{"desktop":{"background-color":"","background-image":"","background-repeat":"repeat","background-position":"center center","background-size":"auto","background-attachment":"scroll","background-type":"","background-media":"","overlay-type":"","overlay-color":"","overlay-gradient":""},"tablet":{"background-color":"","background-image":"","background-repeat":"repeat","background-position":"center center","background-size":"auto","background-attachment":"scroll","background-type":"","background-media":"","overlay-type":"","overlay-color":"","overlay-gradient":""},"mobile":{"background-color":"","background-image":"","background-repeat":"repeat","background-position":"center center","background-size":"auto","background-attachment":"scroll","background-type":"","background-media":"","overlay-type":"","overlay-color":"","overlay-gradient":""}},"ast-content-background-meta":{"desktop":{"background-color":"var(--ast-global-color-5)","background-image":"","background-repeat":"repeat","background-position":"center center","background-size":"auto","background-attachment":"scroll","background-type":"","background-media":"","overlay-type":"","overlay-color":"","overlay-gradient":""},"tablet":{"background-color":"var(--ast-global-color-5)","background-image":"","background-repeat":"repeat","background-position":"center center","background-size":"auto","background-attachment":"scroll","background-type":"","background-media":"","overlay-type":"","overlay-color":"","overlay-gradient":""},"mobile":{"background-color":"var(--ast-global-color-5)","background-image":"","background-repeat":"repeat","background-position":"center center","background-size":"auto","background-attachment":"scroll","background-type":"","background-media":"","overlay-type":"","overlay-color":"","overlay-gradient":""}},"_themeisle_gutenberg_block_has_review":false},"product_brand":[],"product_cat":[23],"product_tag":[],"class_list":{"0":"post-170","1":"product","2":"type-product","3":"status-publish","4":"has-post-thumbnail","6":"product_cat-champagne-et-bulles","7":"desktop-align-left","8":"tablet-align-left","9":"mobile-align-left","11":"first","12":"instock","13":"featured","14":"shipping-taxable","15":"purchasable","16":"product-type-simple"},"yoast_head":"<!-- This site is optimized with the Yoast SEO plugin v27.5 - https:\/\/yoast.com\/product\/yoast-seo-wordpress\/ -->\n<title>Champagne Etienne Dou\u00e9 Brut Ros\u00e9 - Kav\u00e9a | Cave \u00e0 vins et champagnes | Epicerie fine | Le Robert Martinique<\/title>\n<meta name=\"robots\" content=\"index, follow, max-snippet:-1, max-image-preview:large, max-video-preview:-1\" \/>\n<link rel=\"canonical\" href=\"https:\/\/kavea-martinique.com\/?product=maison-etienne-doue-brut-rose\" \/>\n<meta property=\"og:locale\" content=\"fr_FR\" \/>\n<meta property=\"og:type\" content=\"article\" \/>\n<meta property=\"og:title\" content=\"Champagne Etienne Dou\u00e9 Brut Ros\u00e9 - Kav\u00e9a | Cave \u00e0 vins et champagnes | Epicerie fine | Le Robert Martinique\" \/>\n<meta property=\"og:description\" content=\"C\u00e9page : 60% Chardonnay, 40% Pinot Noir Cuv\u00e9e : Ros\u00e9 Mill\u00e9sime :\u00a0 Label : Haute Valeur Environnementale Contenance :\u00a075 cl Garde : 3 ans Degr\u00e9s d\u2019alcool :\u00a012,5 \u00b0 Accords mets et vins : Dessert chocolat\u00e9 Temp\u00e9rature de service : 10 \u00b0 Robe : Corail clair aux reflets framboise Nez : Roses, fraises des bois et framboises m\u00fbres Bouche : Chair de fraise \u00e9cras\u00e9e\" \/>\n<meta property=\"og:url\" content=\"https:\/\/kavea-martinique.com\/?product=maison-etienne-doue-brut-rose\" \/>\n<meta property=\"og:site_name\" content=\"Kav\u00e9a | Cave \u00e0 vins et champagnes | Epicerie fine | Le Robert Martinique\" \/>\n<meta property=\"article:modified_time\" content=\"2024-02-23T20:22:26+00:00\" \/>\n<meta property=\"og:image\" content=\"https:\/\/kavea-martinique.com\/wp-content\/uploads\/2018\/06\/Etienne-Doue-Brut-Rose-e1669839387812.png\" \/>\n\t<meta property=\"og:image:width\" content=\"387\" \/>\n\t<meta property=\"og:image:height\" content=\"645\" \/>\n\t<meta property=\"og:image:type\" content=\"image\/png\" \/>\n<meta name=\"twitter:card\" content=\"summary_large_image\" \/>\n<meta name=\"twitter:label1\" content=\"Dur\u00e9e de lecture estim\u00e9e\" \/>\n\t<meta name=\"twitter:data1\" content=\"1 minute\" \/>\n<script type=\"application\/ld+json\" class=\"yoast-schema-graph\">{\"@context\":\"https:\\\/\\\/schema.org\",\"@graph\":[{\"@type\":\"WebPage\",\"@id\":\"https:\\\/\\\/kavea-martinique.com\\\/?product=maison-etienne-doue-brut-rose\",\"url\":\"https:\\\/\\\/kavea-martinique.com\\\/?product=maison-etienne-doue-brut-rose\",\"name\":\"Champagne Etienne Dou\u00e9 Brut Ros\u00e9 - Kav\u00e9a | Cave \u00e0 vins et champagnes | Epicerie fine | Le Robert Martinique\",\"isPartOf\":{\"@id\":\"https:\\\/\\\/kavea-martinique.com\\\/#website\"},\"primaryImageOfPage\":{\"@id\":\"https:\\\/\\\/kavea-martinique.com\\\/?product=maison-etienne-doue-brut-rose#primaryimage\"},\"image\":{\"@id\":\"https:\\\/\\\/kavea-martinique.com\\\/?product=maison-etienne-doue-brut-rose#primaryimage\"},\"thumbnailUrl\":\"https:\\\/\\\/i0.wp.com\\\/kavea-martinique.com\\\/wp-content\\\/uploads\\\/2018\\\/06\\\/Etienne-Doue-Brut-Rose-e1669839387812.png?fit=387%2C645&ssl=1\",\"datePublished\":\"2018-06-19T11:45:22+00:00\",\"dateModified\":\"2024-02-23T20:22:26+00:00\",\"breadcrumb\":{\"@id\":\"https:\\\/\\\/kavea-martinique.com\\\/?product=maison-etienne-doue-brut-rose#breadcrumb\"},\"inLanguage\":\"fr-FR\",\"potentialAction\":[{\"@type\":\"ReadAction\",\"target\":[\"https:\\\/\\\/kavea-martinique.com\\\/?product=maison-etienne-doue-brut-rose\"]}]},{\"@type\":\"ImageObject\",\"inLanguage\":\"fr-FR\",\"@id\":\"https:\\\/\\\/kavea-martinique.com\\\/?product=maison-etienne-doue-brut-rose#primaryimage\",\"url\":\"https:\\\/\\\/i0.wp.com\\\/kavea-martinique.com\\\/wp-content\\\/uploads\\\/2018\\\/06\\\/Etienne-Doue-Brut-Rose-e1669839387812.png?fit=387%2C645&ssl=1\",\"contentUrl\":\"https:\\\/\\\/i0.wp.com\\\/kavea-martinique.com\\\/wp-content\\\/uploads\\\/2018\\\/06\\\/Etienne-Doue-Brut-Rose-e1669839387812.png?fit=387%2C645&ssl=1\",\"width\":387,\"height\":645},{\"@type\":\"BreadcrumbList\",\"@id\":\"https:\\\/\\\/kavea-martinique.com\\\/?product=maison-etienne-doue-brut-rose#breadcrumb\",\"itemListElement\":[{\"@type\":\"ListItem\",\"position\":1,\"name\":\"Accueil\",\"item\":\"https:\\\/\\\/kavea-martinique.com\\\/\"},{\"@type\":\"ListItem\",\"position\":2,\"name\":\"Shop\",\"item\":\"https:\\\/\\\/kavea-martinique.com\\\/?page_id=401\"},{\"@type\":\"ListItem\",\"position\":3,\"name\":\"Champagne Etienne Dou\u00e9 Brut Ros\u00e9\"}]},{\"@type\":\"WebSite\",\"@id\":\"https:\\\/\\\/kavea-martinique.com\\\/#website\",\"url\":\"https:\\\/\\\/kavea-martinique.com\\\/\",\"name\":\"Kav\u00e9a | Cave \u00e0 vins et champagnes | Epicerie fine | Le Robert Martinique\",\"description\":\"Cave \u00e0 vins \u00e9v\u00e8nementielle 100% Vignerons Ind\u00e9pendants \u00e9coresponsables. D\u00e9gustations sur mesure. Click &amp; Collect Livraison \u00e0 domicile\",\"publisher\":{\"@id\":\"https:\\\/\\\/kavea-martinique.com\\\/#organization\"},\"potentialAction\":[{\"@type\":\"SearchAction\",\"target\":{\"@type\":\"EntryPoint\",\"urlTemplate\":\"https:\\\/\\\/kavea-martinique.com\\\/?s={search_term_string}\"},\"query-input\":{\"@type\":\"PropertyValueSpecification\",\"valueRequired\":true,\"valueName\":\"search_term_string\"}}],\"inLanguage\":\"fr-FR\"},{\"@type\":\"Organization\",\"@id\":\"https:\\\/\\\/kavea-martinique.com\\\/#organization\",\"name\":\"Kav\u00e9a | Cave \u00e0 vins et champagnes | Epicerie fine | Le Robert Martinique\",\"url\":\"https:\\\/\\\/kavea-martinique.com\\\/\",\"logo\":{\"@type\":\"ImageObject\",\"inLanguage\":\"fr-FR\",\"@id\":\"https:\\\/\\\/kavea-martinique.com\\\/#\\\/schema\\\/logo\\\/image\\\/\",\"url\":\"https:\\\/\\\/i0.wp.com\\\/kavea-martinique.com\\\/wp-content\\\/uploads\\\/2022\\\/10\\\/unnamed.png?fit=1280%2C382&ssl=1\",\"contentUrl\":\"https:\\\/\\\/i0.wp.com\\\/kavea-martinique.com\\\/wp-content\\\/uploads\\\/2022\\\/10\\\/unnamed.png?fit=1280%2C382&ssl=1\",\"width\":1280,\"height\":382,\"caption\":\"Kav\u00e9a | Cave \u00e0 vins et champagnes | Epicerie fine | Le Robert Martinique\"},\"image\":{\"@id\":\"https:\\\/\\\/kavea-martinique.com\\\/#\\\/schema\\\/logo\\\/image\\\/\"},\"sameAs\":[\"https:\\\/\\\/www.instagram.com\\\/kaveamartinique\\\/?hl=fr\"]}]}<\/script>\n<!-- \/ Yoast SEO plugin. -->","yoast_head_json":{"title":"Champagne Etienne Dou\u00e9 Brut Ros\u00e9 - Kav\u00e9a | Cave \u00e0 vins et champagnes | Epicerie fine | Le Robert Martinique","robots":{"index":"index","follow":"follow","max-snippet":"max-snippet:-1","max-image-preview":"max-image-preview:large","max-video-preview":"max-video-preview:-1"},"canonical":"https:\/\/kavea-martinique.com\/?product=maison-etienne-doue-brut-rose","og_locale":"fr_FR","og_type":"article","og_title":"Champagne Etienne Dou\u00e9 Brut Ros\u00e9 - Kav\u00e9a | Cave \u00e0 vins et champagnes | Epicerie fine | Le Robert Martinique","og_description":"C\u00e9page : 60% Chardonnay, 40% Pinot Noir Cuv\u00e9e : Ros\u00e9 Mill\u00e9sime :\u00a0 Label : Haute Valeur Environnementale Contenance :\u00a075 cl Garde : 3 ans Degr\u00e9s d\u2019alcool :\u00a012,5 \u00b0 Accords mets et vins : Dessert chocolat\u00e9 Temp\u00e9rature de service : 10 \u00b0 Robe : Corail clair aux reflets framboise Nez : Roses, fraises des bois et framboises m\u00fbres Bouche : Chair de fraise \u00e9cras\u00e9e","og_url":"https:\/\/kavea-martinique.com\/?product=maison-etienne-doue-brut-rose","og_site_name":"Kav\u00e9a | Cave \u00e0 vins et champagnes | Epicerie fine | Le Robert Martinique","article_modified_time":"2024-02-23T20:22:26+00:00","og_image":[{"width":387,"height":645,"url":"https:\/\/kavea-martinique.com\/wp-content\/uploads\/2018\/06\/Etienne-Doue-Brut-Rose-e1669839387812.png","type":"image\/png"}],"twitter_card":"summary_large_image","twitter_misc":{"Dur\u00e9e de lecture estim\u00e9e":"1 minute"},"schema":{"@context":"https:\/\/schema.org","@graph":[{"@type":"WebPage","@id":"https:\/\/kavea-martinique.com\/?product=maison-etienne-doue-brut-rose","url":"https:\/\/kavea-martinique.com\/?product=maison-etienne-doue-brut-rose","name":"Champagne Etienne Dou\u00e9 Brut Ros\u00e9 - Kav\u00e9a | Cave \u00e0 vins et champagnes | Epicerie fine | Le Robert Martinique","isPartOf":{"@id":"https:\/\/kavea-martinique.com\/#website"},"primaryImageOfPage":{"@id":"https:\/\/kavea-martinique.com\/?product=maison-etienne-doue-brut-rose#primaryimage"},"image":{"@id":"https:\/\/kavea-martinique.com\/?product=maison-etienne-doue-brut-rose#primaryimage"},"thumbnailUrl":"https:\/\/i0.wp.com\/kavea-martinique.com\/wp-content\/uploads\/2018\/06\/Etienne-Doue-Brut-Rose-e1669839387812.png?fit=387%2C645&ssl=1","datePublished":"2018-06-19T11:45:22+00:00","dateModified":"2024-02-23T20:22:26+00:00","breadcrumb":{"@id":"https:\/\/kavea-martinique.com\/?product=maison-etienne-doue-brut-rose#breadcrumb"},"inLanguage":"fr-FR","potentialAction":[{"@type":"ReadAction","target":["https:\/\/kavea-martinique.com\/?product=maison-etienne-doue-brut-rose"]}]},{"@type":"ImageObject","inLanguage":"fr-FR","@id":"https:\/\/kavea-martinique.com\/?product=maison-etienne-doue-brut-rose#primaryimage","url":"https:\/\/i0.wp.com\/kavea-martinique.com\/wp-content\/uploads\/2018\/06\/Etienne-Doue-Brut-Rose-e1669839387812.png?fit=387%2C645&ssl=1","contentUrl":"https:\/\/i0.wp.com\/kavea-martinique.com\/wp-content\/uploads\/2018\/06\/Etienne-Doue-Brut-Rose-e1669839387812.png?fit=387%2C645&ssl=1","width":387,"height":645},{"@type":"BreadcrumbList","@id":"https:\/\/kavea-martinique.com\/?product=maison-etienne-doue-brut-rose#breadcrumb","itemListElement":[{"@type":"ListItem","position":1,"name":"Accueil","item":"https:\/\/kavea-martinique.com\/"},{"@type":"ListItem","position":2,"name":"Shop","item":"https:\/\/kavea-martinique.com\/?page_id=401"},{"@type":"ListItem","position":3,"name":"Champagne Etienne Dou\u00e9 Brut Ros\u00e9"}]},{"@type":"WebSite","@id":"https:\/\/kavea-martinique.com\/#website","url":"https:\/\/kavea-martinique.com\/","name":"Kav\u00e9a | Cave \u00e0 vins et champagnes | Epicerie fine | Le Robert Martinique","description":"Cave \u00e0 vins \u00e9v\u00e8nementielle 100% Vignerons Ind\u00e9pendants \u00e9coresponsables. D\u00e9gustations sur mesure. Click &amp; Collect Livraison \u00e0 domicile","publisher":{"@id":"https:\/\/kavea-martinique.com\/#organization"},"potentialAction":[{"@type":"SearchAction","target":{"@type":"EntryPoint","urlTemplate":"https:\/\/kavea-martinique.com\/?s={search_term_string}"},"query-input":{"@type":"PropertyValueSpecification","valueRequired":true,"valueName":"search_term_string"}}],"inLanguage":"fr-FR"},{"@type":"Organization","@id":"https:\/\/kavea-martinique.com\/#organization","name":"Kav\u00e9a | Cave \u00e0 vins et champagnes | Epicerie fine | Le Robert Martinique","url":"https:\/\/kavea-martinique.com\/","logo":{"@type":"ImageObject","inLanguage":"fr-FR","@id":"https:\/\/kavea-martinique.com\/#\/schema\/logo\/image\/","url":"https:\/\/i0.wp.com\/kavea-martinique.com\/wp-content\/uploads\/2022\/10\/unnamed.png?fit=1280%2C382&ssl=1","contentUrl":"https:\/\/i0.wp.com\/kavea-martinique.com\/wp-content\/uploads\/2022\/10\/unnamed.png?fit=1280%2C382&ssl=1","width":1280,"height":382,"caption":"Kav\u00e9a | Cave \u00e0 vins et champagnes | Epicerie fine | Le Robert Martinique"},"image":{"@id":"https:\/\/kavea-martinique.com\/#\/schema\/logo\/image\/"},"sameAs":["https:\/\/www.instagram.com\/kaveamartinique\/?hl=fr"]}]}},"jetpack-related-posts":[{"id":3988,"url":"https:\/\/kavea-martinique.com\/?product=r-de-rambaud-bordeaux-rose","url_meta":{"origin":170,"position":0},"title":"Vignobles Mouty, R de Rambaud &#8211; Bordeaux ros\u00e9","author":"admin6392","date":"22 f\u00e9vrier 2024","format":false,"excerpt":"C\u00e9page : 60% Merlot, 40% Cabernet Sauvignon Cuv\u00e9e : R de Rambaud Mill\u00e9sime :\u00a0 2022 Label : Agriculture Biologique Contenance : 75 cl Garde :\u00a0 2 ans Degr\u00e9s d\u2019alcool :\u00a0\u00a013\u00b0 Accords mets et vins : ap\u00e9ritif dinatoire, poisson grill\u00e9 \u00e0 la plancha Temp\u00e9rature de service :\u00a0 8\u00b0 Robe : rose\u2026","rel":"","context":"Article similaire","block_context":{"text":"Article similaire","link":""},"img":{"alt_text":"","src":"https:\/\/i0.wp.com\/kavea-martinique.com\/wp-content\/uploads\/2024\/02\/r-de-rambaud.jpg?fit=800%2C800&ssl=1&resize=350%2C200","width":350,"height":200,"srcset":"https:\/\/i0.wp.com\/kavea-martinique.com\/wp-content\/uploads\/2024\/02\/r-de-rambaud.jpg?fit=800%2C800&ssl=1&resize=350%2C200 1x, https:\/\/i0.wp.com\/kavea-martinique.com\/wp-content\/uploads\/2024\/02\/r-de-rambaud.jpg?fit=800%2C800&ssl=1&resize=525%2C300 1.5x, https:\/\/i0.wp.com\/kavea-martinique.com\/wp-content\/uploads\/2024\/02\/r-de-rambaud.jpg?fit=800%2C800&ssl=1&resize=700%2C400 2x"},"classes":[]},{"id":2898,"url":"https:\/\/kavea-martinique.com\/?product=domaine-du-haut-montlong-monbazillac","url_meta":{"origin":170,"position":1},"title":"Domaine Les Luquettes &#8211; Mont-Caume","author":"Marc-Olivier Renay","date":"7 d\u00e9cembre 2022","format":false,"excerpt":"C\u00e9page : 50% Cinsault, 50% Grenache Mill\u00e9sime : Label :\u00a0Agriculture Biologique et Haute Valeur Environnementale Contenance : 75 cl Garde : 2 ans Degr\u00e9s d'alcool : 13 \u00b0 Accords mets et vins : A l'ap\u00e9ro avec des copines Temp\u00e9rature de service : 10 \u00b0 Robe : Rose p\u00e2le Nez :\u2026","rel":"","context":"Article similaire","block_context":{"text":"Article similaire","link":""},"img":{"alt_text":"","src":"https:\/\/i0.wp.com\/kavea-martinique.com\/wp-content\/uploads\/2022\/12\/lqqsah2LQYeMoU0rAt28TA_pb_600x600.png?fit=600%2C600&ssl=1&resize=350%2C200","width":350,"height":200,"srcset":"https:\/\/i0.wp.com\/kavea-martinique.com\/wp-content\/uploads\/2022\/12\/lqqsah2LQYeMoU0rAt28TA_pb_600x600.png?fit=600%2C600&ssl=1&resize=350%2C200 1x, https:\/\/i0.wp.com\/kavea-martinique.com\/wp-content\/uploads\/2022\/12\/lqqsah2LQYeMoU0rAt28TA_pb_600x600.png?fit=600%2C600&ssl=1&resize=525%2C300 1.5x"},"classes":[]},{"id":2407,"url":"https:\/\/kavea-martinique.com\/?product=la-meuliere-chablis","url_meta":{"origin":170,"position":2},"title":"Domaine La Meuliere &#8211; Chablis","author":"Marc-Olivier Renay","date":"26 octobre 2022","format":false,"excerpt":"C\u00e9page : 100% Chardonnay Cuv\u00e9e :\u00a0 Mill\u00e9sime : 2021 Label : Haute Valeur Environnementale Contenance : 75 cl Garde : 5 ans Degr\u00e9s d'alcool : 14 \u00b0 Accords mets et vins : Tartare de thon \"aller\/retour\" Temp\u00e9rature de service : 12 \u00b0 Robe : Or vert limpide Nez : Frais\u2026","rel":"","context":"Article similaire","block_context":{"text":"Article similaire","link":""},"img":{"alt_text":"","src":"https:\/\/i0.wp.com\/kavea-martinique.com\/wp-content\/uploads\/2022\/10\/La-Meuliere-Chablis-1.png?fit=387%2C645&ssl=1&resize=350%2C200","width":350,"height":200},"classes":[]},{"id":2879,"url":"https:\/\/kavea-martinique.com\/?product=domaine-olivier-hillaire-cotes-du-rhone","url_meta":{"origin":170,"position":3},"title":"Domaine Olivier Hillaire &#8211; C\u00f4tes du Rh\u00f4ne","author":"Marc-Olivier Renay","date":"7 d\u00e9cembre 2022","format":false,"excerpt":"C\u00e9page : 60 % Grenache et 40 % Syrah Cuv\u00e9e : Vieilles Vignes Mill\u00e9sime : 2021 Label : Haute Valeur Environnementale Contenance : 75 cl Garde : 4 ans Degr\u00e9s d'alcool : 14,5\u00b0 Accords mets et vins : Fricass\u00e9 de lambi Temp\u00e9rature de service : 16\u00b0 Robe : Rouge Rubis\u2026","rel":"","context":"Article similaire","block_context":{"text":"Article similaire","link":""},"img":{"alt_text":"","src":"https:\/\/i0.wp.com\/kavea-martinique.com\/wp-content\/uploads\/2022\/12\/Olivier-Hillaire-Cotes-du-Rhone-2020.png?fit=750%2C1125&ssl=1&resize=350%2C200","width":350,"height":200,"srcset":"https:\/\/i0.wp.com\/kavea-martinique.com\/wp-content\/uploads\/2022\/12\/Olivier-Hillaire-Cotes-du-Rhone-2020.png?fit=750%2C1125&ssl=1&resize=350%2C200 1x, https:\/\/i0.wp.com\/kavea-martinique.com\/wp-content\/uploads\/2022\/12\/Olivier-Hillaire-Cotes-du-Rhone-2020.png?fit=750%2C1125&ssl=1&resize=525%2C300 1.5x, https:\/\/i0.wp.com\/kavea-martinique.com\/wp-content\/uploads\/2022\/12\/Olivier-Hillaire-Cotes-du-Rhone-2020.png?fit=750%2C1125&ssl=1&resize=700%2C400 2x"},"classes":[]},{"id":2885,"url":"https:\/\/kavea-martinique.com\/?product=domaine-olivier-hillaire-chateauneuf-du-pape","url_meta":{"origin":170,"position":4},"title":"Domaine Olivier Hillaire &#8211; Ch\u00e2teauneuf-du-Pape","author":"Marc-Olivier Renay","date":"7 d\u00e9cembre 2022","format":false,"excerpt":"C\u00e9page : 90 % Grenache et 10 % Syrah Cuv\u00e9e : Domaine O. Hillaire Mill\u00e9sime : 2020 Label : Agriculture Biologique Contenance : 75 cl Garde : 10 ans Degr\u00e9s d'alcool : 15 \u00b0 Accords mets et vins : Magret de canard au piment Temp\u00e9rature de service : 16\u00b0 Robe\u2026","rel":"","context":"Article similaire","block_context":{"text":"Article similaire","link":""},"img":{"alt_text":"","src":"https:\/\/i0.wp.com\/kavea-martinique.com\/wp-content\/uploads\/2022\/12\/Olivier-Hillaire-Chateauneuf-du-Pape-2020.png?fit=750%2C1125&ssl=1&resize=350%2C200","width":350,"height":200,"srcset":"https:\/\/i0.wp.com\/kavea-martinique.com\/wp-content\/uploads\/2022\/12\/Olivier-Hillaire-Chateauneuf-du-Pape-2020.png?fit=750%2C1125&ssl=1&resize=350%2C200 1x, https:\/\/i0.wp.com\/kavea-martinique.com\/wp-content\/uploads\/2022\/12\/Olivier-Hillaire-Chateauneuf-du-Pape-2020.png?fit=750%2C1125&ssl=1&resize=525%2C300 1.5x, https:\/\/i0.wp.com\/kavea-martinique.com\/wp-content\/uploads\/2022\/12\/Olivier-Hillaire-Chateauneuf-du-Pape-2020.png?fit=750%2C1125&ssl=1&resize=700%2C400 2x"},"classes":[]},{"id":2394,"url":"https:\/\/kavea-martinique.com\/?product=fritz-gewurstraminer","url_meta":{"origin":170,"position":5},"title":"Domaine Fritz &#8211; Alsace Gewurztraminer","author":"Marc-Olivier Renay","date":"26 octobre 2022","format":false,"excerpt":"C\u00e9page : Gewurztraminer Cuv\u00e9e : Affenberg Mill\u00e9sime : 2021 Label : Agriculture Biologique et Haute Valeur Environnementale Contenance :\u00a075 cl Garde : 6 ans Degr\u00e9s d\u2019alcool :\u00a013 \u00b0 Accords mets et vins : Foie gras, fromages puissants Temp\u00e9rature de service : 8 \u00b0 Robe :\u00a0Jaune Brillant Nez : Rose et\u2026","rel":"","context":"Article similaire","block_context":{"text":"Article similaire","link":""},"img":{"alt_text":"","src":"https:\/\/i0.wp.com\/kavea-martinique.com\/wp-content\/uploads\/2022\/10\/affenberg-Gewurz.jpg?fit=676%2C1200&ssl=1&resize=350%2C200","width":350,"height":200,"srcset":"https:\/\/i0.wp.com\/kavea-martinique.com\/wp-content\/uploads\/2022\/10\/affenberg-Gewurz.jpg?fit=676%2C1200&ssl=1&resize=350%2C200 1x, https:\/\/i0.wp.com\/kavea-martinique.com\/wp-content\/uploads\/2022\/10\/affenberg-Gewurz.jpg?fit=676%2C1200&ssl=1&resize=525%2C300 1.5x"},"classes":[]}],"jetpack_sharing_enabled":true,"_links":{"self":[{"href":"https:\/\/kavea-martinique.com\/index.php?rest_route=\/wp\/v2\/product\/170","targetHints":{"allow":["GET"]}}],"collection":[{"href":"https:\/\/kavea-martinique.com\/index.php?rest_route=\/wp\/v2\/product"}],"about":[{"href":"https:\/\/kavea-martinique.com\/index.php?rest_route=\/wp\/v2\/types\/product"}],"replies":[{"embeddable":true,"href":"https:\/\/kavea-martinique.com\/index.php?rest_route=%2Fwp%2Fv2%2Fcomments&post=170"}],"wp:featuredmedia":[{"embeddable":true,"href":"https:\/\/kavea-martinique.com\/index.php?rest_route=\/wp\/v2\/media\/2530"}],"wp:attachment":[{"href":"https:\/\/kavea-martinique.com\/index.php?rest_route=%2Fwp%2Fv2%2Fmedia&parent=170"}],"wp:term":[{"taxonomy":"product_brand","embeddable":true,"href":"https:\/\/kavea-martinique.com\/index.php?rest_route=%2Fwp%2Fv2%2Fproduct_brand&post=170"},{"taxonomy":"product_cat","embeddable":true,"href":"https:\/\/kavea-martinique.com\/index.php?rest_route=%2Fwp%2Fv2%2Fproduct_cat&post=170"},{"taxonomy":"product_tag","embeddable":true,"href":"https:\/\/kavea-martinique.com\/index.php?rest_route=%2Fwp%2Fv2%2Fproduct_tag&post=170"}],"curies":[{"name":"wp","href":"https:\/\/api.w.org\/{rel}","templated":true}]}}