{"id":2407,"date":"2022-10-26T16:50:12","date_gmt":"2022-10-26T14:50:12","guid":{"rendered":"http:\/\/kavea-martinique.com\/?post_type=product&#038;p=2407"},"modified":"2024-02-21T18:54:03","modified_gmt":"2024-02-21T22:54:03","slug":"la-meuliere-chablis","status":"publish","type":"product","link":"https:\/\/kavea-martinique.com\/?product=la-meuliere-chablis","title":{"rendered":"Domaine La Meuliere &#8211; Chablis"},"content":{"rendered":"","protected":false},"excerpt":{"rendered":"<p><em><strong>C\u00e9page :<\/strong><\/em> 100% Chardonnay<br \/>\n<em><strong>Cuv\u00e9e :\u00a0<\/strong><\/em><br \/>\n<em><strong>Mill\u00e9sime : <\/strong><\/em>2021<br \/>\n<em><strong>Label : <\/strong><\/em>Haute Valeur Environnementale<br \/>\n<em><strong>Contenance :<\/strong><\/em> 75 cl<br \/>\n<em><strong>Garde :<\/strong><\/em> 5 ans<br \/>\n<em><strong>Degr\u00e9s d&rsquo;alcool :<\/strong> <\/em>14 \u00b0<br \/>\n<em><strong>Accords mets et vins : <\/strong><\/em> Tartare de thon \u00ab\u00a0aller\/retour\u00a0\u00bb<br \/>\n<em><strong>Temp\u00e9rature de service :<\/strong><\/em> 12 \u00b0<br \/>\n<em><strong>Robe : <\/strong><\/em>Or vert limpide<br \/>\n<em><strong>Nez : <\/strong><\/em>Frais et l\u00e9ger<br \/>\n<em><strong>Bouche :<\/strong><\/em> Franche et limpide<\/p>\n","protected":false},"featured_media":2542,"comment_status":"open","ping_status":"closed","template":"","meta":{"site-sidebar-layout":"default","site-content-layout":"default","ast-site-content-layout":"default","site-content-style":"default","site-sidebar-style":"default","ast-global-header-display":"","ast-banner-title-visibility":"","ast-main-header-display":"","ast-hfb-above-header-display":"","ast-hfb-below-header-display":"","ast-hfb-mobile-header-display":"","site-post-title":"","ast-breadcrumbs-content":"","ast-featured-img":"","footer-sml-layout":"","theme-transparent-header-meta":"default","adv-header-id-meta":"","stick-header-meta":"","header-above-stick-meta":"","header-main-stick-meta":"","header-below-stick-meta":"","astra-migrate-meta-layouts":"set","ast-page-background-enabled":"default","ast-page-background-meta":{"desktop":{"background-color":"","background-image":"","background-repeat":"repeat","background-position":"center center","background-size":"auto","background-attachment":"scroll","background-type":"","background-media":"","overlay-type":"","overlay-color":"","overlay-gradient":""},"tablet":{"background-color":"","background-image":"","background-repeat":"repeat","background-position":"center center","background-size":"auto","background-attachment":"scroll","background-type":"","background-media":"","overlay-type":"","overlay-color":"","overlay-gradient":""},"mobile":{"background-color":"","background-image":"","background-repeat":"repeat","background-position":"center center","background-size":"auto","background-attachment":"scroll","background-type":"","background-media":"","overlay-type":"","overlay-color":"","overlay-gradient":""}},"ast-content-background-meta":{"desktop":{"background-color":"var(--ast-global-color-5)","background-image":"","background-repeat":"repeat","background-position":"center center","background-size":"auto","background-attachment":"scroll","background-type":"","background-media":"","overlay-type":"","overlay-color":"","overlay-gradient":""},"tablet":{"background-color":"var(--ast-global-color-5)","background-image":"","background-repeat":"repeat","background-position":"center center","background-size":"auto","background-attachment":"scroll","background-type":"","background-media":"","overlay-type":"","overlay-color":"","overlay-gradient":""},"mobile":{"background-color":"var(--ast-global-color-5)","background-image":"","background-repeat":"repeat","background-position":"center center","background-size":"auto","background-attachment":"scroll","background-type":"","background-media":"","overlay-type":"","overlay-color":"","overlay-gradient":""}},"_themeisle_gutenberg_block_has_review":false},"product_brand":[],"product_cat":[40,20],"product_tag":[],"class_list":{"0":"post-2407","1":"product","2":"type-product","3":"status-publish","4":"has-post-thumbnail","6":"product_cat-bourgogne","7":"product_cat-vin-blancs-et-roses","8":"desktop-align-left","9":"tablet-align-left","10":"mobile-align-left","12":"first","13":"instock","14":"shipping-taxable","15":"purchasable","16":"product-type-simple"},"yoast_head":"<!-- This site is optimized with the Yoast SEO plugin v27.4 - https:\/\/yoast.com\/product\/yoast-seo-wordpress\/ -->\n<title>Domaine La Meuliere - Chablis - Kav\u00e9a | Cave \u00e0 vins et champagnes | Epicerie fine | Le Robert Martinique<\/title>\n<meta name=\"robots\" content=\"index, follow, max-snippet:-1, max-image-preview:large, max-video-preview:-1\" \/>\n<link rel=\"canonical\" href=\"https:\/\/kavea-martinique.com\/?product=la-meuliere-chablis\" \/>\n<meta property=\"og:locale\" content=\"fr_FR\" \/>\n<meta property=\"og:type\" content=\"article\" \/>\n<meta property=\"og:title\" content=\"Domaine La Meuliere - Chablis - Kav\u00e9a | Cave \u00e0 vins et champagnes | Epicerie fine | Le Robert Martinique\" \/>\n<meta property=\"og:description\" content=\"C\u00e9page : 100% Chardonnay Cuv\u00e9e :\u00a0 Mill\u00e9sime : 2021 Label : Haute Valeur Environnementale Contenance : 75 cl Garde : 5 ans Degr\u00e9s d&#039;alcool : 14 \u00b0 Accords mets et vins : Tartare de thon &quot;aller\/retour&quot; Temp\u00e9rature de service : 12 \u00b0 Robe : Or vert limpide Nez : Frais et l\u00e9ger Bouche : Franche et limpide\" \/>\n<meta property=\"og:url\" content=\"https:\/\/kavea-martinique.com\/?product=la-meuliere-chablis\" \/>\n<meta property=\"og:site_name\" content=\"Kav\u00e9a | Cave \u00e0 vins et champagnes | Epicerie fine | Le Robert Martinique\" \/>\n<meta property=\"article:modified_time\" content=\"2024-02-21T22:54:03+00:00\" \/>\n<meta property=\"og:image\" content=\"https:\/\/kavea-martinique.com\/wp-content\/uploads\/2022\/10\/La-Meuliere-Chablis-1.png\" \/>\n\t<meta property=\"og:image:width\" content=\"387\" \/>\n\t<meta property=\"og:image:height\" content=\"645\" \/>\n\t<meta property=\"og:image:type\" content=\"image\/png\" \/>\n<meta name=\"twitter:card\" content=\"summary_large_image\" \/>\n<meta name=\"twitter:label1\" content=\"Dur\u00e9e de lecture estim\u00e9e\" \/>\n\t<meta name=\"twitter:data1\" content=\"1 minute\" \/>\n<script type=\"application\/ld+json\" class=\"yoast-schema-graph\">{\"@context\":\"https:\\\/\\\/schema.org\",\"@graph\":[{\"@type\":\"WebPage\",\"@id\":\"https:\\\/\\\/kavea-martinique.com\\\/?product=la-meuliere-chablis\",\"url\":\"https:\\\/\\\/kavea-martinique.com\\\/?product=la-meuliere-chablis\",\"name\":\"Domaine La Meuliere - Chablis - Kav\u00e9a | Cave \u00e0 vins et champagnes | Epicerie fine | Le Robert Martinique\",\"isPartOf\":{\"@id\":\"https:\\\/\\\/kavea-martinique.com\\\/#website\"},\"primaryImageOfPage\":{\"@id\":\"https:\\\/\\\/kavea-martinique.com\\\/?product=la-meuliere-chablis#primaryimage\"},\"image\":{\"@id\":\"https:\\\/\\\/kavea-martinique.com\\\/?product=la-meuliere-chablis#primaryimage\"},\"thumbnailUrl\":\"https:\\\/\\\/i0.wp.com\\\/kavea-martinique.com\\\/wp-content\\\/uploads\\\/2022\\\/10\\\/La-Meuliere-Chablis-1.png?fit=387%2C645&ssl=1\",\"datePublished\":\"2022-10-26T14:50:12+00:00\",\"dateModified\":\"2024-02-21T22:54:03+00:00\",\"breadcrumb\":{\"@id\":\"https:\\\/\\\/kavea-martinique.com\\\/?product=la-meuliere-chablis#breadcrumb\"},\"inLanguage\":\"fr-FR\",\"potentialAction\":[{\"@type\":\"ReadAction\",\"target\":[\"https:\\\/\\\/kavea-martinique.com\\\/?product=la-meuliere-chablis\"]}]},{\"@type\":\"ImageObject\",\"inLanguage\":\"fr-FR\",\"@id\":\"https:\\\/\\\/kavea-martinique.com\\\/?product=la-meuliere-chablis#primaryimage\",\"url\":\"https:\\\/\\\/i0.wp.com\\\/kavea-martinique.com\\\/wp-content\\\/uploads\\\/2022\\\/10\\\/La-Meuliere-Chablis-1.png?fit=387%2C645&ssl=1\",\"contentUrl\":\"https:\\\/\\\/i0.wp.com\\\/kavea-martinique.com\\\/wp-content\\\/uploads\\\/2022\\\/10\\\/La-Meuliere-Chablis-1.png?fit=387%2C645&ssl=1\",\"width\":387,\"height\":645},{\"@type\":\"BreadcrumbList\",\"@id\":\"https:\\\/\\\/kavea-martinique.com\\\/?product=la-meuliere-chablis#breadcrumb\",\"itemListElement\":[{\"@type\":\"ListItem\",\"position\":1,\"name\":\"Accueil\",\"item\":\"https:\\\/\\\/kavea-martinique.com\\\/\"},{\"@type\":\"ListItem\",\"position\":2,\"name\":\"Shop\",\"item\":\"https:\\\/\\\/kavea-martinique.com\\\/?page_id=401\"},{\"@type\":\"ListItem\",\"position\":3,\"name\":\"Domaine La Meuliere &#8211; Chablis\"}]},{\"@type\":\"WebSite\",\"@id\":\"https:\\\/\\\/kavea-martinique.com\\\/#website\",\"url\":\"https:\\\/\\\/kavea-martinique.com\\\/\",\"name\":\"Kav\u00e9a | Cave \u00e0 vins et champagnes | Epicerie fine | Le Robert Martinique\",\"description\":\"Cave \u00e0 vins \u00e9v\u00e8nementielle 100% Vignerons Ind\u00e9pendants \u00e9coresponsables. D\u00e9gustations sur mesure. Click &amp; Collect Livraison \u00e0 domicile\",\"publisher\":{\"@id\":\"https:\\\/\\\/kavea-martinique.com\\\/#organization\"},\"potentialAction\":[{\"@type\":\"SearchAction\",\"target\":{\"@type\":\"EntryPoint\",\"urlTemplate\":\"https:\\\/\\\/kavea-martinique.com\\\/?s={search_term_string}\"},\"query-input\":{\"@type\":\"PropertyValueSpecification\",\"valueRequired\":true,\"valueName\":\"search_term_string\"}}],\"inLanguage\":\"fr-FR\"},{\"@type\":\"Organization\",\"@id\":\"https:\\\/\\\/kavea-martinique.com\\\/#organization\",\"name\":\"Kav\u00e9a | Cave \u00e0 vins et champagnes | Epicerie fine | Le Robert Martinique\",\"url\":\"https:\\\/\\\/kavea-martinique.com\\\/\",\"logo\":{\"@type\":\"ImageObject\",\"inLanguage\":\"fr-FR\",\"@id\":\"https:\\\/\\\/kavea-martinique.com\\\/#\\\/schema\\\/logo\\\/image\\\/\",\"url\":\"https:\\\/\\\/i0.wp.com\\\/kavea-martinique.com\\\/wp-content\\\/uploads\\\/2022\\\/10\\\/unnamed.png?fit=1280%2C382&ssl=1\",\"contentUrl\":\"https:\\\/\\\/i0.wp.com\\\/kavea-martinique.com\\\/wp-content\\\/uploads\\\/2022\\\/10\\\/unnamed.png?fit=1280%2C382&ssl=1\",\"width\":1280,\"height\":382,\"caption\":\"Kav\u00e9a | Cave \u00e0 vins et champagnes | Epicerie fine | Le Robert Martinique\"},\"image\":{\"@id\":\"https:\\\/\\\/kavea-martinique.com\\\/#\\\/schema\\\/logo\\\/image\\\/\"},\"sameAs\":[\"https:\\\/\\\/www.instagram.com\\\/kaveamartinique\\\/?hl=fr\"]}]}<\/script>\n<!-- \/ Yoast SEO plugin. -->","yoast_head_json":{"title":"Domaine La Meuliere - Chablis - Kav\u00e9a | Cave \u00e0 vins et champagnes | Epicerie fine | Le Robert Martinique","robots":{"index":"index","follow":"follow","max-snippet":"max-snippet:-1","max-image-preview":"max-image-preview:large","max-video-preview":"max-video-preview:-1"},"canonical":"https:\/\/kavea-martinique.com\/?product=la-meuliere-chablis","og_locale":"fr_FR","og_type":"article","og_title":"Domaine La Meuliere - Chablis - Kav\u00e9a | Cave \u00e0 vins et champagnes | Epicerie fine | Le Robert Martinique","og_description":"C\u00e9page : 100% Chardonnay Cuv\u00e9e :\u00a0 Mill\u00e9sime : 2021 Label : Haute Valeur Environnementale Contenance : 75 cl Garde : 5 ans Degr\u00e9s d'alcool : 14 \u00b0 Accords mets et vins : Tartare de thon \"aller\/retour\" Temp\u00e9rature de service : 12 \u00b0 Robe : Or vert limpide Nez : Frais et l\u00e9ger Bouche : Franche et limpide","og_url":"https:\/\/kavea-martinique.com\/?product=la-meuliere-chablis","og_site_name":"Kav\u00e9a | Cave \u00e0 vins et champagnes | Epicerie fine | Le Robert Martinique","article_modified_time":"2024-02-21T22:54:03+00:00","og_image":[{"width":387,"height":645,"url":"https:\/\/kavea-martinique.com\/wp-content\/uploads\/2022\/10\/La-Meuliere-Chablis-1.png","type":"image\/png"}],"twitter_card":"summary_large_image","twitter_misc":{"Dur\u00e9e de lecture estim\u00e9e":"1 minute"},"schema":{"@context":"https:\/\/schema.org","@graph":[{"@type":"WebPage","@id":"https:\/\/kavea-martinique.com\/?product=la-meuliere-chablis","url":"https:\/\/kavea-martinique.com\/?product=la-meuliere-chablis","name":"Domaine La Meuliere - Chablis - Kav\u00e9a | Cave \u00e0 vins et champagnes | Epicerie fine | Le Robert Martinique","isPartOf":{"@id":"https:\/\/kavea-martinique.com\/#website"},"primaryImageOfPage":{"@id":"https:\/\/kavea-martinique.com\/?product=la-meuliere-chablis#primaryimage"},"image":{"@id":"https:\/\/kavea-martinique.com\/?product=la-meuliere-chablis#primaryimage"},"thumbnailUrl":"https:\/\/i0.wp.com\/kavea-martinique.com\/wp-content\/uploads\/2022\/10\/La-Meuliere-Chablis-1.png?fit=387%2C645&ssl=1","datePublished":"2022-10-26T14:50:12+00:00","dateModified":"2024-02-21T22:54:03+00:00","breadcrumb":{"@id":"https:\/\/kavea-martinique.com\/?product=la-meuliere-chablis#breadcrumb"},"inLanguage":"fr-FR","potentialAction":[{"@type":"ReadAction","target":["https:\/\/kavea-martinique.com\/?product=la-meuliere-chablis"]}]},{"@type":"ImageObject","inLanguage":"fr-FR","@id":"https:\/\/kavea-martinique.com\/?product=la-meuliere-chablis#primaryimage","url":"https:\/\/i0.wp.com\/kavea-martinique.com\/wp-content\/uploads\/2022\/10\/La-Meuliere-Chablis-1.png?fit=387%2C645&ssl=1","contentUrl":"https:\/\/i0.wp.com\/kavea-martinique.com\/wp-content\/uploads\/2022\/10\/La-Meuliere-Chablis-1.png?fit=387%2C645&ssl=1","width":387,"height":645},{"@type":"BreadcrumbList","@id":"https:\/\/kavea-martinique.com\/?product=la-meuliere-chablis#breadcrumb","itemListElement":[{"@type":"ListItem","position":1,"name":"Accueil","item":"https:\/\/kavea-martinique.com\/"},{"@type":"ListItem","position":2,"name":"Shop","item":"https:\/\/kavea-martinique.com\/?page_id=401"},{"@type":"ListItem","position":3,"name":"Domaine La Meuliere &#8211; Chablis"}]},{"@type":"WebSite","@id":"https:\/\/kavea-martinique.com\/#website","url":"https:\/\/kavea-martinique.com\/","name":"Kav\u00e9a | Cave \u00e0 vins et champagnes | Epicerie fine | Le Robert Martinique","description":"Cave \u00e0 vins \u00e9v\u00e8nementielle 100% Vignerons Ind\u00e9pendants \u00e9coresponsables. D\u00e9gustations sur mesure. Click &amp; Collect Livraison \u00e0 domicile","publisher":{"@id":"https:\/\/kavea-martinique.com\/#organization"},"potentialAction":[{"@type":"SearchAction","target":{"@type":"EntryPoint","urlTemplate":"https:\/\/kavea-martinique.com\/?s={search_term_string}"},"query-input":{"@type":"PropertyValueSpecification","valueRequired":true,"valueName":"search_term_string"}}],"inLanguage":"fr-FR"},{"@type":"Organization","@id":"https:\/\/kavea-martinique.com\/#organization","name":"Kav\u00e9a | Cave \u00e0 vins et champagnes | Epicerie fine | Le Robert Martinique","url":"https:\/\/kavea-martinique.com\/","logo":{"@type":"ImageObject","inLanguage":"fr-FR","@id":"https:\/\/kavea-martinique.com\/#\/schema\/logo\/image\/","url":"https:\/\/i0.wp.com\/kavea-martinique.com\/wp-content\/uploads\/2022\/10\/unnamed.png?fit=1280%2C382&ssl=1","contentUrl":"https:\/\/i0.wp.com\/kavea-martinique.com\/wp-content\/uploads\/2022\/10\/unnamed.png?fit=1280%2C382&ssl=1","width":1280,"height":382,"caption":"Kav\u00e9a | Cave \u00e0 vins et champagnes | Epicerie fine | Le Robert Martinique"},"image":{"@id":"https:\/\/kavea-martinique.com\/#\/schema\/logo\/image\/"},"sameAs":["https:\/\/www.instagram.com\/kaveamartinique\/?hl=fr"]}]}},"jetpack-related-posts":[{"id":2884,"url":"https:\/\/kavea-martinique.com\/?product=domaine-la-garrigue-gigondas","url_meta":{"origin":2407,"position":0},"title":"Domaine la Garrigue &#8211; Gigondas L&rsquo;Empreinte 1850","author":"Marc-Olivier Renay","date":"7 d\u00e9cembre 2022","format":false,"excerpt":"C\u00e9page :\u00a0 85 % Grenache, 10 % Syrah, 5 % Cinsault Cuv\u00e9e :\u00a0 L'Empreinte 1850 Mill\u00e9sime : 2019 Label :\u00a0 Agriculture Biologique Contenance :\u00a0 75 cl Garde :\u00a0 8 ans Degr\u00e9s d'alcool : \u00a015 \u00b0 Accords mets et vins :\u00a0 Curry d'agneau mijot\u00e9 Temp\u00e9rature de service :\u00a0 18\u00b0 Robe :\u2026","rel":"","context":"Article similaire","block_context":{"text":"Article similaire","link":""},"img":{"alt_text":"","src":"https:\/\/i0.wp.com\/kavea-martinique.com\/wp-content\/uploads\/2022\/12\/La-Garrigue-LEmpreinte-1850.png?fit=432%2C720&ssl=1&resize=350%2C200","width":350,"height":200},"classes":[]},{"id":3986,"url":"https:\/\/kavea-martinique.com\/?product=chateau-de-belleverne-beaujolais-blanc","url_meta":{"origin":2407,"position":1},"title":"Ch\u00e2teau de Belleverne &#8211; Beaujolais Blanc","author":"admin6392","date":"22 f\u00e9vrier 2024","format":false,"excerpt":"C\u00e9page : 100% Chardonnay Cuv\u00e9e : Mill\u00e9sime :\u00a0 2022 Label :\u00a0 Haute Valeur Environnementale Contenance : 75 cl Garde :\u00a0 2 ans Degr\u00e9s d\u2019alcool :\u00a0\u00a013\u00b0 Accords mets et vins : Ceviche de thon, plateau de fromages Temp\u00e9rature de service :\u00a0 9\u00b0 Robe : Jaune p\u00e2le et limpide Nez : Fleurs\u2026","rel":"","context":"Article similaire","block_context":{"text":"Article similaire","link":""},"img":{"alt_text":"","src":"https:\/\/i0.wp.com\/kavea-martinique.com\/wp-content\/uploads\/2024\/02\/PHOTO-BEAUJOLAIS-BLANC.jpg?fit=406%2C609&ssl=1&resize=350%2C200","width":350,"height":200},"classes":[]},{"id":4007,"url":"https:\/\/kavea-martinique.com\/?product=madiran-origine","url_meta":{"origin":2407,"position":2},"title":"Vignobles Laplace &#8211; Madiran &#8211; Origine","author":"admin6392","date":"22 f\u00e9vrier 2024","format":false,"excerpt":"C\u00e9pages : 70% Tannat, 30% Cabernet Franc Cuv\u00e9e :\u00a0 Origine Mill\u00e9sime :\u00a0 2021 Label : Haute Valeur Environnementale Contenance : 75 cl Garde :\u00a0 5 ans Degr\u00e9s d\u2019alcool :\u00a0\u00a013,5 \u00b0 Accords mets et vins : salade landaise Temp\u00e9rature de service :\u00a0 15\u00b0 Robe : rouge fonc\u00e9, limpide et brillante Nez\u2026","rel":"","context":"Article similaire","block_context":{"text":"Article similaire","link":""},"img":{"alt_text":"","src":"https:\/\/i0.wp.com\/kavea-martinique.com\/wp-content\/uploads\/2024\/02\/chateau-aydie-cuvee-l-origine-madiran.jpg?fit=700%2C700&ssl=1&resize=350%2C200","width":350,"height":200,"srcset":"https:\/\/i0.wp.com\/kavea-martinique.com\/wp-content\/uploads\/2024\/02\/chateau-aydie-cuvee-l-origine-madiran.jpg?fit=700%2C700&ssl=1&resize=350%2C200 1x, https:\/\/i0.wp.com\/kavea-martinique.com\/wp-content\/uploads\/2024\/02\/chateau-aydie-cuvee-l-origine-madiran.jpg?fit=700%2C700&ssl=1&resize=525%2C300 1.5x, https:\/\/i0.wp.com\/kavea-martinique.com\/wp-content\/uploads\/2024\/02\/chateau-aydie-cuvee-l-origine-madiran.jpg?fit=700%2C700&ssl=1&resize=700%2C400 2x"},"classes":[]},{"id":4015,"url":"https:\/\/kavea-martinique.com\/?product=domaine-rozel-perle-de-viognier","url_meta":{"origin":2407,"position":3},"title":"Domaine Rozel &#8211; Perle de Viognier","author":"admin6392","date":"22 f\u00e9vrier 2024","format":false,"excerpt":"C\u00e9page : 100% Viognier Cuv\u00e9e : Perle de viognier Mill\u00e9sime :\u00a0 2022 Label : Haute Valeur Environnementale Contenance : 75 cl Garde :\u00a0 4 ans Degr\u00e9s d\u2019alcool :\u00a0\u00a012,5 \u00b0 Accords mets et vins : planche de fromages affin\u00e9s Temp\u00e9rature de service :\u00a0 8\u00b0 Robe : or limpide Nez : fruits\u2026","rel":"","context":"Article similaire","block_context":{"text":"Article similaire","link":""},"img":{"alt_text":"","src":"https:\/\/i0.wp.com\/kavea-martinique.com\/wp-content\/uploads\/2024\/02\/Grignan-domaine-Rozel.jpg?fit=243%2C768&ssl=1&resize=350%2C200","width":350,"height":200},"classes":[]},{"id":4003,"url":"https:\/\/kavea-martinique.com\/?product=l-enfant-rebelle-sauvignon","url_meta":{"origin":2407,"position":4},"title":"L&rsquo;Enfant Rebelle &#8211; Sauvignon","author":"admin6392","date":"22 f\u00e9vrier 2024","format":false,"excerpt":"C\u00e9pages : 100% Sauvignon Cuv\u00e9e :\u00a0 l'Enfant Rebelle Mill\u00e9sime :\u00a0 2022 Label : Agriculture Biologique Contenance : 75 cl Garde :\u00a0 2 ans Degr\u00e9s d\u2019alcool :\u00a0\u00a011,5 \u00b0 Accords mets et vins : mi-cuit de thon, poulpe saut\u00e9 en persillade Temp\u00e9rature de service :\u00a0 8\u00b0 Robe : limpide Nez : ar\u00f4mes\u2026","rel":"","context":"Article similaire","block_context":{"text":"Article similaire","link":""},"img":{"alt_text":"","src":"https:\/\/i0.wp.com\/kavea-martinique.com\/wp-content\/uploads\/2024\/02\/1llQzrenRri1dRIQpPHm3w_pb_600x600.png?fit=600%2C600&ssl=1&resize=350%2C200","width":350,"height":200,"srcset":"https:\/\/i0.wp.com\/kavea-martinique.com\/wp-content\/uploads\/2024\/02\/1llQzrenRri1dRIQpPHm3w_pb_600x600.png?fit=600%2C600&ssl=1&resize=350%2C200 1x, https:\/\/i0.wp.com\/kavea-martinique.com\/wp-content\/uploads\/2024\/02\/1llQzrenRri1dRIQpPHm3w_pb_600x600.png?fit=600%2C600&ssl=1&resize=525%2C300 1.5x"},"classes":[]},{"id":2889,"url":"https:\/\/kavea-martinique.com\/?product=domaine-la-garrigue-vacqueyras","url_meta":{"origin":2407,"position":5},"title":"Domaine la Garrigue &#8211; Vacqueyras","author":"Marc-Olivier Renay","date":"7 d\u00e9cembre 2022","format":false,"excerpt":"C\u00e9page : 60 % Clairette, 20 % Grenache blanc, 10 % Roussanne, 10 % Marsanne Cuv\u00e9e : Parfum d'origine Mill\u00e9sime : 2021 Label : Haute Valeur Environnementale Contenance : 75 cl Garde : 5 ans Degr\u00e9s d'alcool : 13 \u00b0 Accords mets et vins : Thon grill\u00e9 en croute de\u2026","rel":"","context":"Article similaire","block_context":{"text":"Article similaire","link":""},"img":{"alt_text":"","src":"https:\/\/i0.wp.com\/kavea-martinique.com\/wp-content\/uploads\/2022\/12\/La-Garrigue-Vacqueyras-Blanc.png?fit=1000%2C1000&ssl=1&resize=350%2C200","width":350,"height":200,"srcset":"https:\/\/i0.wp.com\/kavea-martinique.com\/wp-content\/uploads\/2022\/12\/La-Garrigue-Vacqueyras-Blanc.png?fit=1000%2C1000&ssl=1&resize=350%2C200 1x, https:\/\/i0.wp.com\/kavea-martinique.com\/wp-content\/uploads\/2022\/12\/La-Garrigue-Vacqueyras-Blanc.png?fit=1000%2C1000&ssl=1&resize=525%2C300 1.5x, https:\/\/i0.wp.com\/kavea-martinique.com\/wp-content\/uploads\/2022\/12\/La-Garrigue-Vacqueyras-Blanc.png?fit=1000%2C1000&ssl=1&resize=700%2C400 2x"},"classes":[]}],"jetpack_sharing_enabled":true,"_links":{"self":[{"href":"https:\/\/kavea-martinique.com\/index.php?rest_route=\/wp\/v2\/product\/2407","targetHints":{"allow":["GET"]}}],"collection":[{"href":"https:\/\/kavea-martinique.com\/index.php?rest_route=\/wp\/v2\/product"}],"about":[{"href":"https:\/\/kavea-martinique.com\/index.php?rest_route=\/wp\/v2\/types\/product"}],"replies":[{"embeddable":true,"href":"https:\/\/kavea-martinique.com\/index.php?rest_route=%2Fwp%2Fv2%2Fcomments&post=2407"}],"wp:featuredmedia":[{"embeddable":true,"href":"https:\/\/kavea-martinique.com\/index.php?rest_route=\/wp\/v2\/media\/2542"}],"wp:attachment":[{"href":"https:\/\/kavea-martinique.com\/index.php?rest_route=%2Fwp%2Fv2%2Fmedia&parent=2407"}],"wp:term":[{"taxonomy":"product_brand","embeddable":true,"href":"https:\/\/kavea-martinique.com\/index.php?rest_route=%2Fwp%2Fv2%2Fproduct_brand&post=2407"},{"taxonomy":"product_cat","embeddable":true,"href":"https:\/\/kavea-martinique.com\/index.php?rest_route=%2Fwp%2Fv2%2Fproduct_cat&post=2407"},{"taxonomy":"product_tag","embeddable":true,"href":"https:\/\/kavea-martinique.com\/index.php?rest_route=%2Fwp%2Fv2%2Fproduct_tag&post=2407"}],"curies":[{"name":"wp","href":"https:\/\/api.w.org\/{rel}","templated":true}]}}