{"id":2881,"date":"2022-12-07T17:41:38","date_gmt":"2022-12-07T16:41:38","guid":{"rendered":"https:\/\/kavea-martinique.com\/?post_type=product&#038;p=2881"},"modified":"2023-01-30T16:45:09","modified_gmt":"2023-01-30T15:45:09","slug":"domaine-la-garrigue-beaumes-de-venise","status":"publish","type":"product","link":"https:\/\/kavea-martinique.com\/?product=domaine-la-garrigue-beaumes-de-venise","title":{"rendered":"Domaine la Garrigue &#8211; Beaumes de Venise Sentier Secret"},"content":{"rendered":"","protected":false},"excerpt":{"rendered":"<p><em><strong>C\u00e9page :<\/strong><\/em>\u00a0 75 % Grenache, 20 % Syrah, 5 % Mourv\u00e8dre<br \/>\n<em><strong>Cuv\u00e9e :\u00a0<\/strong><\/em> Sentier Secret<br \/>\n<em><strong>Mill\u00e9sime :<\/strong><\/em>\u00a0 2020<br \/>\n<em><strong>Label :\u00a0<\/strong><\/em> Haute Valeur Environnementale<br \/>\n<em><strong>Contenance :<\/strong><\/em>\u00a0 75 cl<br \/>\n<em><strong>Garde :<\/strong><\/em>\u00a0 3 ans<br \/>\n<em><strong>Degr\u00e9s d&rsquo;alcool :<\/strong> \u00a0<\/em>15,5\u00b0<br \/>\n<em><strong>Accords mets et vins :\u00a0 <\/strong><\/em>Lapin aux pruneaux<br \/>\n<em><strong>Temp\u00e9rature de service :<\/strong><\/em>\u00a0 18\u00b0<br \/>\n<em><strong>Robe :<\/strong> \u00a0<\/em>Rouge Brillant<br \/>\n<em><strong>Nez :<\/strong> \u00a0<\/em>Puissant et fruit\u00e9e<br \/>\n<em><strong>Bouche :\u00a0 <\/strong><\/em>Ample et gourmande<\/p>\n","protected":false},"featured_media":3096,"comment_status":"open","ping_status":"closed","template":"","meta":{"site-sidebar-layout":"default","site-content-layout":"default","ast-site-content-layout":"","site-content-style":"default","site-sidebar-style":"default","ast-global-header-display":"","ast-banner-title-visibility":"","ast-main-header-display":"","ast-hfb-above-header-display":"","ast-hfb-below-header-display":"","ast-hfb-mobile-header-display":"","site-post-title":"","ast-breadcrumbs-content":"","ast-featured-img":"","footer-sml-layout":"","theme-transparent-header-meta":"default","adv-header-id-meta":"","stick-header-meta":"","header-above-stick-meta":"","header-main-stick-meta":"","header-below-stick-meta":"","astra-migrate-meta-layouts":"default","ast-page-background-enabled":"default","ast-page-background-meta":{"desktop":{"background-color":"","background-image":"","background-repeat":"repeat","background-position":"center center","background-size":"auto","background-attachment":"scroll","background-type":"","background-media":"","overlay-type":"","overlay-color":"","overlay-gradient":""},"tablet":{"background-color":"","background-image":"","background-repeat":"repeat","background-position":"center center","background-size":"auto","background-attachment":"scroll","background-type":"","background-media":"","overlay-type":"","overlay-color":"","overlay-gradient":""},"mobile":{"background-color":"","background-image":"","background-repeat":"repeat","background-position":"center center","background-size":"auto","background-attachment":"scroll","background-type":"","background-media":"","overlay-type":"","overlay-color":"","overlay-gradient":""}},"ast-content-background-meta":{"desktop":{"background-color":"var(--ast-global-color-5)","background-image":"","background-repeat":"repeat","background-position":"center center","background-size":"auto","background-attachment":"scroll","background-type":"","background-media":"","overlay-type":"","overlay-color":"","overlay-gradient":""},"tablet":{"background-color":"var(--ast-global-color-5)","background-image":"","background-repeat":"repeat","background-position":"center center","background-size":"auto","background-attachment":"scroll","background-type":"","background-media":"","overlay-type":"","overlay-color":"","overlay-gradient":""},"mobile":{"background-color":"var(--ast-global-color-5)","background-image":"","background-repeat":"repeat","background-position":"center center","background-size":"auto","background-attachment":"scroll","background-type":"","background-media":"","overlay-type":"","overlay-color":"","overlay-gradient":""}},"_themeisle_gutenberg_block_has_review":false},"product_brand":[],"product_cat":[34,28],"product_tag":[],"class_list":{"0":"post-2881","1":"product","2":"type-product","3":"status-publish","4":"has-post-thumbnail","6":"product_cat-vallee-du-rhone","7":"product_cat-vins-rouges","8":"desktop-align-left","9":"tablet-align-left","10":"mobile-align-left","12":"first","13":"instock","14":"shipping-taxable","15":"purchasable","16":"product-type-simple"},"yoast_head":"<!-- This site is optimized with the Yoast SEO plugin v27.4 - https:\/\/yoast.com\/product\/yoast-seo-wordpress\/ -->\n<title>Domaine la Garrigue - Beaumes de Venise Sentier Secret - Kav\u00e9a | Cave \u00e0 vins et champagnes | Epicerie fine | Le Robert Martinique<\/title>\n<meta name=\"robots\" content=\"index, follow, max-snippet:-1, max-image-preview:large, max-video-preview:-1\" \/>\n<link rel=\"canonical\" href=\"https:\/\/kavea-martinique.com\/?product=domaine-la-garrigue-beaumes-de-venise\" \/>\n<meta property=\"og:locale\" content=\"fr_FR\" \/>\n<meta property=\"og:type\" content=\"article\" \/>\n<meta property=\"og:title\" content=\"Domaine la Garrigue - Beaumes de Venise Sentier Secret - Kav\u00e9a | Cave \u00e0 vins et champagnes | Epicerie fine | Le Robert Martinique\" \/>\n<meta property=\"og:description\" content=\"C\u00e9page :\u00a0 75 % Grenache, 20 % Syrah, 5 % Mourv\u00e8dre Cuv\u00e9e :\u00a0 Sentier Secret Mill\u00e9sime :\u00a0 2020 Label :\u00a0 Haute Valeur Environnementale Contenance :\u00a0 75 cl Garde :\u00a0 3 ans Degr\u00e9s d&#039;alcool : \u00a015,5\u00b0 Accords mets et vins :\u00a0 Lapin aux pruneaux Temp\u00e9rature de service :\u00a0 18\u00b0 Robe : \u00a0Rouge Brillant Nez : \u00a0Puissant et fruit\u00e9e Bouche :\u00a0 Ample et gourmande\" \/>\n<meta property=\"og:url\" content=\"https:\/\/kavea-martinique.com\/?product=domaine-la-garrigue-beaumes-de-venise\" \/>\n<meta property=\"og:site_name\" content=\"Kav\u00e9a | Cave \u00e0 vins et champagnes | Epicerie fine | Le Robert Martinique\" \/>\n<meta property=\"article:modified_time\" content=\"2023-01-30T15:45:09+00:00\" \/>\n<meta property=\"og:image\" content=\"https:\/\/i0.wp.com\/kavea-martinique.com\/wp-content\/uploads\/2022\/12\/AnyConv.com__La-Garrigue-Sentier-Secret.png?fit=480%2C800&ssl=1\" \/>\n\t<meta property=\"og:image:width\" content=\"480\" \/>\n\t<meta property=\"og:image:height\" content=\"800\" \/>\n\t<meta property=\"og:image:type\" content=\"image\/png\" \/>\n<meta name=\"twitter:card\" content=\"summary_large_image\" \/>\n<script type=\"application\/ld+json\" class=\"yoast-schema-graph\">{\"@context\":\"https:\\\/\\\/schema.org\",\"@graph\":[{\"@type\":\"WebPage\",\"@id\":\"https:\\\/\\\/kavea-martinique.com\\\/?product=domaine-la-garrigue-beaumes-de-venise\",\"url\":\"https:\\\/\\\/kavea-martinique.com\\\/?product=domaine-la-garrigue-beaumes-de-venise\",\"name\":\"Domaine la Garrigue - Beaumes de Venise Sentier Secret - Kav\u00e9a | Cave \u00e0 vins et champagnes | Epicerie fine | Le Robert Martinique\",\"isPartOf\":{\"@id\":\"https:\\\/\\\/kavea-martinique.com\\\/#website\"},\"primaryImageOfPage\":{\"@id\":\"https:\\\/\\\/kavea-martinique.com\\\/?product=domaine-la-garrigue-beaumes-de-venise#primaryimage\"},\"image\":{\"@id\":\"https:\\\/\\\/kavea-martinique.com\\\/?product=domaine-la-garrigue-beaumes-de-venise#primaryimage\"},\"thumbnailUrl\":\"https:\\\/\\\/i0.wp.com\\\/kavea-martinique.com\\\/wp-content\\\/uploads\\\/2022\\\/12\\\/AnyConv.com__La-Garrigue-Sentier-Secret.png?fit=480%2C800&ssl=1\",\"datePublished\":\"2022-12-07T16:41:38+00:00\",\"dateModified\":\"2023-01-30T15:45:09+00:00\",\"breadcrumb\":{\"@id\":\"https:\\\/\\\/kavea-martinique.com\\\/?product=domaine-la-garrigue-beaumes-de-venise#breadcrumb\"},\"inLanguage\":\"fr-FR\",\"potentialAction\":[{\"@type\":\"ReadAction\",\"target\":[\"https:\\\/\\\/kavea-martinique.com\\\/?product=domaine-la-garrigue-beaumes-de-venise\"]}]},{\"@type\":\"ImageObject\",\"inLanguage\":\"fr-FR\",\"@id\":\"https:\\\/\\\/kavea-martinique.com\\\/?product=domaine-la-garrigue-beaumes-de-venise#primaryimage\",\"url\":\"https:\\\/\\\/i0.wp.com\\\/kavea-martinique.com\\\/wp-content\\\/uploads\\\/2022\\\/12\\\/AnyConv.com__La-Garrigue-Sentier-Secret.png?fit=480%2C800&ssl=1\",\"contentUrl\":\"https:\\\/\\\/i0.wp.com\\\/kavea-martinique.com\\\/wp-content\\\/uploads\\\/2022\\\/12\\\/AnyConv.com__La-Garrigue-Sentier-Secret.png?fit=480%2C800&ssl=1\",\"width\":480,\"height\":800},{\"@type\":\"BreadcrumbList\",\"@id\":\"https:\\\/\\\/kavea-martinique.com\\\/?product=domaine-la-garrigue-beaumes-de-venise#breadcrumb\",\"itemListElement\":[{\"@type\":\"ListItem\",\"position\":1,\"name\":\"Accueil\",\"item\":\"https:\\\/\\\/kavea-martinique.com\\\/\"},{\"@type\":\"ListItem\",\"position\":2,\"name\":\"Shop\",\"item\":\"https:\\\/\\\/kavea-martinique.com\\\/?page_id=401\"},{\"@type\":\"ListItem\",\"position\":3,\"name\":\"Domaine la Garrigue &#8211; Beaumes de Venise Sentier Secret\"}]},{\"@type\":\"WebSite\",\"@id\":\"https:\\\/\\\/kavea-martinique.com\\\/#website\",\"url\":\"https:\\\/\\\/kavea-martinique.com\\\/\",\"name\":\"Kav\u00e9a | Cave \u00e0 vins et champagnes | Epicerie fine | Le Robert Martinique\",\"description\":\"Cave \u00e0 vins \u00e9v\u00e8nementielle 100% Vignerons Ind\u00e9pendants \u00e9coresponsables. D\u00e9gustations sur mesure. Click &amp; Collect Livraison \u00e0 domicile\",\"publisher\":{\"@id\":\"https:\\\/\\\/kavea-martinique.com\\\/#organization\"},\"potentialAction\":[{\"@type\":\"SearchAction\",\"target\":{\"@type\":\"EntryPoint\",\"urlTemplate\":\"https:\\\/\\\/kavea-martinique.com\\\/?s={search_term_string}\"},\"query-input\":{\"@type\":\"PropertyValueSpecification\",\"valueRequired\":true,\"valueName\":\"search_term_string\"}}],\"inLanguage\":\"fr-FR\"},{\"@type\":\"Organization\",\"@id\":\"https:\\\/\\\/kavea-martinique.com\\\/#organization\",\"name\":\"Kav\u00e9a | Cave \u00e0 vins et champagnes | Epicerie fine | Le Robert Martinique\",\"url\":\"https:\\\/\\\/kavea-martinique.com\\\/\",\"logo\":{\"@type\":\"ImageObject\",\"inLanguage\":\"fr-FR\",\"@id\":\"https:\\\/\\\/kavea-martinique.com\\\/#\\\/schema\\\/logo\\\/image\\\/\",\"url\":\"https:\\\/\\\/i0.wp.com\\\/kavea-martinique.com\\\/wp-content\\\/uploads\\\/2022\\\/10\\\/unnamed.png?fit=1280%2C382&ssl=1\",\"contentUrl\":\"https:\\\/\\\/i0.wp.com\\\/kavea-martinique.com\\\/wp-content\\\/uploads\\\/2022\\\/10\\\/unnamed.png?fit=1280%2C382&ssl=1\",\"width\":1280,\"height\":382,\"caption\":\"Kav\u00e9a | Cave \u00e0 vins et champagnes | Epicerie fine | Le Robert Martinique\"},\"image\":{\"@id\":\"https:\\\/\\\/kavea-martinique.com\\\/#\\\/schema\\\/logo\\\/image\\\/\"},\"sameAs\":[\"https:\\\/\\\/www.instagram.com\\\/kaveamartinique\\\/?hl=fr\"]}]}<\/script>\n<!-- \/ Yoast SEO plugin. -->","yoast_head_json":{"title":"Domaine la Garrigue - Beaumes de Venise Sentier Secret - Kav\u00e9a | Cave \u00e0 vins et champagnes | Epicerie fine | Le Robert Martinique","robots":{"index":"index","follow":"follow","max-snippet":"max-snippet:-1","max-image-preview":"max-image-preview:large","max-video-preview":"max-video-preview:-1"},"canonical":"https:\/\/kavea-martinique.com\/?product=domaine-la-garrigue-beaumes-de-venise","og_locale":"fr_FR","og_type":"article","og_title":"Domaine la Garrigue - Beaumes de Venise Sentier Secret - Kav\u00e9a | Cave \u00e0 vins et champagnes | Epicerie fine | Le Robert Martinique","og_description":"C\u00e9page :\u00a0 75 % Grenache, 20 % Syrah, 5 % Mourv\u00e8dre Cuv\u00e9e :\u00a0 Sentier Secret Mill\u00e9sime :\u00a0 2020 Label :\u00a0 Haute Valeur Environnementale Contenance :\u00a0 75 cl Garde :\u00a0 3 ans Degr\u00e9s d'alcool : \u00a015,5\u00b0 Accords mets et vins :\u00a0 Lapin aux pruneaux Temp\u00e9rature de service :\u00a0 18\u00b0 Robe : \u00a0Rouge Brillant Nez : \u00a0Puissant et fruit\u00e9e Bouche :\u00a0 Ample et gourmande","og_url":"https:\/\/kavea-martinique.com\/?product=domaine-la-garrigue-beaumes-de-venise","og_site_name":"Kav\u00e9a | Cave \u00e0 vins et champagnes | Epicerie fine | Le Robert Martinique","article_modified_time":"2023-01-30T15:45:09+00:00","og_image":[{"width":480,"height":800,"url":"https:\/\/i0.wp.com\/kavea-martinique.com\/wp-content\/uploads\/2022\/12\/AnyConv.com__La-Garrigue-Sentier-Secret.png?fit=480%2C800&ssl=1","type":"image\/png"}],"twitter_card":"summary_large_image","schema":{"@context":"https:\/\/schema.org","@graph":[{"@type":"WebPage","@id":"https:\/\/kavea-martinique.com\/?product=domaine-la-garrigue-beaumes-de-venise","url":"https:\/\/kavea-martinique.com\/?product=domaine-la-garrigue-beaumes-de-venise","name":"Domaine la Garrigue - Beaumes de Venise Sentier Secret - Kav\u00e9a | Cave \u00e0 vins et champagnes | Epicerie fine | Le Robert Martinique","isPartOf":{"@id":"https:\/\/kavea-martinique.com\/#website"},"primaryImageOfPage":{"@id":"https:\/\/kavea-martinique.com\/?product=domaine-la-garrigue-beaumes-de-venise#primaryimage"},"image":{"@id":"https:\/\/kavea-martinique.com\/?product=domaine-la-garrigue-beaumes-de-venise#primaryimage"},"thumbnailUrl":"https:\/\/i0.wp.com\/kavea-martinique.com\/wp-content\/uploads\/2022\/12\/AnyConv.com__La-Garrigue-Sentier-Secret.png?fit=480%2C800&ssl=1","datePublished":"2022-12-07T16:41:38+00:00","dateModified":"2023-01-30T15:45:09+00:00","breadcrumb":{"@id":"https:\/\/kavea-martinique.com\/?product=domaine-la-garrigue-beaumes-de-venise#breadcrumb"},"inLanguage":"fr-FR","potentialAction":[{"@type":"ReadAction","target":["https:\/\/kavea-martinique.com\/?product=domaine-la-garrigue-beaumes-de-venise"]}]},{"@type":"ImageObject","inLanguage":"fr-FR","@id":"https:\/\/kavea-martinique.com\/?product=domaine-la-garrigue-beaumes-de-venise#primaryimage","url":"https:\/\/i0.wp.com\/kavea-martinique.com\/wp-content\/uploads\/2022\/12\/AnyConv.com__La-Garrigue-Sentier-Secret.png?fit=480%2C800&ssl=1","contentUrl":"https:\/\/i0.wp.com\/kavea-martinique.com\/wp-content\/uploads\/2022\/12\/AnyConv.com__La-Garrigue-Sentier-Secret.png?fit=480%2C800&ssl=1","width":480,"height":800},{"@type":"BreadcrumbList","@id":"https:\/\/kavea-martinique.com\/?product=domaine-la-garrigue-beaumes-de-venise#breadcrumb","itemListElement":[{"@type":"ListItem","position":1,"name":"Accueil","item":"https:\/\/kavea-martinique.com\/"},{"@type":"ListItem","position":2,"name":"Shop","item":"https:\/\/kavea-martinique.com\/?page_id=401"},{"@type":"ListItem","position":3,"name":"Domaine la Garrigue &#8211; Beaumes de Venise Sentier Secret"}]},{"@type":"WebSite","@id":"https:\/\/kavea-martinique.com\/#website","url":"https:\/\/kavea-martinique.com\/","name":"Kav\u00e9a | Cave \u00e0 vins et champagnes | Epicerie fine | Le Robert Martinique","description":"Cave \u00e0 vins \u00e9v\u00e8nementielle 100% Vignerons Ind\u00e9pendants \u00e9coresponsables. D\u00e9gustations sur mesure. Click &amp; Collect Livraison \u00e0 domicile","publisher":{"@id":"https:\/\/kavea-martinique.com\/#organization"},"potentialAction":[{"@type":"SearchAction","target":{"@type":"EntryPoint","urlTemplate":"https:\/\/kavea-martinique.com\/?s={search_term_string}"},"query-input":{"@type":"PropertyValueSpecification","valueRequired":true,"valueName":"search_term_string"}}],"inLanguage":"fr-FR"},{"@type":"Organization","@id":"https:\/\/kavea-martinique.com\/#organization","name":"Kav\u00e9a | Cave \u00e0 vins et champagnes | Epicerie fine | Le Robert Martinique","url":"https:\/\/kavea-martinique.com\/","logo":{"@type":"ImageObject","inLanguage":"fr-FR","@id":"https:\/\/kavea-martinique.com\/#\/schema\/logo\/image\/","url":"https:\/\/i0.wp.com\/kavea-martinique.com\/wp-content\/uploads\/2022\/10\/unnamed.png?fit=1280%2C382&ssl=1","contentUrl":"https:\/\/i0.wp.com\/kavea-martinique.com\/wp-content\/uploads\/2022\/10\/unnamed.png?fit=1280%2C382&ssl=1","width":1280,"height":382,"caption":"Kav\u00e9a | Cave \u00e0 vins et champagnes | Epicerie fine | Le Robert Martinique"},"image":{"@id":"https:\/\/kavea-martinique.com\/#\/schema\/logo\/image\/"},"sameAs":["https:\/\/www.instagram.com\/kaveamartinique\/?hl=fr"]}]}},"jetpack-related-posts":[{"id":3079,"url":"https:\/\/kavea-martinique.com\/?product=champagne-monmarthe-secret-de-famille","url_meta":{"origin":2881,"position":0},"title":"Champagne Monmarthe &#8211; Premier Cru &#8211; Secret de Famille","author":"Marc-Olivier Renay","date":"10 janvier 2023","format":false,"excerpt":"C\u00e9page : 40% Pinot Noir, 40% Meunier, 20% Chardonnay Cuv\u00e9e : Secret de Famille (brut) Mill\u00e9sime :\u00a0 Label :\u00a0 Haute Valeur Environnementale Contenance : 75 cl Garde : 3 ans Degr\u00e9s d'alcool : 12,5 \u00b0 Accords mets et vins : Tout seul ! Temp\u00e9rature de service : 10 \u00b0 Robe\u2026","rel":"","context":"Avec 1 commentaire","block_context":{"text":"Avec 1 commentaire","link":"https:\/\/kavea-martinique.com\/?product=champagne-monmarthe-secret-de-famille#comments"},"img":{"alt_text":"","src":"https:\/\/i0.wp.com\/kavea-martinique.com\/wp-content\/uploads\/2023\/01\/Monmarthe_-_Secret_de_Famille-removebg-preview.png?fit=394%2C634&ssl=1&resize=350%2C200","width":350,"height":200},"classes":[]},{"id":2909,"url":"https:\/\/kavea-martinique.com\/?product=domaine-nudant-ladoix","url_meta":{"origin":2881,"position":1},"title":"Domaine Nudant &#8211; Ladoix","author":"Marc-Olivier Renay","date":"7 d\u00e9cembre 2022","format":false,"excerpt":"C\u00e9page : 100% Pinot Noir Cuv\u00e9e : Mill\u00e9sime : 2020 Label :\u00a0Haute Valeur Environnementale Contenance : 75 cl Garde : 6 ans Degr\u00e9s d'alcool : 13 \u00b0 Accords mets et vins : coq roussi Temp\u00e9rature de service : 15 \u00b0 Robe : violet profond Nez : chaud et explosif Bouche\u2026","rel":"","context":"Article similaire","block_context":{"text":"Article similaire","link":""},"img":{"alt_text":"","src":"https:\/\/i0.wp.com\/kavea-martinique.com\/wp-content\/uploads\/2022\/12\/img_8075_resultat-removebg-preview.png?fit=408%2C612&ssl=1&resize=350%2C200","width":350,"height":200},"classes":[]},{"id":2914,"url":"https:\/\/kavea-martinique.com\/?product=vignobles-mouty-pomerol","url_meta":{"origin":2881,"position":2},"title":"Vignobles Mouty &#8211; Pomerol","author":"Marc-Olivier Renay","date":"7 d\u00e9cembre 2022","format":false,"excerpt":"C\u00e9page : 100% Merlot Cuv\u00e9e : Ch\u00e2teau Grand Beausejour Mill\u00e9sime : 2019 Label : Agriculture Biologique Contenance : 75 cl Garde : 20 ans Degr\u00e9s d'alcool : 14 \u00b0 Accords mets et vins : Matoutou de P\u00e2ques Temp\u00e9rature de service : 16 \u00b0 Robe : Pourpre brillante Nez : Explosif\u2026","rel":"","context":"Article similaire","block_context":{"text":"Article similaire","link":""},"img":{"alt_text":"","src":"https:\/\/i0.wp.com\/kavea-martinique.com\/wp-content\/uploads\/2022\/12\/Mouty_-_Chateau_Grand_Beausejour_2020-removebg-preview.png?fit=500%2C500&ssl=1&resize=350%2C200","width":350,"height":200},"classes":[]},{"id":4017,"url":"https:\/\/kavea-martinique.com\/?product=domaine-de-la-viaudiere-jus-de-raisin-petillant","url_meta":{"origin":2881,"position":3},"title":"Domaine de la Viaudi\u00e8re &#8211; jus de raisin p\u00e9tillant","author":"admin6392","date":"22 f\u00e9vrier 2024","format":false,"excerpt":"C\u00e9page : 100% Chardonnay Cuv\u00e9e :\u00a0 Mill\u00e9sime : Label : Biodynamie Contenance : 75 cl Garde :\u00a0 4 ans Degr\u00e9s d\u2019alcool :\u00a0\u00a00\u00b0 Accords mets et vins : ap\u00e9ritif ou dessert acidul\u00e9 Temp\u00e9rature de service :\u00a0 8\u00b0 Robe : orang\u00e9e Nez : poire bien m\u00fbre Bouche : sucr\u00e9e, suave et gourmande","rel":"","context":"Article similaire","block_context":{"text":"Article similaire","link":""},"img":{"alt_text":"","src":"https:\/\/i0.wp.com\/kavea-martinique.com\/wp-content\/uploads\/2024\/02\/viaudiere-packshot-jusraisin-petillant.png?fit=600%2C600&ssl=1&resize=350%2C200","width":350,"height":200,"srcset":"https:\/\/i0.wp.com\/kavea-martinique.com\/wp-content\/uploads\/2024\/02\/viaudiere-packshot-jusraisin-petillant.png?fit=600%2C600&ssl=1&resize=350%2C200 1x, https:\/\/i0.wp.com\/kavea-martinique.com\/wp-content\/uploads\/2024\/02\/viaudiere-packshot-jusraisin-petillant.png?fit=600%2C600&ssl=1&resize=525%2C300 1.5x"},"classes":[]},{"id":2407,"url":"https:\/\/kavea-martinique.com\/?product=la-meuliere-chablis","url_meta":{"origin":2881,"position":4},"title":"Domaine La Meuliere &#8211; Chablis","author":"Marc-Olivier Renay","date":"26 octobre 2022","format":false,"excerpt":"C\u00e9page : 100% Chardonnay Cuv\u00e9e :\u00a0 Mill\u00e9sime : 2021 Label : Haute Valeur Environnementale Contenance : 75 cl Garde : 5 ans Degr\u00e9s d'alcool : 14 \u00b0 Accords mets et vins : Tartare de thon \"aller\/retour\" Temp\u00e9rature de service : 12 \u00b0 Robe : Or vert limpide Nez : Frais\u2026","rel":"","context":"Article similaire","block_context":{"text":"Article similaire","link":""},"img":{"alt_text":"","src":"https:\/\/i0.wp.com\/kavea-martinique.com\/wp-content\/uploads\/2022\/10\/La-Meuliere-Chablis-1.png?fit=387%2C645&ssl=1&resize=350%2C200","width":350,"height":200},"classes":[]},{"id":2907,"url":"https:\/\/kavea-martinique.com\/?product=domaine-demangeot-santenay-villages","url_meta":{"origin":2881,"position":5},"title":"Domaine Demangeot &#8211; Santenay","author":"Marc-Olivier Renay","date":"7 d\u00e9cembre 2022","format":false,"excerpt":"C\u00e9page : 100% Pinot Noir Cuv\u00e9e : Mill\u00e9sime : 2020 Label :\u00a0Haute Valeur Environnementale Contenance : 75 cl Garde : 5 ans Degr\u00e9s d'alcool : 13 \u00b0 Accords mets et vins : Gambas flamb\u00e9es au rhum vieux Temp\u00e9rature de service : 15 \u00b0 Robe : Pourpre l\u00e9ger Nez : Fruits\u2026","rel":"","context":"Article similaire","block_context":{"text":"Article similaire","link":""},"img":{"alt_text":"","src":"https:\/\/i0.wp.com\/kavea-martinique.com\/wp-content\/uploads\/2022\/12\/domaine-demangeot-santenay-aop-rouge-2017.png?fit=458%2C458&ssl=1&resize=350%2C200","width":350,"height":200},"classes":[]}],"jetpack_sharing_enabled":true,"_links":{"self":[{"href":"https:\/\/kavea-martinique.com\/index.php?rest_route=\/wp\/v2\/product\/2881","targetHints":{"allow":["GET"]}}],"collection":[{"href":"https:\/\/kavea-martinique.com\/index.php?rest_route=\/wp\/v2\/product"}],"about":[{"href":"https:\/\/kavea-martinique.com\/index.php?rest_route=\/wp\/v2\/types\/product"}],"replies":[{"embeddable":true,"href":"https:\/\/kavea-martinique.com\/index.php?rest_route=%2Fwp%2Fv2%2Fcomments&post=2881"}],"wp:featuredmedia":[{"embeddable":true,"href":"https:\/\/kavea-martinique.com\/index.php?rest_route=\/wp\/v2\/media\/3096"}],"wp:attachment":[{"href":"https:\/\/kavea-martinique.com\/index.php?rest_route=%2Fwp%2Fv2%2Fmedia&parent=2881"}],"wp:term":[{"taxonomy":"product_brand","embeddable":true,"href":"https:\/\/kavea-martinique.com\/index.php?rest_route=%2Fwp%2Fv2%2Fproduct_brand&post=2881"},{"taxonomy":"product_cat","embeddable":true,"href":"https:\/\/kavea-martinique.com\/index.php?rest_route=%2Fwp%2Fv2%2Fproduct_cat&post=2881"},{"taxonomy":"product_tag","embeddable":true,"href":"https:\/\/kavea-martinique.com\/index.php?rest_route=%2Fwp%2Fv2%2Fproduct_tag&post=2881"}],"curies":[{"name":"wp","href":"https:\/\/api.w.org\/{rel}","templated":true}]}}