{"id":2891,"date":"2022-12-07T19:00:04","date_gmt":"2022-12-07T18:00:04","guid":{"rendered":"https:\/\/kavea-martinique.com\/?post_type=product&#038;p=2891"},"modified":"2025-04-12T23:15:56","modified_gmt":"2025-04-13T03:15:56","slug":"domaine-les-pins-bourgeuil-2","status":"publish","type":"product","link":"https:\/\/kavea-martinique.com\/?product=domaine-les-pins-bourgeuil-2","title":{"rendered":"Domaine Les Pins Vieilles Vignes &#8211; Bourgeuil"},"content":{"rendered":"","protected":false},"excerpt":{"rendered":"<p><em><strong>C\u00e9page :<\/strong><\/em> 100% Cabernet Franc<br \/>\n<em><strong>Cuv\u00e9e :<\/strong><\/em> Vieilles Vignes<br \/>\n<em><strong>Mill\u00e9sime :<\/strong><\/em> 2019<br \/>\n<em><strong>Label :<\/strong><\/em> Haute Valeur Environnementale<br \/>\n<em><strong>Contenance :<\/strong><\/em> 75 cl<br \/>\n<em><strong>Garde :<\/strong><\/em> 6 ans<br \/>\n<em><strong>Degr\u00e9s d&rsquo;alcool :<\/strong> <\/em>13 \u00b0<br \/>\n<em><strong>Accords mets et vins : <\/strong><\/em>Supr\u00eame de poulet, jus au bois d&rsquo;inde<br \/>\n<em><strong>Temp\u00e9rature de service :<\/strong><\/em> 15 \u00b0<br \/>\n<em><strong>Robe : <\/strong><\/em>Couleur pourpre, intense, reflets grenat<br \/>\n<em><strong>Nez : <\/strong><\/em>Etoff\u00e9, puissant<br \/>\n<em><strong>Bouche :<\/strong><\/em> Profonde, g\u00e9n\u00e9reuse, charnue, notes de fruits noirs, tanins ronds, bonne intensit\u00e9, longue persistance<\/p>\n","protected":false},"featured_media":3692,"comment_status":"open","ping_status":"closed","template":"","meta":{"site-sidebar-layout":"default","site-content-layout":"default","ast-site-content-layout":"","site-content-style":"default","site-sidebar-style":"default","ast-global-header-display":"","ast-banner-title-visibility":"","ast-main-header-display":"","ast-hfb-above-header-display":"","ast-hfb-below-header-display":"","ast-hfb-mobile-header-display":"","site-post-title":"","ast-breadcrumbs-content":"","ast-featured-img":"","footer-sml-layout":"","theme-transparent-header-meta":"default","adv-header-id-meta":"","stick-header-meta":"","header-above-stick-meta":"","header-main-stick-meta":"","header-below-stick-meta":"","astra-migrate-meta-layouts":"default","ast-page-background-enabled":"default","ast-page-background-meta":{"desktop":{"background-color":"","background-image":"","background-repeat":"repeat","background-position":"center center","background-size":"auto","background-attachment":"scroll","background-type":"","background-media":"","overlay-type":"","overlay-color":"","overlay-gradient":""},"tablet":{"background-color":"","background-image":"","background-repeat":"repeat","background-position":"center center","background-size":"auto","background-attachment":"scroll","background-type":"","background-media":"","overlay-type":"","overlay-color":"","overlay-gradient":""},"mobile":{"background-color":"","background-image":"","background-repeat":"repeat","background-position":"center center","background-size":"auto","background-attachment":"scroll","background-type":"","background-media":"","overlay-type":"","overlay-color":"","overlay-gradient":""}},"ast-content-background-meta":{"desktop":{"background-color":"var(--ast-global-color-5)","background-image":"","background-repeat":"repeat","background-position":"center center","background-size":"auto","background-attachment":"scroll","background-type":"","background-media":"","overlay-type":"","overlay-color":"","overlay-gradient":""},"tablet":{"background-color":"var(--ast-global-color-5)","background-image":"","background-repeat":"repeat","background-position":"center center","background-size":"auto","background-attachment":"scroll","background-type":"","background-media":"","overlay-type":"","overlay-color":"","overlay-gradient":""},"mobile":{"background-color":"var(--ast-global-color-5)","background-image":"","background-repeat":"repeat","background-position":"center center","background-size":"auto","background-attachment":"scroll","background-type":"","background-media":"","overlay-type":"","overlay-color":"","overlay-gradient":""}},"_themeisle_gutenberg_block_has_review":false},"product_brand":[],"product_cat":[56,28],"product_tag":[],"class_list":{"0":"post-2891","1":"product","2":"type-product","3":"status-publish","4":"has-post-thumbnail","6":"product_cat-val-de-loire-vins-rouges","7":"product_cat-vins-rouges","8":"desktop-align-left","9":"tablet-align-left","10":"mobile-align-left","12":"first","13":"instock","14":"shipping-taxable","15":"purchasable","16":"product-type-simple"},"yoast_head":"<!-- This site is optimized with the Yoast SEO plugin v27.4 - https:\/\/yoast.com\/product\/yoast-seo-wordpress\/ -->\n<title>Domaine Les Pins Vieilles Vignes - Bourgeuil - Kav\u00e9a | Cave \u00e0 vins et champagnes | Epicerie fine | Le Robert Martinique<\/title>\n<meta name=\"robots\" content=\"index, follow, max-snippet:-1, max-image-preview:large, max-video-preview:-1\" \/>\n<link rel=\"canonical\" href=\"https:\/\/kavea-martinique.com\/?product=domaine-les-pins-bourgeuil-2\" \/>\n<meta property=\"og:locale\" content=\"fr_FR\" \/>\n<meta property=\"og:type\" content=\"article\" \/>\n<meta property=\"og:title\" content=\"Domaine Les Pins Vieilles Vignes - Bourgeuil - Kav\u00e9a | Cave \u00e0 vins et champagnes | Epicerie fine | Le Robert Martinique\" \/>\n<meta property=\"og:description\" content=\"C\u00e9page : 100% Cabernet Franc Cuv\u00e9e : Vieilles Vignes Mill\u00e9sime : 2019 Label : Haute Valeur Environnementale Contenance : 75 cl Garde : 6 ans Degr\u00e9s d&#039;alcool : 13 \u00b0 Accords mets et vins : Supr\u00eame de poulet, jus au bois d&#039;inde Temp\u00e9rature de service : 15 \u00b0 Robe : Couleur pourpre, intense, reflets grenat Nez : Etoff\u00e9, puissant Bouche : Profonde, g\u00e9n\u00e9reuse, charnue, notes de fruits noirs, tanins ronds, bonne intensit\u00e9, longue persistance\" \/>\n<meta property=\"og:url\" content=\"https:\/\/kavea-martinique.com\/?product=domaine-les-pins-bourgeuil-2\" \/>\n<meta property=\"og:site_name\" content=\"Kav\u00e9a | Cave \u00e0 vins et champagnes | Epicerie fine | Le Robert Martinique\" \/>\n<meta property=\"article:modified_time\" content=\"2025-04-13T03:15:56+00:00\" \/>\n<meta property=\"og:image\" content=\"https:\/\/kavea-martinique.com\/wp-content\/uploads\/2022\/12\/Les-Pins-Vieilles-Vignes-1.png\" \/>\n\t<meta property=\"og:image:width\" content=\"253\" \/>\n\t<meta property=\"og:image:height\" content=\"380\" \/>\n\t<meta property=\"og:image:type\" content=\"image\/png\" \/>\n<meta name=\"twitter:card\" content=\"summary_large_image\" \/>\n<script type=\"application\/ld+json\" class=\"yoast-schema-graph\">{\"@context\":\"https:\\\/\\\/schema.org\",\"@graph\":[{\"@type\":\"WebPage\",\"@id\":\"https:\\\/\\\/kavea-martinique.com\\\/?product=domaine-les-pins-bourgeuil-2\",\"url\":\"https:\\\/\\\/kavea-martinique.com\\\/?product=domaine-les-pins-bourgeuil-2\",\"name\":\"Domaine Les Pins Vieilles Vignes - Bourgeuil - Kav\u00e9a | Cave \u00e0 vins et champagnes | Epicerie fine | Le Robert Martinique\",\"isPartOf\":{\"@id\":\"https:\\\/\\\/kavea-martinique.com\\\/#website\"},\"primaryImageOfPage\":{\"@id\":\"https:\\\/\\\/kavea-martinique.com\\\/?product=domaine-les-pins-bourgeuil-2#primaryimage\"},\"image\":{\"@id\":\"https:\\\/\\\/kavea-martinique.com\\\/?product=domaine-les-pins-bourgeuil-2#primaryimage\"},\"thumbnailUrl\":\"https:\\\/\\\/i0.wp.com\\\/kavea-martinique.com\\\/wp-content\\\/uploads\\\/2022\\\/12\\\/Les-Pins-Vieilles-Vignes-1.png?fit=253%2C380&ssl=1\",\"datePublished\":\"2022-12-07T18:00:04+00:00\",\"dateModified\":\"2025-04-13T03:15:56+00:00\",\"breadcrumb\":{\"@id\":\"https:\\\/\\\/kavea-martinique.com\\\/?product=domaine-les-pins-bourgeuil-2#breadcrumb\"},\"inLanguage\":\"fr-FR\",\"potentialAction\":[{\"@type\":\"ReadAction\",\"target\":[\"https:\\\/\\\/kavea-martinique.com\\\/?product=domaine-les-pins-bourgeuil-2\"]}]},{\"@type\":\"ImageObject\",\"inLanguage\":\"fr-FR\",\"@id\":\"https:\\\/\\\/kavea-martinique.com\\\/?product=domaine-les-pins-bourgeuil-2#primaryimage\",\"url\":\"https:\\\/\\\/i0.wp.com\\\/kavea-martinique.com\\\/wp-content\\\/uploads\\\/2022\\\/12\\\/Les-Pins-Vieilles-Vignes-1.png?fit=253%2C380&ssl=1\",\"contentUrl\":\"https:\\\/\\\/i0.wp.com\\\/kavea-martinique.com\\\/wp-content\\\/uploads\\\/2022\\\/12\\\/Les-Pins-Vieilles-Vignes-1.png?fit=253%2C380&ssl=1\",\"width\":253,\"height\":380},{\"@type\":\"BreadcrumbList\",\"@id\":\"https:\\\/\\\/kavea-martinique.com\\\/?product=domaine-les-pins-bourgeuil-2#breadcrumb\",\"itemListElement\":[{\"@type\":\"ListItem\",\"position\":1,\"name\":\"Accueil\",\"item\":\"https:\\\/\\\/kavea-martinique.com\\\/\"},{\"@type\":\"ListItem\",\"position\":2,\"name\":\"Shop\",\"item\":\"https:\\\/\\\/kavea-martinique.com\\\/?page_id=401\"},{\"@type\":\"ListItem\",\"position\":3,\"name\":\"Domaine Les Pins Vieilles Vignes &#8211; Bourgeuil\"}]},{\"@type\":\"WebSite\",\"@id\":\"https:\\\/\\\/kavea-martinique.com\\\/#website\",\"url\":\"https:\\\/\\\/kavea-martinique.com\\\/\",\"name\":\"Kav\u00e9a | Cave \u00e0 vins et champagnes | Epicerie fine | Le Robert Martinique\",\"description\":\"Cave \u00e0 vins \u00e9v\u00e8nementielle 100% Vignerons Ind\u00e9pendants \u00e9coresponsables. D\u00e9gustations sur mesure. Click &amp; Collect Livraison \u00e0 domicile\",\"publisher\":{\"@id\":\"https:\\\/\\\/kavea-martinique.com\\\/#organization\"},\"potentialAction\":[{\"@type\":\"SearchAction\",\"target\":{\"@type\":\"EntryPoint\",\"urlTemplate\":\"https:\\\/\\\/kavea-martinique.com\\\/?s={search_term_string}\"},\"query-input\":{\"@type\":\"PropertyValueSpecification\",\"valueRequired\":true,\"valueName\":\"search_term_string\"}}],\"inLanguage\":\"fr-FR\"},{\"@type\":\"Organization\",\"@id\":\"https:\\\/\\\/kavea-martinique.com\\\/#organization\",\"name\":\"Kav\u00e9a | Cave \u00e0 vins et champagnes | Epicerie fine | Le Robert Martinique\",\"url\":\"https:\\\/\\\/kavea-martinique.com\\\/\",\"logo\":{\"@type\":\"ImageObject\",\"inLanguage\":\"fr-FR\",\"@id\":\"https:\\\/\\\/kavea-martinique.com\\\/#\\\/schema\\\/logo\\\/image\\\/\",\"url\":\"https:\\\/\\\/i0.wp.com\\\/kavea-martinique.com\\\/wp-content\\\/uploads\\\/2022\\\/10\\\/unnamed.png?fit=1280%2C382&ssl=1\",\"contentUrl\":\"https:\\\/\\\/i0.wp.com\\\/kavea-martinique.com\\\/wp-content\\\/uploads\\\/2022\\\/10\\\/unnamed.png?fit=1280%2C382&ssl=1\",\"width\":1280,\"height\":382,\"caption\":\"Kav\u00e9a | Cave \u00e0 vins et champagnes | Epicerie fine | Le Robert Martinique\"},\"image\":{\"@id\":\"https:\\\/\\\/kavea-martinique.com\\\/#\\\/schema\\\/logo\\\/image\\\/\"},\"sameAs\":[\"https:\\\/\\\/www.instagram.com\\\/kaveamartinique\\\/?hl=fr\"]}]}<\/script>\n<!-- \/ Yoast SEO plugin. -->","yoast_head_json":{"title":"Domaine Les Pins Vieilles Vignes - Bourgeuil - Kav\u00e9a | Cave \u00e0 vins et champagnes | Epicerie fine | Le Robert Martinique","robots":{"index":"index","follow":"follow","max-snippet":"max-snippet:-1","max-image-preview":"max-image-preview:large","max-video-preview":"max-video-preview:-1"},"canonical":"https:\/\/kavea-martinique.com\/?product=domaine-les-pins-bourgeuil-2","og_locale":"fr_FR","og_type":"article","og_title":"Domaine Les Pins Vieilles Vignes - Bourgeuil - Kav\u00e9a | Cave \u00e0 vins et champagnes | Epicerie fine | Le Robert Martinique","og_description":"C\u00e9page : 100% Cabernet Franc Cuv\u00e9e : Vieilles Vignes Mill\u00e9sime : 2019 Label : Haute Valeur Environnementale Contenance : 75 cl Garde : 6 ans Degr\u00e9s d'alcool : 13 \u00b0 Accords mets et vins : Supr\u00eame de poulet, jus au bois d'inde Temp\u00e9rature de service : 15 \u00b0 Robe : Couleur pourpre, intense, reflets grenat Nez : Etoff\u00e9, puissant Bouche : Profonde, g\u00e9n\u00e9reuse, charnue, notes de fruits noirs, tanins ronds, bonne intensit\u00e9, longue persistance","og_url":"https:\/\/kavea-martinique.com\/?product=domaine-les-pins-bourgeuil-2","og_site_name":"Kav\u00e9a | Cave \u00e0 vins et champagnes | Epicerie fine | Le Robert Martinique","article_modified_time":"2025-04-13T03:15:56+00:00","og_image":[{"width":253,"height":380,"url":"https:\/\/kavea-martinique.com\/wp-content\/uploads\/2022\/12\/Les-Pins-Vieilles-Vignes-1.png","type":"image\/png"}],"twitter_card":"summary_large_image","schema":{"@context":"https:\/\/schema.org","@graph":[{"@type":"WebPage","@id":"https:\/\/kavea-martinique.com\/?product=domaine-les-pins-bourgeuil-2","url":"https:\/\/kavea-martinique.com\/?product=domaine-les-pins-bourgeuil-2","name":"Domaine Les Pins Vieilles Vignes - Bourgeuil - Kav\u00e9a | Cave \u00e0 vins et champagnes | Epicerie fine | Le Robert Martinique","isPartOf":{"@id":"https:\/\/kavea-martinique.com\/#website"},"primaryImageOfPage":{"@id":"https:\/\/kavea-martinique.com\/?product=domaine-les-pins-bourgeuil-2#primaryimage"},"image":{"@id":"https:\/\/kavea-martinique.com\/?product=domaine-les-pins-bourgeuil-2#primaryimage"},"thumbnailUrl":"https:\/\/i0.wp.com\/kavea-martinique.com\/wp-content\/uploads\/2022\/12\/Les-Pins-Vieilles-Vignes-1.png?fit=253%2C380&ssl=1","datePublished":"2022-12-07T18:00:04+00:00","dateModified":"2025-04-13T03:15:56+00:00","breadcrumb":{"@id":"https:\/\/kavea-martinique.com\/?product=domaine-les-pins-bourgeuil-2#breadcrumb"},"inLanguage":"fr-FR","potentialAction":[{"@type":"ReadAction","target":["https:\/\/kavea-martinique.com\/?product=domaine-les-pins-bourgeuil-2"]}]},{"@type":"ImageObject","inLanguage":"fr-FR","@id":"https:\/\/kavea-martinique.com\/?product=domaine-les-pins-bourgeuil-2#primaryimage","url":"https:\/\/i0.wp.com\/kavea-martinique.com\/wp-content\/uploads\/2022\/12\/Les-Pins-Vieilles-Vignes-1.png?fit=253%2C380&ssl=1","contentUrl":"https:\/\/i0.wp.com\/kavea-martinique.com\/wp-content\/uploads\/2022\/12\/Les-Pins-Vieilles-Vignes-1.png?fit=253%2C380&ssl=1","width":253,"height":380},{"@type":"BreadcrumbList","@id":"https:\/\/kavea-martinique.com\/?product=domaine-les-pins-bourgeuil-2#breadcrumb","itemListElement":[{"@type":"ListItem","position":1,"name":"Accueil","item":"https:\/\/kavea-martinique.com\/"},{"@type":"ListItem","position":2,"name":"Shop","item":"https:\/\/kavea-martinique.com\/?page_id=401"},{"@type":"ListItem","position":3,"name":"Domaine Les Pins Vieilles Vignes &#8211; Bourgeuil"}]},{"@type":"WebSite","@id":"https:\/\/kavea-martinique.com\/#website","url":"https:\/\/kavea-martinique.com\/","name":"Kav\u00e9a | Cave \u00e0 vins et champagnes | Epicerie fine | Le Robert Martinique","description":"Cave \u00e0 vins \u00e9v\u00e8nementielle 100% Vignerons Ind\u00e9pendants \u00e9coresponsables. D\u00e9gustations sur mesure. Click &amp; Collect Livraison \u00e0 domicile","publisher":{"@id":"https:\/\/kavea-martinique.com\/#organization"},"potentialAction":[{"@type":"SearchAction","target":{"@type":"EntryPoint","urlTemplate":"https:\/\/kavea-martinique.com\/?s={search_term_string}"},"query-input":{"@type":"PropertyValueSpecification","valueRequired":true,"valueName":"search_term_string"}}],"inLanguage":"fr-FR"},{"@type":"Organization","@id":"https:\/\/kavea-martinique.com\/#organization","name":"Kav\u00e9a | Cave \u00e0 vins et champagnes | Epicerie fine | Le Robert Martinique","url":"https:\/\/kavea-martinique.com\/","logo":{"@type":"ImageObject","inLanguage":"fr-FR","@id":"https:\/\/kavea-martinique.com\/#\/schema\/logo\/image\/","url":"https:\/\/i0.wp.com\/kavea-martinique.com\/wp-content\/uploads\/2022\/10\/unnamed.png?fit=1280%2C382&ssl=1","contentUrl":"https:\/\/i0.wp.com\/kavea-martinique.com\/wp-content\/uploads\/2022\/10\/unnamed.png?fit=1280%2C382&ssl=1","width":1280,"height":382,"caption":"Kav\u00e9a | Cave \u00e0 vins et champagnes | Epicerie fine | Le Robert Martinique"},"image":{"@id":"https:\/\/kavea-martinique.com\/#\/schema\/logo\/image\/"},"sameAs":["https:\/\/www.instagram.com\/kaveamartinique\/?hl=fr"]}]}},"jetpack-related-posts":[{"id":2879,"url":"https:\/\/kavea-martinique.com\/?product=domaine-olivier-hillaire-cotes-du-rhone","url_meta":{"origin":2891,"position":0},"title":"Domaine Olivier Hillaire &#8211; C\u00f4tes du Rh\u00f4ne","author":"Marc-Olivier Renay","date":"7 d\u00e9cembre 2022","format":false,"excerpt":"C\u00e9page : 60 % Grenache et 40 % Syrah Cuv\u00e9e : Vieilles Vignes Mill\u00e9sime : 2021 Label : Haute Valeur Environnementale Contenance : 75 cl Garde : 4 ans Degr\u00e9s d'alcool : 14,5\u00b0 Accords mets et vins : Fricass\u00e9 de lambi Temp\u00e9rature de service : 16\u00b0 Robe : Rouge Rubis\u2026","rel":"","context":"Article similaire","block_context":{"text":"Article similaire","link":""},"img":{"alt_text":"","src":"https:\/\/i0.wp.com\/kavea-martinique.com\/wp-content\/uploads\/2022\/12\/Olivier-Hillaire-Cotes-du-Rhone-2020.png?fit=750%2C1125&ssl=1&resize=350%2C200","width":350,"height":200,"srcset":"https:\/\/i0.wp.com\/kavea-martinique.com\/wp-content\/uploads\/2022\/12\/Olivier-Hillaire-Cotes-du-Rhone-2020.png?fit=750%2C1125&ssl=1&resize=350%2C200 1x, https:\/\/i0.wp.com\/kavea-martinique.com\/wp-content\/uploads\/2022\/12\/Olivier-Hillaire-Cotes-du-Rhone-2020.png?fit=750%2C1125&ssl=1&resize=525%2C300 1.5x, https:\/\/i0.wp.com\/kavea-martinique.com\/wp-content\/uploads\/2022\/12\/Olivier-Hillaire-Cotes-du-Rhone-2020.png?fit=750%2C1125&ssl=1&resize=700%2C400 2x"},"classes":[]}],"jetpack_sharing_enabled":true,"_links":{"self":[{"href":"https:\/\/kavea-martinique.com\/index.php?rest_route=\/wp\/v2\/product\/2891","targetHints":{"allow":["GET"]}}],"collection":[{"href":"https:\/\/kavea-martinique.com\/index.php?rest_route=\/wp\/v2\/product"}],"about":[{"href":"https:\/\/kavea-martinique.com\/index.php?rest_route=\/wp\/v2\/types\/product"}],"replies":[{"embeddable":true,"href":"https:\/\/kavea-martinique.com\/index.php?rest_route=%2Fwp%2Fv2%2Fcomments&post=2891"}],"wp:featuredmedia":[{"embeddable":true,"href":"https:\/\/kavea-martinique.com\/index.php?rest_route=\/wp\/v2\/media\/3692"}],"wp:attachment":[{"href":"https:\/\/kavea-martinique.com\/index.php?rest_route=%2Fwp%2Fv2%2Fmedia&parent=2891"}],"wp:term":[{"taxonomy":"product_brand","embeddable":true,"href":"https:\/\/kavea-martinique.com\/index.php?rest_route=%2Fwp%2Fv2%2Fproduct_brand&post=2891"},{"taxonomy":"product_cat","embeddable":true,"href":"https:\/\/kavea-martinique.com\/index.php?rest_route=%2Fwp%2Fv2%2Fproduct_cat&post=2891"},{"taxonomy":"product_tag","embeddable":true,"href":"https:\/\/kavea-martinique.com\/index.php?rest_route=%2Fwp%2Fv2%2Fproduct_tag&post=2891"}],"curies":[{"name":"wp","href":"https:\/\/api.w.org\/{rel}","templated":true}]}}