{"id":2895,"date":"2022-12-07T19:40:09","date_gmt":"2022-12-07T18:40:09","guid":{"rendered":"https:\/\/kavea-martinique.com\/?post_type=product&#038;p=2895"},"modified":"2024-02-23T16:48:08","modified_gmt":"2024-02-23T20:48:08","slug":"domaine-de-la-viaudiere-cabernet-danjou","status":"publish","type":"product","link":"https:\/\/kavea-martinique.com\/?product=domaine-de-la-viaudiere-cabernet-danjou","title":{"rendered":"Domaine de la Viaudi\u00e8re &#8211; Cabernet d&rsquo;Anjou"},"content":{"rendered":"","protected":false},"excerpt":{"rendered":"<p><em><strong>C\u00e9page :<\/strong><\/em> 100% Cabernet Sauvignon<br \/>\n<em><strong>Cuv\u00e9e :<\/strong><\/em> Jardin d&rsquo;\u00e9t\u00e9<br \/>\n<em><strong>Mill\u00e9sime :<\/strong><\/em> 2022<br \/>\n<em><strong>Label :<\/strong><\/em> Biodynamie<br \/>\n<em><strong>Contenance :<\/strong><\/em> 75 cl<br \/>\n<em><strong>Garde :<\/strong><\/em> 2 ans<br \/>\n<em><strong>Degr\u00e9s d&rsquo;alcool :<\/strong> <\/em>12 \u00b0<br \/>\n<em><strong>Accords mets et vins : <\/strong><\/em> Carr\u00e9 de porc boucan\u00e9 aux carottes r\u00f4ties<br \/>\n<em><strong>Temp\u00e9rature de service :<\/strong><\/em> 11 \u00b0<br \/>\n<em><strong>Robe : <\/strong><\/em>Ros\u00e9e l\u00e9gerement orang\u00e9e<br \/>\n<em><strong>Nez : <\/strong><\/em>Notes de groseilles et de grenadine<br \/>\n<em><strong>Bouche :<\/strong><\/em> Fra\u00eeche et acidul\u00e9<\/p>\n","protected":false},"featured_media":3196,"comment_status":"open","ping_status":"closed","template":"","meta":{"site-sidebar-layout":"default","site-content-layout":"default","ast-site-content-layout":"default","site-content-style":"default","site-sidebar-style":"default","ast-global-header-display":"","ast-banner-title-visibility":"","ast-main-header-display":"","ast-hfb-above-header-display":"","ast-hfb-below-header-display":"","ast-hfb-mobile-header-display":"","site-post-title":"","ast-breadcrumbs-content":"","ast-featured-img":"","footer-sml-layout":"","theme-transparent-header-meta":"default","adv-header-id-meta":"","stick-header-meta":"","header-above-stick-meta":"","header-main-stick-meta":"","header-below-stick-meta":"","astra-migrate-meta-layouts":"set","ast-page-background-enabled":"default","ast-page-background-meta":{"desktop":{"background-color":"","background-image":"","background-repeat":"repeat","background-position":"center center","background-size":"auto","background-attachment":"scroll","background-type":"","background-media":"","overlay-type":"","overlay-color":"","overlay-gradient":""},"tablet":{"background-color":"","background-image":"","background-repeat":"repeat","background-position":"center center","background-size":"auto","background-attachment":"scroll","background-type":"","background-media":"","overlay-type":"","overlay-color":"","overlay-gradient":""},"mobile":{"background-color":"","background-image":"","background-repeat":"repeat","background-position":"center center","background-size":"auto","background-attachment":"scroll","background-type":"","background-media":"","overlay-type":"","overlay-color":"","overlay-gradient":""}},"ast-content-background-meta":{"desktop":{"background-color":"var(--ast-global-color-5)","background-image":"","background-repeat":"repeat","background-position":"center center","background-size":"auto","background-attachment":"scroll","background-type":"","background-media":"","overlay-type":"","overlay-color":"","overlay-gradient":""},"tablet":{"background-color":"var(--ast-global-color-5)","background-image":"","background-repeat":"repeat","background-position":"center center","background-size":"auto","background-attachment":"scroll","background-type":"","background-media":"","overlay-type":"","overlay-color":"","overlay-gradient":""},"mobile":{"background-color":"var(--ast-global-color-5)","background-image":"","background-repeat":"repeat","background-position":"center center","background-size":"auto","background-attachment":"scroll","background-type":"","background-media":"","overlay-type":"","overlay-color":"","overlay-gradient":""}},"_themeisle_gutenberg_block_has_review":false},"product_brand":[],"product_cat":[55,20],"product_tag":[],"class_list":{"0":"post-2895","1":"product","2":"type-product","3":"status-publish","4":"has-post-thumbnail","6":"product_cat-val-de-loire","7":"product_cat-vin-blancs-et-roses","8":"desktop-align-left","9":"tablet-align-left","10":"mobile-align-left","12":"first","13":"instock","14":"shipping-taxable","15":"purchasable","16":"product-type-simple"},"yoast_head":"<!-- This site is optimized with the Yoast SEO plugin v27.4 - https:\/\/yoast.com\/product\/yoast-seo-wordpress\/ -->\n<title>Domaine de la Viaudi\u00e8re - Cabernet d&#039;Anjou - Kav\u00e9a | Cave \u00e0 vins et champagnes | Epicerie fine | Le Robert Martinique<\/title>\n<meta name=\"robots\" content=\"index, follow, max-snippet:-1, max-image-preview:large, max-video-preview:-1\" \/>\n<link rel=\"canonical\" href=\"https:\/\/kavea-martinique.com\/?product=domaine-de-la-viaudiere-cabernet-danjou\" \/>\n<meta property=\"og:locale\" content=\"fr_FR\" \/>\n<meta property=\"og:type\" content=\"article\" \/>\n<meta property=\"og:title\" content=\"Domaine de la Viaudi\u00e8re - Cabernet d&#039;Anjou - Kav\u00e9a | Cave \u00e0 vins et champagnes | Epicerie fine | Le Robert Martinique\" \/>\n<meta property=\"og:description\" content=\"C\u00e9page : 100% Cabernet Sauvignon Cuv\u00e9e : Jardin d&#039;\u00e9t\u00e9 Mill\u00e9sime : 2022 Label : Biodynamie Contenance : 75 cl Garde : 2 ans Degr\u00e9s d&#039;alcool : 12 \u00b0 Accords mets et vins : Carr\u00e9 de porc boucan\u00e9 aux carottes r\u00f4ties Temp\u00e9rature de service : 11 \u00b0 Robe : Ros\u00e9e l\u00e9gerement orang\u00e9e Nez : Notes de groseilles et de grenadine Bouche : Fra\u00eeche et acidul\u00e9\" \/>\n<meta property=\"og:url\" content=\"https:\/\/kavea-martinique.com\/?product=domaine-de-la-viaudiere-cabernet-danjou\" \/>\n<meta property=\"og:site_name\" content=\"Kav\u00e9a | Cave \u00e0 vins et champagnes | Epicerie fine | Le Robert Martinique\" \/>\n<meta property=\"article:modified_time\" content=\"2024-02-23T20:48:08+00:00\" \/>\n<meta property=\"og:image\" content=\"https:\/\/kavea-martinique.com\/wp-content\/uploads\/2022\/12\/jardindete-packshot-cabernet-danjou.png\" \/>\n\t<meta property=\"og:image:width\" content=\"600\" \/>\n\t<meta property=\"og:image:height\" content=\"600\" \/>\n\t<meta property=\"og:image:type\" content=\"image\/png\" \/>\n<meta name=\"twitter:card\" content=\"summary_large_image\" \/>\n<meta name=\"twitter:label1\" content=\"Dur\u00e9e de lecture estim\u00e9e\" \/>\n\t<meta name=\"twitter:data1\" content=\"1 minute\" \/>\n<script type=\"application\/ld+json\" class=\"yoast-schema-graph\">{\"@context\":\"https:\\\/\\\/schema.org\",\"@graph\":[{\"@type\":\"WebPage\",\"@id\":\"https:\\\/\\\/kavea-martinique.com\\\/?product=domaine-de-la-viaudiere-cabernet-danjou\",\"url\":\"https:\\\/\\\/kavea-martinique.com\\\/?product=domaine-de-la-viaudiere-cabernet-danjou\",\"name\":\"Domaine de la Viaudi\u00e8re - Cabernet d'Anjou - Kav\u00e9a | Cave \u00e0 vins et champagnes | Epicerie fine | Le Robert Martinique\",\"isPartOf\":{\"@id\":\"https:\\\/\\\/kavea-martinique.com\\\/#website\"},\"primaryImageOfPage\":{\"@id\":\"https:\\\/\\\/kavea-martinique.com\\\/?product=domaine-de-la-viaudiere-cabernet-danjou#primaryimage\"},\"image\":{\"@id\":\"https:\\\/\\\/kavea-martinique.com\\\/?product=domaine-de-la-viaudiere-cabernet-danjou#primaryimage\"},\"thumbnailUrl\":\"https:\\\/\\\/i0.wp.com\\\/kavea-martinique.com\\\/wp-content\\\/uploads\\\/2022\\\/12\\\/jardindete-packshot-cabernet-danjou.png?fit=600%2C600&ssl=1\",\"datePublished\":\"2022-12-07T18:40:09+00:00\",\"dateModified\":\"2024-02-23T20:48:08+00:00\",\"breadcrumb\":{\"@id\":\"https:\\\/\\\/kavea-martinique.com\\\/?product=domaine-de-la-viaudiere-cabernet-danjou#breadcrumb\"},\"inLanguage\":\"fr-FR\",\"potentialAction\":[{\"@type\":\"ReadAction\",\"target\":[\"https:\\\/\\\/kavea-martinique.com\\\/?product=domaine-de-la-viaudiere-cabernet-danjou\"]}]},{\"@type\":\"ImageObject\",\"inLanguage\":\"fr-FR\",\"@id\":\"https:\\\/\\\/kavea-martinique.com\\\/?product=domaine-de-la-viaudiere-cabernet-danjou#primaryimage\",\"url\":\"https:\\\/\\\/i0.wp.com\\\/kavea-martinique.com\\\/wp-content\\\/uploads\\\/2022\\\/12\\\/jardindete-packshot-cabernet-danjou.png?fit=600%2C600&ssl=1\",\"contentUrl\":\"https:\\\/\\\/i0.wp.com\\\/kavea-martinique.com\\\/wp-content\\\/uploads\\\/2022\\\/12\\\/jardindete-packshot-cabernet-danjou.png?fit=600%2C600&ssl=1\",\"width\":600,\"height\":600},{\"@type\":\"BreadcrumbList\",\"@id\":\"https:\\\/\\\/kavea-martinique.com\\\/?product=domaine-de-la-viaudiere-cabernet-danjou#breadcrumb\",\"itemListElement\":[{\"@type\":\"ListItem\",\"position\":1,\"name\":\"Accueil\",\"item\":\"https:\\\/\\\/kavea-martinique.com\\\/\"},{\"@type\":\"ListItem\",\"position\":2,\"name\":\"Shop\",\"item\":\"https:\\\/\\\/kavea-martinique.com\\\/?page_id=401\"},{\"@type\":\"ListItem\",\"position\":3,\"name\":\"Domaine de la Viaudi\u00e8re &#8211; Cabernet d&rsquo;Anjou\"}]},{\"@type\":\"WebSite\",\"@id\":\"https:\\\/\\\/kavea-martinique.com\\\/#website\",\"url\":\"https:\\\/\\\/kavea-martinique.com\\\/\",\"name\":\"Kav\u00e9a | Cave \u00e0 vins et champagnes | Epicerie fine | Le Robert Martinique\",\"description\":\"Cave \u00e0 vins \u00e9v\u00e8nementielle 100% Vignerons Ind\u00e9pendants \u00e9coresponsables. D\u00e9gustations sur mesure. Click &amp; Collect Livraison \u00e0 domicile\",\"publisher\":{\"@id\":\"https:\\\/\\\/kavea-martinique.com\\\/#organization\"},\"potentialAction\":[{\"@type\":\"SearchAction\",\"target\":{\"@type\":\"EntryPoint\",\"urlTemplate\":\"https:\\\/\\\/kavea-martinique.com\\\/?s={search_term_string}\"},\"query-input\":{\"@type\":\"PropertyValueSpecification\",\"valueRequired\":true,\"valueName\":\"search_term_string\"}}],\"inLanguage\":\"fr-FR\"},{\"@type\":\"Organization\",\"@id\":\"https:\\\/\\\/kavea-martinique.com\\\/#organization\",\"name\":\"Kav\u00e9a | Cave \u00e0 vins et champagnes | Epicerie fine | Le Robert Martinique\",\"url\":\"https:\\\/\\\/kavea-martinique.com\\\/\",\"logo\":{\"@type\":\"ImageObject\",\"inLanguage\":\"fr-FR\",\"@id\":\"https:\\\/\\\/kavea-martinique.com\\\/#\\\/schema\\\/logo\\\/image\\\/\",\"url\":\"https:\\\/\\\/i0.wp.com\\\/kavea-martinique.com\\\/wp-content\\\/uploads\\\/2022\\\/10\\\/unnamed.png?fit=1280%2C382&ssl=1\",\"contentUrl\":\"https:\\\/\\\/i0.wp.com\\\/kavea-martinique.com\\\/wp-content\\\/uploads\\\/2022\\\/10\\\/unnamed.png?fit=1280%2C382&ssl=1\",\"width\":1280,\"height\":382,\"caption\":\"Kav\u00e9a | Cave \u00e0 vins et champagnes | Epicerie fine | Le Robert Martinique\"},\"image\":{\"@id\":\"https:\\\/\\\/kavea-martinique.com\\\/#\\\/schema\\\/logo\\\/image\\\/\"},\"sameAs\":[\"https:\\\/\\\/www.instagram.com\\\/kaveamartinique\\\/?hl=fr\"]}]}<\/script>\n<!-- \/ Yoast SEO plugin. -->","yoast_head_json":{"title":"Domaine de la Viaudi\u00e8re - Cabernet d'Anjou - Kav\u00e9a | Cave \u00e0 vins et champagnes | Epicerie fine | Le Robert Martinique","robots":{"index":"index","follow":"follow","max-snippet":"max-snippet:-1","max-image-preview":"max-image-preview:large","max-video-preview":"max-video-preview:-1"},"canonical":"https:\/\/kavea-martinique.com\/?product=domaine-de-la-viaudiere-cabernet-danjou","og_locale":"fr_FR","og_type":"article","og_title":"Domaine de la Viaudi\u00e8re - Cabernet d'Anjou - Kav\u00e9a | Cave \u00e0 vins et champagnes | Epicerie fine | Le Robert Martinique","og_description":"C\u00e9page : 100% Cabernet Sauvignon Cuv\u00e9e : Jardin d'\u00e9t\u00e9 Mill\u00e9sime : 2022 Label : Biodynamie Contenance : 75 cl Garde : 2 ans Degr\u00e9s d'alcool : 12 \u00b0 Accords mets et vins : Carr\u00e9 de porc boucan\u00e9 aux carottes r\u00f4ties Temp\u00e9rature de service : 11 \u00b0 Robe : Ros\u00e9e l\u00e9gerement orang\u00e9e Nez : Notes de groseilles et de grenadine Bouche : Fra\u00eeche et acidul\u00e9","og_url":"https:\/\/kavea-martinique.com\/?product=domaine-de-la-viaudiere-cabernet-danjou","og_site_name":"Kav\u00e9a | Cave \u00e0 vins et champagnes | Epicerie fine | Le Robert Martinique","article_modified_time":"2024-02-23T20:48:08+00:00","og_image":[{"width":600,"height":600,"url":"https:\/\/kavea-martinique.com\/wp-content\/uploads\/2022\/12\/jardindete-packshot-cabernet-danjou.png","type":"image\/png"}],"twitter_card":"summary_large_image","twitter_misc":{"Dur\u00e9e de lecture estim\u00e9e":"1 minute"},"schema":{"@context":"https:\/\/schema.org","@graph":[{"@type":"WebPage","@id":"https:\/\/kavea-martinique.com\/?product=domaine-de-la-viaudiere-cabernet-danjou","url":"https:\/\/kavea-martinique.com\/?product=domaine-de-la-viaudiere-cabernet-danjou","name":"Domaine de la Viaudi\u00e8re - Cabernet d'Anjou - Kav\u00e9a | Cave \u00e0 vins et champagnes | Epicerie fine | Le Robert Martinique","isPartOf":{"@id":"https:\/\/kavea-martinique.com\/#website"},"primaryImageOfPage":{"@id":"https:\/\/kavea-martinique.com\/?product=domaine-de-la-viaudiere-cabernet-danjou#primaryimage"},"image":{"@id":"https:\/\/kavea-martinique.com\/?product=domaine-de-la-viaudiere-cabernet-danjou#primaryimage"},"thumbnailUrl":"https:\/\/i0.wp.com\/kavea-martinique.com\/wp-content\/uploads\/2022\/12\/jardindete-packshot-cabernet-danjou.png?fit=600%2C600&ssl=1","datePublished":"2022-12-07T18:40:09+00:00","dateModified":"2024-02-23T20:48:08+00:00","breadcrumb":{"@id":"https:\/\/kavea-martinique.com\/?product=domaine-de-la-viaudiere-cabernet-danjou#breadcrumb"},"inLanguage":"fr-FR","potentialAction":[{"@type":"ReadAction","target":["https:\/\/kavea-martinique.com\/?product=domaine-de-la-viaudiere-cabernet-danjou"]}]},{"@type":"ImageObject","inLanguage":"fr-FR","@id":"https:\/\/kavea-martinique.com\/?product=domaine-de-la-viaudiere-cabernet-danjou#primaryimage","url":"https:\/\/i0.wp.com\/kavea-martinique.com\/wp-content\/uploads\/2022\/12\/jardindete-packshot-cabernet-danjou.png?fit=600%2C600&ssl=1","contentUrl":"https:\/\/i0.wp.com\/kavea-martinique.com\/wp-content\/uploads\/2022\/12\/jardindete-packshot-cabernet-danjou.png?fit=600%2C600&ssl=1","width":600,"height":600},{"@type":"BreadcrumbList","@id":"https:\/\/kavea-martinique.com\/?product=domaine-de-la-viaudiere-cabernet-danjou#breadcrumb","itemListElement":[{"@type":"ListItem","position":1,"name":"Accueil","item":"https:\/\/kavea-martinique.com\/"},{"@type":"ListItem","position":2,"name":"Shop","item":"https:\/\/kavea-martinique.com\/?page_id=401"},{"@type":"ListItem","position":3,"name":"Domaine de la Viaudi\u00e8re &#8211; Cabernet d&rsquo;Anjou"}]},{"@type":"WebSite","@id":"https:\/\/kavea-martinique.com\/#website","url":"https:\/\/kavea-martinique.com\/","name":"Kav\u00e9a | Cave \u00e0 vins et champagnes | Epicerie fine | Le Robert Martinique","description":"Cave \u00e0 vins \u00e9v\u00e8nementielle 100% Vignerons Ind\u00e9pendants \u00e9coresponsables. D\u00e9gustations sur mesure. Click &amp; Collect Livraison \u00e0 domicile","publisher":{"@id":"https:\/\/kavea-martinique.com\/#organization"},"potentialAction":[{"@type":"SearchAction","target":{"@type":"EntryPoint","urlTemplate":"https:\/\/kavea-martinique.com\/?s={search_term_string}"},"query-input":{"@type":"PropertyValueSpecification","valueRequired":true,"valueName":"search_term_string"}}],"inLanguage":"fr-FR"},{"@type":"Organization","@id":"https:\/\/kavea-martinique.com\/#organization","name":"Kav\u00e9a | Cave \u00e0 vins et champagnes | Epicerie fine | Le Robert Martinique","url":"https:\/\/kavea-martinique.com\/","logo":{"@type":"ImageObject","inLanguage":"fr-FR","@id":"https:\/\/kavea-martinique.com\/#\/schema\/logo\/image\/","url":"https:\/\/i0.wp.com\/kavea-martinique.com\/wp-content\/uploads\/2022\/10\/unnamed.png?fit=1280%2C382&ssl=1","contentUrl":"https:\/\/i0.wp.com\/kavea-martinique.com\/wp-content\/uploads\/2022\/10\/unnamed.png?fit=1280%2C382&ssl=1","width":1280,"height":382,"caption":"Kav\u00e9a | Cave \u00e0 vins et champagnes | Epicerie fine | Le Robert Martinique"},"image":{"@id":"https:\/\/kavea-martinique.com\/#\/schema\/logo\/image\/"},"sameAs":["https:\/\/www.instagram.com\/kaveamartinique\/?hl=fr"]}]}},"jetpack-related-posts":[{"id":4007,"url":"https:\/\/kavea-martinique.com\/?product=madiran-origine","url_meta":{"origin":2895,"position":0},"title":"Vignobles Laplace &#8211; Madiran &#8211; Origine","author":"admin6392","date":"22 f\u00e9vrier 2024","format":false,"excerpt":"C\u00e9pages : 70% Tannat, 30% Cabernet Franc Cuv\u00e9e :\u00a0 Origine Mill\u00e9sime :\u00a0 2021 Label : Haute Valeur Environnementale Contenance : 75 cl Garde :\u00a0 5 ans Degr\u00e9s d\u2019alcool :\u00a0\u00a013,5 \u00b0 Accords mets et vins : salade landaise Temp\u00e9rature de service :\u00a0 15\u00b0 Robe : rouge fonc\u00e9, limpide et brillante Nez\u2026","rel":"","context":"Article similaire","block_context":{"text":"Article similaire","link":""},"img":{"alt_text":"","src":"https:\/\/i0.wp.com\/kavea-martinique.com\/wp-content\/uploads\/2024\/02\/chateau-aydie-cuvee-l-origine-madiran.jpg?fit=700%2C700&ssl=1&resize=350%2C200","width":350,"height":200,"srcset":"https:\/\/i0.wp.com\/kavea-martinique.com\/wp-content\/uploads\/2024\/02\/chateau-aydie-cuvee-l-origine-madiran.jpg?fit=700%2C700&ssl=1&resize=350%2C200 1x, https:\/\/i0.wp.com\/kavea-martinique.com\/wp-content\/uploads\/2024\/02\/chateau-aydie-cuvee-l-origine-madiran.jpg?fit=700%2C700&ssl=1&resize=525%2C300 1.5x, https:\/\/i0.wp.com\/kavea-martinique.com\/wp-content\/uploads\/2024\/02\/chateau-aydie-cuvee-l-origine-madiran.jpg?fit=700%2C700&ssl=1&resize=700%2C400 2x"},"classes":[]},{"id":2916,"url":"https:\/\/kavea-martinique.com\/?product=vignobles-mouty-saint-emilion-grand-cru-2","url_meta":{"origin":2895,"position":1},"title":"Vignobles Mouty &#8211; Bordeaux","author":"Marc-Olivier Renay","date":"7 d\u00e9cembre 2022","format":false,"excerpt":"C\u00e9page : 85% Merlot, 10% Cabernet Sauvignon, 5% Malbec Cuv\u00e9e : Extrait de Rambaud Mill\u00e9sime : 2020 Label : Agriculture Biologique Contenance : 75 cl Garde : 6 ans Degr\u00e9s d'alcool : 13,5 \u00b0 Accords mets et vins : Poulet boucan\u00e9 sauce chien Temp\u00e9rature de service : 15 \u00b0 Robe\u2026","rel":"","context":"Article similaire","block_context":{"text":"Article similaire","link":""},"img":{"alt_text":"","src":"https:\/\/i0.wp.com\/kavea-martinique.com\/wp-content\/uploads\/2022\/12\/Mouty_-_Extrait_de_Rambaud_2020-removebg-preview.png?fit=500%2C500&ssl=1&resize=350%2C200","width":350,"height":200},"classes":[]},{"id":2920,"url":"https:\/\/kavea-martinique.com\/?product=chateau-de-come-saint-estephe","url_meta":{"origin":2895,"position":2},"title":"Ch\u00e2teau de C\u00f4me &#8211; Saint-Est\u00e8phe","author":"Marc-Olivier Renay","date":"7 d\u00e9cembre 2022","format":false,"excerpt":"C\u00e9page : 45% Cabernet Sauvignon, 45% Merlot, 10% Petit Verdot Cuv\u00e9e :\u00a0 Mill\u00e9sime : 2019 Label : Agriculture Biologique Contenance : 75 cl Garde : 12 ans Degr\u00e9s d'alcool : 14 \u00b0 Accords mets et vins : Filet de b\u0153uf po\u00ebl\u00e9 au foie gras Temp\u00e9rature de service : 17 \u00b0\u2026","rel":"","context":"Article similaire","block_context":{"text":"Article similaire","link":""},"img":{"alt_text":"","src":"https:\/\/i0.wp.com\/kavea-martinique.com\/wp-content\/uploads\/2022\/10\/Saint_estephe_2019-removebg-preview-1.png?fit=250%2C527&ssl=1&resize=350%2C200","width":350,"height":200},"classes":[]},{"id":2921,"url":"https:\/\/kavea-martinique.com\/?product=chateau-haut-plantade-pessac-leognan","url_meta":{"origin":2895,"position":3},"title":"Ch\u00e2teau Haut Plantade &#8211; Pessac-L\u00e9ognan","author":"Marc-Olivier Renay","date":"7 d\u00e9cembre 2022","format":false,"excerpt":"C\u00e9page : 52% Cabernet Sauvignon, 48% Merlot Cuv\u00e9e :\u00a0 Mill\u00e9sime : 2019 Label : Haute Valeur Environnementale Contenance : 75 cl Garde : 6 ans Degr\u00e9s d'alcool : 14 \u00b0 Accords mets et vins : magret \u00e0 la plancha Temp\u00e9rature de service : 17 \u00b0 Robe : Carmin grenat brillant\u2026","rel":"","context":"Article similaire","block_context":{"text":"Article similaire","link":""},"img":{"alt_text":"","src":"https:\/\/i0.wp.com\/kavea-martinique.com\/wp-content\/uploads\/2022\/12\/Haut-Plantade.png?fit=343%2C1200&ssl=1&resize=350%2C200","width":350,"height":200},"classes":[]},{"id":3207,"url":"https:\/\/kavea-martinique.com\/?product=vignobles-mouty-chateau-du-barry","url_meta":{"origin":2895,"position":4},"title":"Vignobles Mouty &#8211; Saint-Emilion Grand Cru &#8211; Ch\u00e2teau du Barry","author":"Marc-Olivier Renay","date":"27 janvier 2023","format":false,"excerpt":"C\u00e9page : 85% Merlot, 10% Cabernet Sauvignon, 5% Malbec Cuv\u00e9e : Ch\u00e2teau du Barry Mill\u00e9sime : 2020 Label : Agriculture Biologique Contenance : 75 cl Garde : 9 ans Degr\u00e9s d\u2019alcool : 13,5 \u00b0 Accords mets et vins : Curry de crevettes Temp\u00e9rature de service : 15 \u00b0 Robe :\u2026","rel":"","context":"Article similaire","block_context":{"text":"Article similaire","link":""},"img":{"alt_text":"","src":"https:\/\/i0.wp.com\/kavea-martinique.com\/wp-content\/uploads\/2023\/01\/chateau-du-barry-removebg-preview.png?fit=458%2C458&ssl=1&resize=350%2C200","width":350,"height":200},"classes":[]},{"id":2918,"url":"https:\/\/kavea-martinique.com\/?product=chateau-belles-graves-lalande-de-pomerol-2013","url_meta":{"origin":2895,"position":5},"title":"Ch\u00e2teau Belles-Graves &#8211; Lalande-de-Pomerol 2013","author":"Marc-Olivier Renay","date":"7 d\u00e9cembre 2022","format":false,"excerpt":"C\u00e9page : 88% Merlot, 12% Cabernet Franc Cuv\u00e9e :\u00a0 Mill\u00e9sime : 2013 Label : Haute Valeur Environnementale Contenance : 75 cl Garde : 12 ans Degr\u00e9s d'alcool : 14,5 \u00b0 Accords mets et vins : Epaule d'agneau au curry confite en cocotte Temp\u00e9rature de service : 15 \u00b0 Robe :\u2026","rel":"","context":"Article similaire","block_context":{"text":"Article similaire","link":""},"img":{"alt_text":"","src":"https:\/\/i0.wp.com\/kavea-martinique.com\/wp-content\/uploads\/2022\/12\/Belles-Graves_-_2013_2-removebg-preview.png?fit=484%2C516&ssl=1&resize=350%2C200","width":350,"height":200},"classes":[]}],"jetpack_sharing_enabled":true,"_links":{"self":[{"href":"https:\/\/kavea-martinique.com\/index.php?rest_route=\/wp\/v2\/product\/2895","targetHints":{"allow":["GET"]}}],"collection":[{"href":"https:\/\/kavea-martinique.com\/index.php?rest_route=\/wp\/v2\/product"}],"about":[{"href":"https:\/\/kavea-martinique.com\/index.php?rest_route=\/wp\/v2\/types\/product"}],"replies":[{"embeddable":true,"href":"https:\/\/kavea-martinique.com\/index.php?rest_route=%2Fwp%2Fv2%2Fcomments&post=2895"}],"wp:featuredmedia":[{"embeddable":true,"href":"https:\/\/kavea-martinique.com\/index.php?rest_route=\/wp\/v2\/media\/3196"}],"wp:attachment":[{"href":"https:\/\/kavea-martinique.com\/index.php?rest_route=%2Fwp%2Fv2%2Fmedia&parent=2895"}],"wp:term":[{"taxonomy":"product_brand","embeddable":true,"href":"https:\/\/kavea-martinique.com\/index.php?rest_route=%2Fwp%2Fv2%2Fproduct_brand&post=2895"},{"taxonomy":"product_cat","embeddable":true,"href":"https:\/\/kavea-martinique.com\/index.php?rest_route=%2Fwp%2Fv2%2Fproduct_cat&post=2895"},{"taxonomy":"product_tag","embeddable":true,"href":"https:\/\/kavea-martinique.com\/index.php?rest_route=%2Fwp%2Fv2%2Fproduct_tag&post=2895"}],"curies":[{"name":"wp","href":"https:\/\/api.w.org\/{rel}","templated":true}]}}