{"id":2929,"date":"2022-12-07T23:13:14","date_gmt":"2022-12-07T22:13:14","guid":{"rendered":"https:\/\/kavea-martinique.com\/?post_type=product&#038;p=2929"},"modified":"2024-02-23T17:12:51","modified_gmt":"2024-02-23T21:12:51","slug":"maison-monmarthe-champagne-150cl","status":"publish","type":"product","link":"https:\/\/kavea-martinique.com\/?product=maison-monmarthe-champagne-150cl","title":{"rendered":"Champagne Monmarthe &#8211; Premier Cru &#8211; Privil\u00e8ge &#8211; Magnum"},"content":{"rendered":"","protected":false},"excerpt":{"rendered":"<p><em><strong>C\u00e9page : <\/strong><\/em>50% Pinot Noir, 50% Chardonnay<br \/>\n<em><strong>Cuv\u00e9e : <\/strong><\/em>Privil\u00e8ge (Brut)<br \/>\n<em><strong>Mill\u00e9sime :\u00a0<\/strong><\/em><br \/>\n<em><strong>Label :\u00a0 <\/strong><\/em>Haute Valeur Environnementale<br \/>\n<em><strong>Contenance :<\/strong><\/em> 150 cl<br \/>\n<em><strong>Garde :<\/strong><\/em> 3 ans<br \/>\n<em><strong>Degr\u00e9s d&rsquo;alcool :<\/strong> <\/em>12,5 \u00b0<br \/>\n<em><strong>Accords mets et vins : <\/strong><\/em>Toast de foie gras, goug\u00e8res au fromage<br \/>\n<em><strong>Temp\u00e9rature de service :<\/strong><\/em> 10 \u00b0<br \/>\n<em><strong>Robe : <\/strong><\/em>Jolie dor\u00e9<br \/>\n<em><strong>Nez : <\/strong><\/em>Intense et ample aux notes d&rsquo;agrumes<br \/>\n<em><strong>Bouche :<\/strong><\/em> Structur\u00e9e et longue, aux ar\u00f4mes de fruits cuits<\/p>\n","protected":false},"featured_media":3000,"comment_status":"open","ping_status":"closed","template":"","meta":{"site-sidebar-layout":"default","site-content-layout":"default","ast-site-content-layout":"default","site-content-style":"default","site-sidebar-style":"default","ast-global-header-display":"","ast-banner-title-visibility":"","ast-main-header-display":"","ast-hfb-above-header-display":"","ast-hfb-below-header-display":"","ast-hfb-mobile-header-display":"","site-post-title":"","ast-breadcrumbs-content":"","ast-featured-img":"","footer-sml-layout":"","theme-transparent-header-meta":"default","adv-header-id-meta":"","stick-header-meta":"","header-above-stick-meta":"","header-main-stick-meta":"","header-below-stick-meta":"","astra-migrate-meta-layouts":"set","ast-page-background-enabled":"default","ast-page-background-meta":{"desktop":{"background-color":"","background-image":"","background-repeat":"repeat","background-position":"center center","background-size":"auto","background-attachment":"scroll","background-type":"","background-media":"","overlay-type":"","overlay-color":"","overlay-gradient":""},"tablet":{"background-color":"","background-image":"","background-repeat":"repeat","background-position":"center center","background-size":"auto","background-attachment":"scroll","background-type":"","background-media":"","overlay-type":"","overlay-color":"","overlay-gradient":""},"mobile":{"background-color":"","background-image":"","background-repeat":"repeat","background-position":"center center","background-size":"auto","background-attachment":"scroll","background-type":"","background-media":"","overlay-type":"","overlay-color":"","overlay-gradient":""}},"ast-content-background-meta":{"desktop":{"background-color":"var(--ast-global-color-5)","background-image":"","background-repeat":"repeat","background-position":"center center","background-size":"auto","background-attachment":"scroll","background-type":"","background-media":"","overlay-type":"","overlay-color":"","overlay-gradient":""},"tablet":{"background-color":"var(--ast-global-color-5)","background-image":"","background-repeat":"repeat","background-position":"center center","background-size":"auto","background-attachment":"scroll","background-type":"","background-media":"","overlay-type":"","overlay-color":"","overlay-gradient":""},"mobile":{"background-color":"var(--ast-global-color-5)","background-image":"","background-repeat":"repeat","background-position":"center center","background-size":"auto","background-attachment":"scroll","background-type":"","background-media":"","overlay-type":"","overlay-color":"","overlay-gradient":""}},"_themeisle_gutenberg_block_has_review":false},"product_brand":[],"product_cat":[23],"product_tag":[],"class_list":{"0":"post-2929","1":"product","2":"type-product","3":"status-publish","4":"has-post-thumbnail","6":"product_cat-champagne-et-bulles","7":"desktop-align-left","8":"tablet-align-left","9":"mobile-align-left","11":"first","12":"instock","13":"shipping-taxable","14":"purchasable","15":"product-type-simple"},"yoast_head":"<!-- This site is optimized with the Yoast SEO plugin v27.4 - https:\/\/yoast.com\/product\/yoast-seo-wordpress\/ -->\n<title>Champagne Monmarthe - Premier Cru - Privil\u00e8ge - Magnum - Kav\u00e9a | Cave \u00e0 vins et champagnes | Epicerie fine | Le Robert Martinique<\/title>\n<meta name=\"robots\" content=\"index, follow, max-snippet:-1, max-image-preview:large, max-video-preview:-1\" \/>\n<link rel=\"canonical\" href=\"https:\/\/kavea-martinique.com\/?product=maison-monmarthe-champagne-150cl\" \/>\n<meta property=\"og:locale\" content=\"fr_FR\" \/>\n<meta property=\"og:type\" content=\"article\" \/>\n<meta property=\"og:title\" content=\"Champagne Monmarthe - Premier Cru - Privil\u00e8ge - Magnum - Kav\u00e9a | Cave \u00e0 vins et champagnes | Epicerie fine | Le Robert Martinique\" \/>\n<meta property=\"og:description\" content=\"C\u00e9page : 50% Pinot Noir, 50% Chardonnay Cuv\u00e9e : Privil\u00e8ge (Brut) Mill\u00e9sime :\u00a0 Label :\u00a0 Haute Valeur Environnementale Contenance : 150 cl Garde : 3 ans Degr\u00e9s d&#039;alcool : 12,5 \u00b0 Accords mets et vins : Toast de foie gras, goug\u00e8res au fromage Temp\u00e9rature de service : 10 \u00b0 Robe : Jolie dor\u00e9 Nez : Intense et ample aux notes d&#039;agrumes Bouche : Structur\u00e9e et longue, aux ar\u00f4mes de fruits cuits\" \/>\n<meta property=\"og:url\" content=\"https:\/\/kavea-martinique.com\/?product=maison-monmarthe-champagne-150cl\" \/>\n<meta property=\"og:site_name\" content=\"Kav\u00e9a | Cave \u00e0 vins et champagnes | Epicerie fine | Le Robert Martinique\" \/>\n<meta property=\"article:modified_time\" content=\"2024-02-23T21:12:51+00:00\" \/>\n<meta property=\"og:image\" content=\"https:\/\/kavea-martinique.com\/wp-content\/uploads\/2022\/12\/champagne-monmarthe-privilege.png\" \/>\n\t<meta property=\"og:image:width\" content=\"800\" \/>\n\t<meta property=\"og:image:height\" content=\"800\" \/>\n\t<meta property=\"og:image:type\" content=\"image\/png\" \/>\n<meta name=\"twitter:card\" content=\"summary_large_image\" \/>\n<meta name=\"twitter:label1\" content=\"Dur\u00e9e de lecture estim\u00e9e\" \/>\n\t<meta name=\"twitter:data1\" content=\"1 minute\" \/>\n<script type=\"application\/ld+json\" class=\"yoast-schema-graph\">{\"@context\":\"https:\\\/\\\/schema.org\",\"@graph\":[{\"@type\":\"WebPage\",\"@id\":\"https:\\\/\\\/kavea-martinique.com\\\/?product=maison-monmarthe-champagne-150cl\",\"url\":\"https:\\\/\\\/kavea-martinique.com\\\/?product=maison-monmarthe-champagne-150cl\",\"name\":\"Champagne Monmarthe - Premier Cru - Privil\u00e8ge - Magnum - Kav\u00e9a | Cave \u00e0 vins et champagnes | Epicerie fine | Le Robert Martinique\",\"isPartOf\":{\"@id\":\"https:\\\/\\\/kavea-martinique.com\\\/#website\"},\"primaryImageOfPage\":{\"@id\":\"https:\\\/\\\/kavea-martinique.com\\\/?product=maison-monmarthe-champagne-150cl#primaryimage\"},\"image\":{\"@id\":\"https:\\\/\\\/kavea-martinique.com\\\/?product=maison-monmarthe-champagne-150cl#primaryimage\"},\"thumbnailUrl\":\"https:\\\/\\\/i0.wp.com\\\/kavea-martinique.com\\\/wp-content\\\/uploads\\\/2022\\\/12\\\/champagne-monmarthe-privilege.png?fit=800%2C800&ssl=1\",\"datePublished\":\"2022-12-07T22:13:14+00:00\",\"dateModified\":\"2024-02-23T21:12:51+00:00\",\"breadcrumb\":{\"@id\":\"https:\\\/\\\/kavea-martinique.com\\\/?product=maison-monmarthe-champagne-150cl#breadcrumb\"},\"inLanguage\":\"fr-FR\",\"potentialAction\":[{\"@type\":\"ReadAction\",\"target\":[\"https:\\\/\\\/kavea-martinique.com\\\/?product=maison-monmarthe-champagne-150cl\"]}]},{\"@type\":\"ImageObject\",\"inLanguage\":\"fr-FR\",\"@id\":\"https:\\\/\\\/kavea-martinique.com\\\/?product=maison-monmarthe-champagne-150cl#primaryimage\",\"url\":\"https:\\\/\\\/i0.wp.com\\\/kavea-martinique.com\\\/wp-content\\\/uploads\\\/2022\\\/12\\\/champagne-monmarthe-privilege.png?fit=800%2C800&ssl=1\",\"contentUrl\":\"https:\\\/\\\/i0.wp.com\\\/kavea-martinique.com\\\/wp-content\\\/uploads\\\/2022\\\/12\\\/champagne-monmarthe-privilege.png?fit=800%2C800&ssl=1\",\"width\":800,\"height\":800},{\"@type\":\"BreadcrumbList\",\"@id\":\"https:\\\/\\\/kavea-martinique.com\\\/?product=maison-monmarthe-champagne-150cl#breadcrumb\",\"itemListElement\":[{\"@type\":\"ListItem\",\"position\":1,\"name\":\"Accueil\",\"item\":\"https:\\\/\\\/kavea-martinique.com\\\/\"},{\"@type\":\"ListItem\",\"position\":2,\"name\":\"Shop\",\"item\":\"https:\\\/\\\/kavea-martinique.com\\\/?page_id=401\"},{\"@type\":\"ListItem\",\"position\":3,\"name\":\"Champagne Monmarthe &#8211; Premier Cru &#8211; Privil\u00e8ge &#8211; Magnum\"}]},{\"@type\":\"WebSite\",\"@id\":\"https:\\\/\\\/kavea-martinique.com\\\/#website\",\"url\":\"https:\\\/\\\/kavea-martinique.com\\\/\",\"name\":\"Kav\u00e9a | Cave \u00e0 vins et champagnes | Epicerie fine | Le Robert Martinique\",\"description\":\"Cave \u00e0 vins \u00e9v\u00e8nementielle 100% Vignerons Ind\u00e9pendants \u00e9coresponsables. D\u00e9gustations sur mesure. Click &amp; Collect Livraison \u00e0 domicile\",\"publisher\":{\"@id\":\"https:\\\/\\\/kavea-martinique.com\\\/#organization\"},\"potentialAction\":[{\"@type\":\"SearchAction\",\"target\":{\"@type\":\"EntryPoint\",\"urlTemplate\":\"https:\\\/\\\/kavea-martinique.com\\\/?s={search_term_string}\"},\"query-input\":{\"@type\":\"PropertyValueSpecification\",\"valueRequired\":true,\"valueName\":\"search_term_string\"}}],\"inLanguage\":\"fr-FR\"},{\"@type\":\"Organization\",\"@id\":\"https:\\\/\\\/kavea-martinique.com\\\/#organization\",\"name\":\"Kav\u00e9a | Cave \u00e0 vins et champagnes | Epicerie fine | Le Robert Martinique\",\"url\":\"https:\\\/\\\/kavea-martinique.com\\\/\",\"logo\":{\"@type\":\"ImageObject\",\"inLanguage\":\"fr-FR\",\"@id\":\"https:\\\/\\\/kavea-martinique.com\\\/#\\\/schema\\\/logo\\\/image\\\/\",\"url\":\"https:\\\/\\\/i0.wp.com\\\/kavea-martinique.com\\\/wp-content\\\/uploads\\\/2022\\\/10\\\/unnamed.png?fit=1280%2C382&ssl=1\",\"contentUrl\":\"https:\\\/\\\/i0.wp.com\\\/kavea-martinique.com\\\/wp-content\\\/uploads\\\/2022\\\/10\\\/unnamed.png?fit=1280%2C382&ssl=1\",\"width\":1280,\"height\":382,\"caption\":\"Kav\u00e9a | Cave \u00e0 vins et champagnes | Epicerie fine | Le Robert Martinique\"},\"image\":{\"@id\":\"https:\\\/\\\/kavea-martinique.com\\\/#\\\/schema\\\/logo\\\/image\\\/\"},\"sameAs\":[\"https:\\\/\\\/www.instagram.com\\\/kaveamartinique\\\/?hl=fr\"]}]}<\/script>\n<!-- \/ Yoast SEO plugin. -->","yoast_head_json":{"title":"Champagne Monmarthe - Premier Cru - Privil\u00e8ge - Magnum - Kav\u00e9a | Cave \u00e0 vins et champagnes | Epicerie fine | Le Robert Martinique","robots":{"index":"index","follow":"follow","max-snippet":"max-snippet:-1","max-image-preview":"max-image-preview:large","max-video-preview":"max-video-preview:-1"},"canonical":"https:\/\/kavea-martinique.com\/?product=maison-monmarthe-champagne-150cl","og_locale":"fr_FR","og_type":"article","og_title":"Champagne Monmarthe - Premier Cru - Privil\u00e8ge - Magnum - Kav\u00e9a | Cave \u00e0 vins et champagnes | Epicerie fine | Le Robert Martinique","og_description":"C\u00e9page : 50% Pinot Noir, 50% Chardonnay Cuv\u00e9e : Privil\u00e8ge (Brut) Mill\u00e9sime :\u00a0 Label :\u00a0 Haute Valeur Environnementale Contenance : 150 cl Garde : 3 ans Degr\u00e9s d'alcool : 12,5 \u00b0 Accords mets et vins : Toast de foie gras, goug\u00e8res au fromage Temp\u00e9rature de service : 10 \u00b0 Robe : Jolie dor\u00e9 Nez : Intense et ample aux notes d'agrumes Bouche : Structur\u00e9e et longue, aux ar\u00f4mes de fruits cuits","og_url":"https:\/\/kavea-martinique.com\/?product=maison-monmarthe-champagne-150cl","og_site_name":"Kav\u00e9a | Cave \u00e0 vins et champagnes | Epicerie fine | Le Robert Martinique","article_modified_time":"2024-02-23T21:12:51+00:00","og_image":[{"width":800,"height":800,"url":"https:\/\/kavea-martinique.com\/wp-content\/uploads\/2022\/12\/champagne-monmarthe-privilege.png","type":"image\/png"}],"twitter_card":"summary_large_image","twitter_misc":{"Dur\u00e9e de lecture estim\u00e9e":"1 minute"},"schema":{"@context":"https:\/\/schema.org","@graph":[{"@type":"WebPage","@id":"https:\/\/kavea-martinique.com\/?product=maison-monmarthe-champagne-150cl","url":"https:\/\/kavea-martinique.com\/?product=maison-monmarthe-champagne-150cl","name":"Champagne Monmarthe - Premier Cru - Privil\u00e8ge - Magnum - Kav\u00e9a | Cave \u00e0 vins et champagnes | Epicerie fine | Le Robert Martinique","isPartOf":{"@id":"https:\/\/kavea-martinique.com\/#website"},"primaryImageOfPage":{"@id":"https:\/\/kavea-martinique.com\/?product=maison-monmarthe-champagne-150cl#primaryimage"},"image":{"@id":"https:\/\/kavea-martinique.com\/?product=maison-monmarthe-champagne-150cl#primaryimage"},"thumbnailUrl":"https:\/\/i0.wp.com\/kavea-martinique.com\/wp-content\/uploads\/2022\/12\/champagne-monmarthe-privilege.png?fit=800%2C800&ssl=1","datePublished":"2022-12-07T22:13:14+00:00","dateModified":"2024-02-23T21:12:51+00:00","breadcrumb":{"@id":"https:\/\/kavea-martinique.com\/?product=maison-monmarthe-champagne-150cl#breadcrumb"},"inLanguage":"fr-FR","potentialAction":[{"@type":"ReadAction","target":["https:\/\/kavea-martinique.com\/?product=maison-monmarthe-champagne-150cl"]}]},{"@type":"ImageObject","inLanguage":"fr-FR","@id":"https:\/\/kavea-martinique.com\/?product=maison-monmarthe-champagne-150cl#primaryimage","url":"https:\/\/i0.wp.com\/kavea-martinique.com\/wp-content\/uploads\/2022\/12\/champagne-monmarthe-privilege.png?fit=800%2C800&ssl=1","contentUrl":"https:\/\/i0.wp.com\/kavea-martinique.com\/wp-content\/uploads\/2022\/12\/champagne-monmarthe-privilege.png?fit=800%2C800&ssl=1","width":800,"height":800},{"@type":"BreadcrumbList","@id":"https:\/\/kavea-martinique.com\/?product=maison-monmarthe-champagne-150cl#breadcrumb","itemListElement":[{"@type":"ListItem","position":1,"name":"Accueil","item":"https:\/\/kavea-martinique.com\/"},{"@type":"ListItem","position":2,"name":"Shop","item":"https:\/\/kavea-martinique.com\/?page_id=401"},{"@type":"ListItem","position":3,"name":"Champagne Monmarthe &#8211; Premier Cru &#8211; Privil\u00e8ge &#8211; Magnum"}]},{"@type":"WebSite","@id":"https:\/\/kavea-martinique.com\/#website","url":"https:\/\/kavea-martinique.com\/","name":"Kav\u00e9a | Cave \u00e0 vins et champagnes | Epicerie fine | Le Robert Martinique","description":"Cave \u00e0 vins \u00e9v\u00e8nementielle 100% Vignerons Ind\u00e9pendants \u00e9coresponsables. D\u00e9gustations sur mesure. Click &amp; Collect Livraison \u00e0 domicile","publisher":{"@id":"https:\/\/kavea-martinique.com\/#organization"},"potentialAction":[{"@type":"SearchAction","target":{"@type":"EntryPoint","urlTemplate":"https:\/\/kavea-martinique.com\/?s={search_term_string}"},"query-input":{"@type":"PropertyValueSpecification","valueRequired":true,"valueName":"search_term_string"}}],"inLanguage":"fr-FR"},{"@type":"Organization","@id":"https:\/\/kavea-martinique.com\/#organization","name":"Kav\u00e9a | Cave \u00e0 vins et champagnes | Epicerie fine | Le Robert Martinique","url":"https:\/\/kavea-martinique.com\/","logo":{"@type":"ImageObject","inLanguage":"fr-FR","@id":"https:\/\/kavea-martinique.com\/#\/schema\/logo\/image\/","url":"https:\/\/i0.wp.com\/kavea-martinique.com\/wp-content\/uploads\/2022\/10\/unnamed.png?fit=1280%2C382&ssl=1","contentUrl":"https:\/\/i0.wp.com\/kavea-martinique.com\/wp-content\/uploads\/2022\/10\/unnamed.png?fit=1280%2C382&ssl=1","width":1280,"height":382,"caption":"Kav\u00e9a | Cave \u00e0 vins et champagnes | Epicerie fine | Le Robert Martinique"},"image":{"@id":"https:\/\/kavea-martinique.com\/#\/schema\/logo\/image\/"},"sameAs":["https:\/\/www.instagram.com\/kaveamartinique\/?hl=fr"]}]}},"jetpack-related-posts":[{"id":2927,"url":"https:\/\/kavea-martinique.com\/?product=champagne-monmarthe-champagne","url_meta":{"origin":2929,"position":0},"title":"Champagne Monmarthe &#8211; Premier Cru &#8211; Privil\u00e8ge (brut)","author":"Marc-Olivier Renay","date":"7 d\u00e9cembre 2022","format":false,"excerpt":"C\u00e9page : 50% Pinot Noir, 50% Chardonnay Cuv\u00e9e : Privil\u00e8ge (Brut) Mill\u00e9sime :\u00a0 Label :\u00a0 Haute Valeur Environnementale Contenance : 75 cl Garde : 3 ans Degr\u00e9s d'alcool : 12,5 \u00b0 Accords mets et vins : Toast de foie gras, goug\u00e8res au fromage Temp\u00e9rature de service : 10 \u00b0 Robe\u2026","rel":"","context":"Avec 1 commentaire","block_context":{"text":"Avec 1 commentaire","link":"https:\/\/kavea-martinique.com\/?product=champagne-monmarthe-champagne#comments"},"img":{"alt_text":"","src":"https:\/\/i0.wp.com\/kavea-martinique.com\/wp-content\/uploads\/2022\/12\/champagne-monmarthe-privilege-1.png?fit=800%2C800&ssl=1&resize=350%2C200","width":350,"height":200,"srcset":"https:\/\/i0.wp.com\/kavea-martinique.com\/wp-content\/uploads\/2022\/12\/champagne-monmarthe-privilege-1.png?fit=800%2C800&ssl=1&resize=350%2C200 1x, https:\/\/i0.wp.com\/kavea-martinique.com\/wp-content\/uploads\/2022\/12\/champagne-monmarthe-privilege-1.png?fit=800%2C800&ssl=1&resize=525%2C300 1.5x, https:\/\/i0.wp.com\/kavea-martinique.com\/wp-content\/uploads\/2022\/12\/champagne-monmarthe-privilege-1.png?fit=800%2C800&ssl=1&resize=700%2C400 2x"},"classes":[]},{"id":2903,"url":"https:\/\/kavea-martinique.com\/?product=domaine-de-la-rochelierre-fitou","url_meta":{"origin":2929,"position":1},"title":"Domaine de la Rochelierre &#8211; Fitou","author":"Marc-Olivier Renay","date":"7 d\u00e9cembre 2022","format":false,"excerpt":"C\u00e9page : 30% Carignan, 30% Grenache, 30% Syrah, 10% Mourv\u00e8dre Cuv\u00e9e : Privil\u00e8ge Mill\u00e9sime : 2020 Label :\u00a0Haute Valeur Environnementale Contenance : 75 cl Garde : 8 ans Degr\u00e9s d'alcool : 15 \u00b0 Accords mets et vins : Rouelle de porc mijot\u00e9e 6 heures, \u00e9cras\u00e9 de pomme de terre Temp\u00e9rature\u2026","rel":"","context":"Article similaire","block_context":{"text":"Article similaire","link":""},"img":{"alt_text":"","src":"https:\/\/i0.wp.com\/kavea-martinique.com\/wp-content\/uploads\/2022\/12\/La-Rochelierre-Privilege.png?fit=720%2C905&ssl=1&resize=350%2C200","width":350,"height":200,"srcset":"https:\/\/i0.wp.com\/kavea-martinique.com\/wp-content\/uploads\/2022\/12\/La-Rochelierre-Privilege.png?fit=720%2C905&ssl=1&resize=350%2C200 1x, https:\/\/i0.wp.com\/kavea-martinique.com\/wp-content\/uploads\/2022\/12\/La-Rochelierre-Privilege.png?fit=720%2C905&ssl=1&resize=525%2C300 1.5x, https:\/\/i0.wp.com\/kavea-martinique.com\/wp-content\/uploads\/2022\/12\/La-Rochelierre-Privilege.png?fit=720%2C905&ssl=1&resize=700%2C400 2x"},"classes":[]},{"id":2898,"url":"https:\/\/kavea-martinique.com\/?product=domaine-du-haut-montlong-monbazillac","url_meta":{"origin":2929,"position":2},"title":"Domaine Les Luquettes &#8211; Mont-Caume","author":"Marc-Olivier Renay","date":"7 d\u00e9cembre 2022","format":false,"excerpt":"C\u00e9page : 50% Cinsault, 50% Grenache Mill\u00e9sime : Label :\u00a0Agriculture Biologique et Haute Valeur Environnementale Contenance : 75 cl Garde : 2 ans Degr\u00e9s d'alcool : 13 \u00b0 Accords mets et vins : A l'ap\u00e9ro avec des copines Temp\u00e9rature de service : 10 \u00b0 Robe : Rose p\u00e2le Nez :\u2026","rel":"","context":"Article similaire","block_context":{"text":"Article similaire","link":""},"img":{"alt_text":"","src":"https:\/\/i0.wp.com\/kavea-martinique.com\/wp-content\/uploads\/2022\/12\/lqqsah2LQYeMoU0rAt28TA_pb_600x600.png?fit=600%2C600&ssl=1&resize=350%2C200","width":350,"height":200,"srcset":"https:\/\/i0.wp.com\/kavea-martinique.com\/wp-content\/uploads\/2022\/12\/lqqsah2LQYeMoU0rAt28TA_pb_600x600.png?fit=600%2C600&ssl=1&resize=350%2C200 1x, https:\/\/i0.wp.com\/kavea-martinique.com\/wp-content\/uploads\/2022\/12\/lqqsah2LQYeMoU0rAt28TA_pb_600x600.png?fit=600%2C600&ssl=1&resize=525%2C300 1.5x"},"classes":[]},{"id":2926,"url":"https:\/\/kavea-martinique.com\/?product=maison-monmarthe","url_meta":{"origin":2929,"position":3},"title":"Domaine Fritz-Schmitt Cr\u00e9mant d&rsquo;Alsace (brut)","author":"Marc-Olivier Renay","date":"7 d\u00e9cembre 2022","format":false,"excerpt":"C\u00e9page : 50% Pinot Noir, 50% Chardonnay Cuv\u00e9e : brut Mill\u00e9sime :\u00a0 Label : Agriculture Biologique et Haute Valeur Environnementale Contenance : 75 cl Garde : 3 ans Degr\u00e9s d'alcool : 12 \u00b0 Accords mets et vins : Desserts \u00e0 base de fruits frais Temp\u00e9rature de service : 10 \u00b0\u2026","rel":"","context":"Article similaire","block_context":{"text":"Article similaire","link":""},"img":{"alt_text":"","src":"https:\/\/i0.wp.com\/kavea-martinique.com\/wp-content\/uploads\/2022\/12\/cremant-brut-1-removebg-preview.png?fit=375%2C666&ssl=1&resize=350%2C200","width":350,"height":200},"classes":[]},{"id":4001,"url":"https:\/\/kavea-martinique.com\/?product=avi-de-tempete","url_meta":{"origin":2929,"position":4},"title":"Domaine Christophe Avi &#8211; Avi de Temp\u00eate","author":"admin6392","date":"22 f\u00e9vrier 2024","format":false,"excerpt":"C\u00e9pages : 50% Petit Manseng, 25% Gros Manseng, 25% Colombard Cuv\u00e9e :\u00a0 Avi de Temp\u00eate Mill\u00e9sime :\u00a0 2022 Label : Agriculture Biologique Contenance : 75 cl Garde :\u00a0 2 ans Degr\u00e9s d\u2019alcool :\u00a0\u00a011,5 \u00b0 Accords mets et vins : ap\u00e9ro ou dessert acidul\u00e9 Temp\u00e9rature de service :\u00a0 8\u00b0 Robe :\u2026","rel":"","context":"Article similaire","block_context":{"text":"Article similaire","link":""},"img":{"alt_text":"","src":"https:\/\/i0.wp.com\/kavea-martinique.com\/wp-content\/uploads\/2024\/02\/Avi-de-tempete-detouree.png?fit=398%2C1200&ssl=1&resize=350%2C200","width":350,"height":200},"classes":[]},{"id":2901,"url":"https:\/\/kavea-martinique.com\/?product=chateau-les-palais-corbieres-2","url_meta":{"origin":2929,"position":5},"title":"Ch\u00e2teau Les Palais Rouge Coquelicots &#8211; Corbi\u00e8res","author":"Marc-Olivier Renay","date":"7 d\u00e9cembre 2022","format":false,"excerpt":"C\u00e9page :\u00a0 50% Carignan, 30% Grenache, 20% Syrah Cuv\u00e9e :\u00a0 Rouge Coquelicots Mill\u00e9sime :\u00a0 2021 Label :\u00a0 Haute Valeur Environnementale Contenance :\u00a0 75 cl Garde : 3 ans Degr\u00e9s d'alcool : 13,5 \u00b0 Accords mets et vins : Lentilles vertes et lard fum\u00e9 au jus d'ail et de thym Temp\u00e9rature\u2026","rel":"","context":"Article similaire","block_context":{"text":"Article similaire","link":""},"img":{"alt_text":"","src":"https:\/\/i0.wp.com\/kavea-martinique.com\/wp-content\/uploads\/2022\/12\/telechargement-removebg-preview.png?fit=360%2C360&ssl=1&resize=350%2C200","width":350,"height":200},"classes":[]}],"jetpack_sharing_enabled":true,"_links":{"self":[{"href":"https:\/\/kavea-martinique.com\/index.php?rest_route=\/wp\/v2\/product\/2929","targetHints":{"allow":["GET"]}}],"collection":[{"href":"https:\/\/kavea-martinique.com\/index.php?rest_route=\/wp\/v2\/product"}],"about":[{"href":"https:\/\/kavea-martinique.com\/index.php?rest_route=\/wp\/v2\/types\/product"}],"replies":[{"embeddable":true,"href":"https:\/\/kavea-martinique.com\/index.php?rest_route=%2Fwp%2Fv2%2Fcomments&post=2929"}],"wp:featuredmedia":[{"embeddable":true,"href":"https:\/\/kavea-martinique.com\/index.php?rest_route=\/wp\/v2\/media\/3000"}],"wp:attachment":[{"href":"https:\/\/kavea-martinique.com\/index.php?rest_route=%2Fwp%2Fv2%2Fmedia&parent=2929"}],"wp:term":[{"taxonomy":"product_brand","embeddable":true,"href":"https:\/\/kavea-martinique.com\/index.php?rest_route=%2Fwp%2Fv2%2Fproduct_brand&post=2929"},{"taxonomy":"product_cat","embeddable":true,"href":"https:\/\/kavea-martinique.com\/index.php?rest_route=%2Fwp%2Fv2%2Fproduct_cat&post=2929"},{"taxonomy":"product_tag","embeddable":true,"href":"https:\/\/kavea-martinique.com\/index.php?rest_route=%2Fwp%2Fv2%2Fproduct_tag&post=2929"}],"curies":[{"name":"wp","href":"https:\/\/api.w.org\/{rel}","templated":true}]}}