{"id":2932,"date":"2022-12-07T23:23:42","date_gmt":"2022-12-07T22:23:42","guid":{"rendered":"https:\/\/kavea-martinique.com\/?post_type=product&#038;p=2932"},"modified":"2023-01-30T16:20:25","modified_gmt":"2023-01-30T15:20:25","slug":"chateau-lalande-labatut-cremant-de-bordeaux-rose","status":"publish","type":"product","link":"https:\/\/kavea-martinique.com\/?product=chateau-lalande-labatut-cremant-de-bordeaux-rose","title":{"rendered":"Ch\u00e2teau Lalande Labatut Cr\u00e9mant de Bordeaux ros\u00e9"},"content":{"rendered":"","protected":false},"excerpt":{"rendered":"<p><em><strong>C\u00e9page : <\/strong><\/em>100% Cabernet Franc<br \/>\n<em><strong>Cuv\u00e9e : <\/strong><\/em>Bulles de Lalande Labatut<br \/>\n<em><strong>Mill\u00e9sime :\u00a0<\/strong><\/em><br \/>\n<em><strong>Label :\u00a0 <\/strong><\/em>Haute Valeur Environnementale<br \/>\n<em><strong>Contenance :<\/strong><\/em> 75 cl<br \/>\n<em><strong>Garde :<\/strong><\/em> 2 ans<br \/>\n<em><strong>Degr\u00e9s d&rsquo;alcool :<\/strong> <\/em>12,5 \u00b0<br \/>\n<em><strong>Accords mets et vins : <\/strong><\/em>Moelleux au chocolat et glace vanille<br \/>\n<em><strong>Temp\u00e9rature de service :<\/strong><\/em> 10 \u00b0<br \/>\n<em><strong>Robe : <\/strong><\/em>Ros\u00e9e \u00e0 la teinte pastelle<br \/>\n<em><strong>Nez : <\/strong><\/em>Joli fruit\u00e9 vineux<br \/>\n<em><strong>Bouche :<\/strong><\/em> Notes gourmandes de fruits rouges l\u00e9g\u00e8rement acidul\u00e9s<\/p>\n","protected":false},"featured_media":3075,"comment_status":"open","ping_status":"closed","template":"","meta":{"site-sidebar-layout":"default","site-content-layout":"default","ast-site-content-layout":"","site-content-style":"default","site-sidebar-style":"default","ast-global-header-display":"","ast-banner-title-visibility":"","ast-main-header-display":"","ast-hfb-above-header-display":"","ast-hfb-below-header-display":"","ast-hfb-mobile-header-display":"","site-post-title":"","ast-breadcrumbs-content":"","ast-featured-img":"","footer-sml-layout":"","theme-transparent-header-meta":"default","adv-header-id-meta":"","stick-header-meta":"","header-above-stick-meta":"","header-main-stick-meta":"","header-below-stick-meta":"","astra-migrate-meta-layouts":"default","ast-page-background-enabled":"default","ast-page-background-meta":{"desktop":{"background-color":"","background-image":"","background-repeat":"repeat","background-position":"center center","background-size":"auto","background-attachment":"scroll","background-type":"","background-media":"","overlay-type":"","overlay-color":"","overlay-gradient":""},"tablet":{"background-color":"","background-image":"","background-repeat":"repeat","background-position":"center center","background-size":"auto","background-attachment":"scroll","background-type":"","background-media":"","overlay-type":"","overlay-color":"","overlay-gradient":""},"mobile":{"background-color":"","background-image":"","background-repeat":"repeat","background-position":"center center","background-size":"auto","background-attachment":"scroll","background-type":"","background-media":"","overlay-type":"","overlay-color":"","overlay-gradient":""}},"ast-content-background-meta":{"desktop":{"background-color":"var(--ast-global-color-5)","background-image":"","background-repeat":"repeat","background-position":"center center","background-size":"auto","background-attachment":"scroll","background-type":"","background-media":"","overlay-type":"","overlay-color":"","overlay-gradient":""},"tablet":{"background-color":"var(--ast-global-color-5)","background-image":"","background-repeat":"repeat","background-position":"center center","background-size":"auto","background-attachment":"scroll","background-type":"","background-media":"","overlay-type":"","overlay-color":"","overlay-gradient":""},"mobile":{"background-color":"var(--ast-global-color-5)","background-image":"","background-repeat":"repeat","background-position":"center center","background-size":"auto","background-attachment":"scroll","background-type":"","background-media":"","overlay-type":"","overlay-color":"","overlay-gradient":""}},"_themeisle_gutenberg_block_has_review":false},"product_brand":[],"product_cat":[23],"product_tag":[],"class_list":{"0":"post-2932","1":"product","2":"type-product","3":"status-publish","4":"has-post-thumbnail","6":"product_cat-champagne-et-bulles","7":"desktop-align-left","8":"tablet-align-left","9":"mobile-align-left","11":"first","12":"instock","13":"shipping-taxable","14":"purchasable","15":"product-type-simple"},"yoast_head":"<!-- This site is optimized with the Yoast SEO plugin v27.4 - https:\/\/yoast.com\/product\/yoast-seo-wordpress\/ -->\n<title>Ch\u00e2teau Lalande Labatut Cr\u00e9mant de Bordeaux ros\u00e9 - Kav\u00e9a | Cave \u00e0 vins et champagnes | Epicerie fine | Le Robert Martinique<\/title>\n<meta name=\"robots\" content=\"index, follow, max-snippet:-1, max-image-preview:large, max-video-preview:-1\" \/>\n<link rel=\"canonical\" href=\"https:\/\/kavea-martinique.com\/?product=chateau-lalande-labatut-cremant-de-bordeaux-rose\" \/>\n<meta property=\"og:locale\" content=\"fr_FR\" \/>\n<meta property=\"og:type\" content=\"article\" \/>\n<meta property=\"og:title\" content=\"Ch\u00e2teau Lalande Labatut Cr\u00e9mant de Bordeaux ros\u00e9 - Kav\u00e9a | Cave \u00e0 vins et champagnes | Epicerie fine | Le Robert Martinique\" \/>\n<meta property=\"og:description\" content=\"C\u00e9page : 100% Cabernet Franc Cuv\u00e9e : Bulles de Lalande Labatut Mill\u00e9sime :\u00a0 Label :\u00a0 Haute Valeur Environnementale Contenance : 75 cl Garde : 2 ans Degr\u00e9s d&#039;alcool : 12,5 \u00b0 Accords mets et vins : Moelleux au chocolat et glace vanille Temp\u00e9rature de service : 10 \u00b0 Robe : Ros\u00e9e \u00e0 la teinte pastelle Nez : Joli fruit\u00e9 vineux Bouche : Notes gourmandes de fruits rouges l\u00e9g\u00e8rement acidul\u00e9s\" \/>\n<meta property=\"og:url\" content=\"https:\/\/kavea-martinique.com\/?product=chateau-lalande-labatut-cremant-de-bordeaux-rose\" \/>\n<meta property=\"og:site_name\" content=\"Kav\u00e9a | Cave \u00e0 vins et champagnes | Epicerie fine | Le Robert Martinique\" \/>\n<meta property=\"article:modified_time\" content=\"2023-01-30T15:20:25+00:00\" \/>\n<meta property=\"og:image\" content=\"https:\/\/i0.wp.com\/kavea-martinique.com\/wp-content\/uploads\/2022\/12\/Lalande_Labatut_-_Cremant_rose-removebg-preview.png?fit=370%2C370&ssl=1\" \/>\n\t<meta property=\"og:image:width\" content=\"370\" \/>\n\t<meta property=\"og:image:height\" content=\"370\" \/>\n\t<meta property=\"og:image:type\" content=\"image\/png\" \/>\n<meta name=\"twitter:card\" content=\"summary_large_image\" \/>\n<script type=\"application\/ld+json\" class=\"yoast-schema-graph\">{\"@context\":\"https:\\\/\\\/schema.org\",\"@graph\":[{\"@type\":\"WebPage\",\"@id\":\"https:\\\/\\\/kavea-martinique.com\\\/?product=chateau-lalande-labatut-cremant-de-bordeaux-rose\",\"url\":\"https:\\\/\\\/kavea-martinique.com\\\/?product=chateau-lalande-labatut-cremant-de-bordeaux-rose\",\"name\":\"Ch\u00e2teau Lalande Labatut Cr\u00e9mant de Bordeaux ros\u00e9 - Kav\u00e9a | Cave \u00e0 vins et champagnes | Epicerie fine | Le Robert Martinique\",\"isPartOf\":{\"@id\":\"https:\\\/\\\/kavea-martinique.com\\\/#website\"},\"primaryImageOfPage\":{\"@id\":\"https:\\\/\\\/kavea-martinique.com\\\/?product=chateau-lalande-labatut-cremant-de-bordeaux-rose#primaryimage\"},\"image\":{\"@id\":\"https:\\\/\\\/kavea-martinique.com\\\/?product=chateau-lalande-labatut-cremant-de-bordeaux-rose#primaryimage\"},\"thumbnailUrl\":\"https:\\\/\\\/i0.wp.com\\\/kavea-martinique.com\\\/wp-content\\\/uploads\\\/2022\\\/12\\\/Lalande_Labatut_-_Cremant_rose-removebg-preview.png?fit=370%2C370&ssl=1\",\"datePublished\":\"2022-12-07T22:23:42+00:00\",\"dateModified\":\"2023-01-30T15:20:25+00:00\",\"breadcrumb\":{\"@id\":\"https:\\\/\\\/kavea-martinique.com\\\/?product=chateau-lalande-labatut-cremant-de-bordeaux-rose#breadcrumb\"},\"inLanguage\":\"fr-FR\",\"potentialAction\":[{\"@type\":\"ReadAction\",\"target\":[\"https:\\\/\\\/kavea-martinique.com\\\/?product=chateau-lalande-labatut-cremant-de-bordeaux-rose\"]}]},{\"@type\":\"ImageObject\",\"inLanguage\":\"fr-FR\",\"@id\":\"https:\\\/\\\/kavea-martinique.com\\\/?product=chateau-lalande-labatut-cremant-de-bordeaux-rose#primaryimage\",\"url\":\"https:\\\/\\\/i0.wp.com\\\/kavea-martinique.com\\\/wp-content\\\/uploads\\\/2022\\\/12\\\/Lalande_Labatut_-_Cremant_rose-removebg-preview.png?fit=370%2C370&ssl=1\",\"contentUrl\":\"https:\\\/\\\/i0.wp.com\\\/kavea-martinique.com\\\/wp-content\\\/uploads\\\/2022\\\/12\\\/Lalande_Labatut_-_Cremant_rose-removebg-preview.png?fit=370%2C370&ssl=1\",\"width\":370,\"height\":370},{\"@type\":\"BreadcrumbList\",\"@id\":\"https:\\\/\\\/kavea-martinique.com\\\/?product=chateau-lalande-labatut-cremant-de-bordeaux-rose#breadcrumb\",\"itemListElement\":[{\"@type\":\"ListItem\",\"position\":1,\"name\":\"Accueil\",\"item\":\"https:\\\/\\\/kavea-martinique.com\\\/\"},{\"@type\":\"ListItem\",\"position\":2,\"name\":\"Shop\",\"item\":\"https:\\\/\\\/kavea-martinique.com\\\/?page_id=401\"},{\"@type\":\"ListItem\",\"position\":3,\"name\":\"Ch\u00e2teau Lalande Labatut Cr\u00e9mant de Bordeaux ros\u00e9\"}]},{\"@type\":\"WebSite\",\"@id\":\"https:\\\/\\\/kavea-martinique.com\\\/#website\",\"url\":\"https:\\\/\\\/kavea-martinique.com\\\/\",\"name\":\"Kav\u00e9a | Cave \u00e0 vins et champagnes | Epicerie fine | Le Robert Martinique\",\"description\":\"Cave \u00e0 vins \u00e9v\u00e8nementielle 100% Vignerons Ind\u00e9pendants \u00e9coresponsables. D\u00e9gustations sur mesure. Click &amp; Collect Livraison \u00e0 domicile\",\"publisher\":{\"@id\":\"https:\\\/\\\/kavea-martinique.com\\\/#organization\"},\"potentialAction\":[{\"@type\":\"SearchAction\",\"target\":{\"@type\":\"EntryPoint\",\"urlTemplate\":\"https:\\\/\\\/kavea-martinique.com\\\/?s={search_term_string}\"},\"query-input\":{\"@type\":\"PropertyValueSpecification\",\"valueRequired\":true,\"valueName\":\"search_term_string\"}}],\"inLanguage\":\"fr-FR\"},{\"@type\":\"Organization\",\"@id\":\"https:\\\/\\\/kavea-martinique.com\\\/#organization\",\"name\":\"Kav\u00e9a | Cave \u00e0 vins et champagnes | Epicerie fine | Le Robert Martinique\",\"url\":\"https:\\\/\\\/kavea-martinique.com\\\/\",\"logo\":{\"@type\":\"ImageObject\",\"inLanguage\":\"fr-FR\",\"@id\":\"https:\\\/\\\/kavea-martinique.com\\\/#\\\/schema\\\/logo\\\/image\\\/\",\"url\":\"https:\\\/\\\/i0.wp.com\\\/kavea-martinique.com\\\/wp-content\\\/uploads\\\/2022\\\/10\\\/unnamed.png?fit=1280%2C382&ssl=1\",\"contentUrl\":\"https:\\\/\\\/i0.wp.com\\\/kavea-martinique.com\\\/wp-content\\\/uploads\\\/2022\\\/10\\\/unnamed.png?fit=1280%2C382&ssl=1\",\"width\":1280,\"height\":382,\"caption\":\"Kav\u00e9a | Cave \u00e0 vins et champagnes | Epicerie fine | Le Robert Martinique\"},\"image\":{\"@id\":\"https:\\\/\\\/kavea-martinique.com\\\/#\\\/schema\\\/logo\\\/image\\\/\"},\"sameAs\":[\"https:\\\/\\\/www.instagram.com\\\/kaveamartinique\\\/?hl=fr\"]}]}<\/script>\n<!-- \/ Yoast SEO plugin. -->","yoast_head_json":{"title":"Ch\u00e2teau Lalande Labatut Cr\u00e9mant de Bordeaux ros\u00e9 - Kav\u00e9a | Cave \u00e0 vins et champagnes | Epicerie fine | Le Robert Martinique","robots":{"index":"index","follow":"follow","max-snippet":"max-snippet:-1","max-image-preview":"max-image-preview:large","max-video-preview":"max-video-preview:-1"},"canonical":"https:\/\/kavea-martinique.com\/?product=chateau-lalande-labatut-cremant-de-bordeaux-rose","og_locale":"fr_FR","og_type":"article","og_title":"Ch\u00e2teau Lalande Labatut Cr\u00e9mant de Bordeaux ros\u00e9 - Kav\u00e9a | Cave \u00e0 vins et champagnes | Epicerie fine | Le Robert Martinique","og_description":"C\u00e9page : 100% Cabernet Franc Cuv\u00e9e : Bulles de Lalande Labatut Mill\u00e9sime :\u00a0 Label :\u00a0 Haute Valeur Environnementale Contenance : 75 cl Garde : 2 ans Degr\u00e9s d'alcool : 12,5 \u00b0 Accords mets et vins : Moelleux au chocolat et glace vanille Temp\u00e9rature de service : 10 \u00b0 Robe : Ros\u00e9e \u00e0 la teinte pastelle Nez : Joli fruit\u00e9 vineux Bouche : Notes gourmandes de fruits rouges l\u00e9g\u00e8rement acidul\u00e9s","og_url":"https:\/\/kavea-martinique.com\/?product=chateau-lalande-labatut-cremant-de-bordeaux-rose","og_site_name":"Kav\u00e9a | Cave \u00e0 vins et champagnes | Epicerie fine | Le Robert Martinique","article_modified_time":"2023-01-30T15:20:25+00:00","og_image":[{"width":370,"height":370,"url":"https:\/\/i0.wp.com\/kavea-martinique.com\/wp-content\/uploads\/2022\/12\/Lalande_Labatut_-_Cremant_rose-removebg-preview.png?fit=370%2C370&ssl=1","type":"image\/png"}],"twitter_card":"summary_large_image","schema":{"@context":"https:\/\/schema.org","@graph":[{"@type":"WebPage","@id":"https:\/\/kavea-martinique.com\/?product=chateau-lalande-labatut-cremant-de-bordeaux-rose","url":"https:\/\/kavea-martinique.com\/?product=chateau-lalande-labatut-cremant-de-bordeaux-rose","name":"Ch\u00e2teau Lalande Labatut Cr\u00e9mant de Bordeaux ros\u00e9 - Kav\u00e9a | Cave \u00e0 vins et champagnes | Epicerie fine | Le Robert Martinique","isPartOf":{"@id":"https:\/\/kavea-martinique.com\/#website"},"primaryImageOfPage":{"@id":"https:\/\/kavea-martinique.com\/?product=chateau-lalande-labatut-cremant-de-bordeaux-rose#primaryimage"},"image":{"@id":"https:\/\/kavea-martinique.com\/?product=chateau-lalande-labatut-cremant-de-bordeaux-rose#primaryimage"},"thumbnailUrl":"https:\/\/i0.wp.com\/kavea-martinique.com\/wp-content\/uploads\/2022\/12\/Lalande_Labatut_-_Cremant_rose-removebg-preview.png?fit=370%2C370&ssl=1","datePublished":"2022-12-07T22:23:42+00:00","dateModified":"2023-01-30T15:20:25+00:00","breadcrumb":{"@id":"https:\/\/kavea-martinique.com\/?product=chateau-lalande-labatut-cremant-de-bordeaux-rose#breadcrumb"},"inLanguage":"fr-FR","potentialAction":[{"@type":"ReadAction","target":["https:\/\/kavea-martinique.com\/?product=chateau-lalande-labatut-cremant-de-bordeaux-rose"]}]},{"@type":"ImageObject","inLanguage":"fr-FR","@id":"https:\/\/kavea-martinique.com\/?product=chateau-lalande-labatut-cremant-de-bordeaux-rose#primaryimage","url":"https:\/\/i0.wp.com\/kavea-martinique.com\/wp-content\/uploads\/2022\/12\/Lalande_Labatut_-_Cremant_rose-removebg-preview.png?fit=370%2C370&ssl=1","contentUrl":"https:\/\/i0.wp.com\/kavea-martinique.com\/wp-content\/uploads\/2022\/12\/Lalande_Labatut_-_Cremant_rose-removebg-preview.png?fit=370%2C370&ssl=1","width":370,"height":370},{"@type":"BreadcrumbList","@id":"https:\/\/kavea-martinique.com\/?product=chateau-lalande-labatut-cremant-de-bordeaux-rose#breadcrumb","itemListElement":[{"@type":"ListItem","position":1,"name":"Accueil","item":"https:\/\/kavea-martinique.com\/"},{"@type":"ListItem","position":2,"name":"Shop","item":"https:\/\/kavea-martinique.com\/?page_id=401"},{"@type":"ListItem","position":3,"name":"Ch\u00e2teau Lalande Labatut Cr\u00e9mant de Bordeaux ros\u00e9"}]},{"@type":"WebSite","@id":"https:\/\/kavea-martinique.com\/#website","url":"https:\/\/kavea-martinique.com\/","name":"Kav\u00e9a | Cave \u00e0 vins et champagnes | Epicerie fine | Le Robert Martinique","description":"Cave \u00e0 vins \u00e9v\u00e8nementielle 100% Vignerons Ind\u00e9pendants \u00e9coresponsables. D\u00e9gustations sur mesure. Click &amp; Collect Livraison \u00e0 domicile","publisher":{"@id":"https:\/\/kavea-martinique.com\/#organization"},"potentialAction":[{"@type":"SearchAction","target":{"@type":"EntryPoint","urlTemplate":"https:\/\/kavea-martinique.com\/?s={search_term_string}"},"query-input":{"@type":"PropertyValueSpecification","valueRequired":true,"valueName":"search_term_string"}}],"inLanguage":"fr-FR"},{"@type":"Organization","@id":"https:\/\/kavea-martinique.com\/#organization","name":"Kav\u00e9a | Cave \u00e0 vins et champagnes | Epicerie fine | Le Robert Martinique","url":"https:\/\/kavea-martinique.com\/","logo":{"@type":"ImageObject","inLanguage":"fr-FR","@id":"https:\/\/kavea-martinique.com\/#\/schema\/logo\/image\/","url":"https:\/\/i0.wp.com\/kavea-martinique.com\/wp-content\/uploads\/2022\/10\/unnamed.png?fit=1280%2C382&ssl=1","contentUrl":"https:\/\/i0.wp.com\/kavea-martinique.com\/wp-content\/uploads\/2022\/10\/unnamed.png?fit=1280%2C382&ssl=1","width":1280,"height":382,"caption":"Kav\u00e9a | Cave \u00e0 vins et champagnes | Epicerie fine | Le Robert Martinique"},"image":{"@id":"https:\/\/kavea-martinique.com\/#\/schema\/logo\/image\/"},"sameAs":["https:\/\/www.instagram.com\/kaveamartinique\/?hl=fr"]}]}},"jetpack-related-posts":[{"id":2931,"url":"https:\/\/kavea-martinique.com\/?product=chateau-lalande-labatut-cremant-de-bordeaux-blanc","url_meta":{"origin":2932,"position":0},"title":"Ch\u00e2teau Lalande Labatut Cr\u00e9mant de Bordeaux (brut)","author":"Marc-Olivier Renay","date":"7 d\u00e9cembre 2022","format":false,"excerpt":"C\u00e9page : 100% Cabernet Franc Cuv\u00e9e : Bulles de Lalande Labatut Mill\u00e9sime :\u00a0 Label :\u00a0 Haute Valeur Environnementale Contenance : 75 cl Garde : 2 ans Degr\u00e9s d'alcool : 12,5 \u00b0 Accords mets et vins : Poisson r\u00f4ti au thym et graines \u00e0 roussir Temp\u00e9rature de service : 10 \u00b0\u2026","rel":"","context":"Article similaire","block_context":{"text":"Article similaire","link":""},"img":{"alt_text":"","src":"https:\/\/i0.wp.com\/kavea-martinique.com\/wp-content\/uploads\/2022\/12\/Lalande_Labatut_-_Cremant_blanc-removebg-preview.png?fit=500%2C500&ssl=1&resize=350%2C200","width":350,"height":200},"classes":[]},{"id":2918,"url":"https:\/\/kavea-martinique.com\/?product=chateau-belles-graves-lalande-de-pomerol-2013","url_meta":{"origin":2932,"position":1},"title":"Ch\u00e2teau Belles-Graves &#8211; Lalande-de-Pomerol 2013","author":"Marc-Olivier Renay","date":"7 d\u00e9cembre 2022","format":false,"excerpt":"C\u00e9page : 88% Merlot, 12% Cabernet Franc Cuv\u00e9e :\u00a0 Mill\u00e9sime : 2013 Label : Haute Valeur Environnementale Contenance : 75 cl Garde : 12 ans Degr\u00e9s d'alcool : 14,5 \u00b0 Accords mets et vins : Epaule d'agneau au curry confite en cocotte Temp\u00e9rature de service : 15 \u00b0 Robe :\u2026","rel":"","context":"Article similaire","block_context":{"text":"Article similaire","link":""},"img":{"alt_text":"","src":"https:\/\/i0.wp.com\/kavea-martinique.com\/wp-content\/uploads\/2022\/12\/Belles-Graves_-_2013_2-removebg-preview.png?fit=484%2C516&ssl=1&resize=350%2C200","width":350,"height":200},"classes":[]},{"id":2919,"url":"https:\/\/kavea-martinique.com\/?product=chateau-belles-graves-lalande-de-pomerol-2017","url_meta":{"origin":2932,"position":2},"title":"Ch\u00e2teau Belles-Graves &#8211; Lalande-de-Pomerol 2017","author":"Marc-Olivier Renay","date":"7 d\u00e9cembre 2022","format":false,"excerpt":"C\u00e9page : 88% Merlot, 12% Cabernet Franc Cuv\u00e9e :\u00a0 Mill\u00e9sime : 2017 Label : Haute Valeur Environnementale Contenance : 75 cl Garde : 8 ans Degr\u00e9s d'alcool : 14,5 \u00b0 Accords mets et vins : Quasi de veau \u00e0 la cr\u00e8me et aux champignons de Paris Temp\u00e9rature de service :\u2026","rel":"","context":"Article similaire","block_context":{"text":"Article similaire","link":""},"img":{"alt_text":"","src":"https:\/\/i0.wp.com\/kavea-martinique.com\/wp-content\/uploads\/2022\/12\/chateau-belles-graves-2017-75-cl-removebg-preview.png?fit=438%2C570&ssl=1&resize=350%2C200","width":350,"height":200},"classes":[]},{"id":2922,"url":"https:\/\/kavea-martinique.com\/?product=chateau-lalande-labatut-bordeaux","url_meta":{"origin":2932,"position":3},"title":"Ch\u00e2teau Lalande Labatut &#8211; Bordeaux","author":"Marc-Olivier Renay","date":"7 d\u00e9cembre 2022","format":false,"excerpt":"C\u00e9page : 70% Merlot, 30% Cabernet Sauvignon Cuv\u00e9e : Prestige Mill\u00e9sime : 2020 Label : Haute Valeur Environnementale Contenance : 75 cl Garde : 8ans Degr\u00e9s d'alcool : 13 \u00b0 Accords mets et vins : Poulet grill\u00e9 au barbecue, tout simplement Temp\u00e9rature de service : 16 \u00b0 Robe : Carmin\u2026","rel":"","context":"Article similaire","block_context":{"text":"Article similaire","link":""},"img":{"alt_text":"","src":"https:\/\/i0.wp.com\/kavea-martinique.com\/wp-content\/uploads\/2022\/12\/Lalande_Labatut_-_Bordeaux-removebg-preview.png?fit=268%2C337&ssl=1&resize=350%2C200","width":350,"height":200},"classes":[]},{"id":2926,"url":"https:\/\/kavea-martinique.com\/?product=maison-monmarthe","url_meta":{"origin":2932,"position":4},"title":"Domaine Fritz-Schmitt Cr\u00e9mant d&rsquo;Alsace (brut)","author":"Marc-Olivier Renay","date":"7 d\u00e9cembre 2022","format":false,"excerpt":"C\u00e9page : 50% Pinot Noir, 50% Chardonnay Cuv\u00e9e : brut Mill\u00e9sime :\u00a0 Label : Agriculture Biologique et Haute Valeur Environnementale Contenance : 75 cl Garde : 3 ans Degr\u00e9s d'alcool : 12 \u00b0 Accords mets et vins : Desserts \u00e0 base de fruits frais Temp\u00e9rature de service : 10 \u00b0\u2026","rel":"","context":"Article similaire","block_context":{"text":"Article similaire","link":""},"img":{"alt_text":"","src":"https:\/\/i0.wp.com\/kavea-martinique.com\/wp-content\/uploads\/2022\/12\/cremant-brut-1-removebg-preview.png?fit=375%2C666&ssl=1&resize=350%2C200","width":350,"height":200},"classes":[]},{"id":2892,"url":"https:\/\/kavea-martinique.com\/?product=domaine-les-pins-saint-nicolas-de-bourgueil","url_meta":{"origin":2932,"position":5},"title":"Domaine Les Pins &#8211; Saint-Nicolas-de-Bourgueil","author":"Marc-Olivier Renay","date":"7 d\u00e9cembre 2022","format":false,"excerpt":"C\u00e9page : 100% Cabernet Franc Cuv\u00e9e : Mill\u00e9sime : 2020 Label : Haute Valeur Environnementale Contenance : 75 cl Garde : 3 ans Degr\u00e9s d'alcool : 13 \u00b0 Accords mets et vins : Couscous aux \u00e9pices antillais Temp\u00e9rature de service : 15 \u00b0 Robe : Couleur pourpre, intense, reflets grenat\u2026","rel":"","context":"Article similaire","block_context":{"text":"Article similaire","link":""},"img":{"alt_text":"","src":"https:\/\/i0.wp.com\/kavea-martinique.com\/wp-content\/uploads\/2022\/12\/Les-Pins-Saint-Nicolas-de-Bourgeuil.png?fit=253%2C380&ssl=1&resize=350%2C200","width":350,"height":200},"classes":[]}],"jetpack_sharing_enabled":true,"_links":{"self":[{"href":"https:\/\/kavea-martinique.com\/index.php?rest_route=\/wp\/v2\/product\/2932","targetHints":{"allow":["GET"]}}],"collection":[{"href":"https:\/\/kavea-martinique.com\/index.php?rest_route=\/wp\/v2\/product"}],"about":[{"href":"https:\/\/kavea-martinique.com\/index.php?rest_route=\/wp\/v2\/types\/product"}],"replies":[{"embeddable":true,"href":"https:\/\/kavea-martinique.com\/index.php?rest_route=%2Fwp%2Fv2%2Fcomments&post=2932"}],"wp:featuredmedia":[{"embeddable":true,"href":"https:\/\/kavea-martinique.com\/index.php?rest_route=\/wp\/v2\/media\/3075"}],"wp:attachment":[{"href":"https:\/\/kavea-martinique.com\/index.php?rest_route=%2Fwp%2Fv2%2Fmedia&parent=2932"}],"wp:term":[{"taxonomy":"product_brand","embeddable":true,"href":"https:\/\/kavea-martinique.com\/index.php?rest_route=%2Fwp%2Fv2%2Fproduct_brand&post=2932"},{"taxonomy":"product_cat","embeddable":true,"href":"https:\/\/kavea-martinique.com\/index.php?rest_route=%2Fwp%2Fv2%2Fproduct_cat&post=2932"},{"taxonomy":"product_tag","embeddable":true,"href":"https:\/\/kavea-martinique.com\/index.php?rest_route=%2Fwp%2Fv2%2Fproduct_tag&post=2932"}],"curies":[{"name":"wp","href":"https:\/\/api.w.org\/{rel}","templated":true}]}}