{"id":3079,"date":"2023-01-10T21:20:27","date_gmt":"2023-01-10T20:20:27","guid":{"rendered":"https:\/\/kavea-martinique.com\/?post_type=product&#038;p=3079"},"modified":"2025-08-10T19:40:10","modified_gmt":"2025-08-10T23:40:10","slug":"champagne-monmarthe-secret-de-famille","status":"publish","type":"product","link":"https:\/\/kavea-martinique.com\/?product=champagne-monmarthe-secret-de-famille","title":{"rendered":"Champagne Monmarthe &#8211; Premier Cru &#8211; Secret de Famille"},"content":{"rendered":"","protected":false},"excerpt":{"rendered":"<p><em><strong>C\u00e9page : <\/strong><\/em>40% Pinot Noir, 40% Meunier, 20% Chardonnay<br \/>\n<em><strong>Cuv\u00e9e : <\/strong><\/em>Secret de Famille (brut)<br \/>\n<em><strong>Mill\u00e9sime :\u00a0<\/strong><\/em><br \/>\n<em><strong>Label :\u00a0 <\/strong><\/em>Haute Valeur Environnementale<br \/>\n<em><strong>Contenance :<\/strong><\/em> 75 cl<br \/>\n<em><strong>Garde :<\/strong><\/em> 3 ans<br \/>\n<em><strong>Degr\u00e9s d&rsquo;alcool :<\/strong> <\/em>12,5 \u00b0<br \/>\n<em><strong>Accords mets et vins : <\/strong><\/em>Tout seul !<br \/>\n<em><strong>Temp\u00e9rature de service :<\/strong><\/em> 10 \u00b0<br \/>\n<em><strong>Robe : <\/strong><\/em>Joli Dor\u00e9e<br \/>\n<em><strong>Nez : <\/strong><\/em>Aub\u00e9pine et p\u00eache blanche<br \/>\n<em><strong>Bouche :<\/strong><\/em> Ar\u00f4mes de mirabelle et de miel<\/p>\n","protected":false},"featured_media":3080,"comment_status":"open","ping_status":"closed","template":"","meta":{"site-sidebar-layout":"default","site-content-layout":"default","ast-site-content-layout":"default","site-content-style":"default","site-sidebar-style":"default","ast-global-header-display":"","ast-banner-title-visibility":"","ast-main-header-display":"","ast-hfb-above-header-display":"","ast-hfb-below-header-display":"","ast-hfb-mobile-header-display":"","site-post-title":"","ast-breadcrumbs-content":"","ast-featured-img":"","footer-sml-layout":"","theme-transparent-header-meta":"default","adv-header-id-meta":"","stick-header-meta":"","header-above-stick-meta":"","header-main-stick-meta":"","header-below-stick-meta":"","astra-migrate-meta-layouts":"set","ast-page-background-enabled":"default","ast-page-background-meta":{"desktop":{"background-color":"","background-image":"","background-repeat":"repeat","background-position":"center center","background-size":"auto","background-attachment":"scroll","background-type":"","background-media":"","overlay-type":"","overlay-color":"","overlay-gradient":""},"tablet":{"background-color":"","background-image":"","background-repeat":"repeat","background-position":"center center","background-size":"auto","background-attachment":"scroll","background-type":"","background-media":"","overlay-type":"","overlay-color":"","overlay-gradient":""},"mobile":{"background-color":"","background-image":"","background-repeat":"repeat","background-position":"center center","background-size":"auto","background-attachment":"scroll","background-type":"","background-media":"","overlay-type":"","overlay-color":"","overlay-gradient":""}},"ast-content-background-meta":{"desktop":{"background-color":"var(--ast-global-color-5)","background-image":"","background-repeat":"repeat","background-position":"center center","background-size":"auto","background-attachment":"scroll","background-type":"","background-media":"","overlay-type":"","overlay-color":"","overlay-gradient":""},"tablet":{"background-color":"var(--ast-global-color-5)","background-image":"","background-repeat":"repeat","background-position":"center center","background-size":"auto","background-attachment":"scroll","background-type":"","background-media":"","overlay-type":"","overlay-color":"","overlay-gradient":""},"mobile":{"background-color":"var(--ast-global-color-5)","background-image":"","background-repeat":"repeat","background-position":"center center","background-size":"auto","background-attachment":"scroll","background-type":"","background-media":"","overlay-type":"","overlay-color":"","overlay-gradient":""}},"_themeisle_gutenberg_block_has_review":false},"product_brand":[],"product_cat":[23],"product_tag":[],"class_list":{"0":"post-3079","1":"product","2":"type-product","3":"status-publish","4":"has-post-thumbnail","6":"product_cat-champagne-et-bulles","7":"desktop-align-left","8":"tablet-align-left","9":"mobile-align-left","11":"first","12":"instock","13":"shipping-taxable","14":"purchasable","15":"product-type-simple"},"yoast_head":"<!-- This site is optimized with the Yoast SEO plugin v27.4 - https:\/\/yoast.com\/product\/yoast-seo-wordpress\/ -->\n<title>Champagne Monmarthe - Premier Cru - Secret de Famille - Kav\u00e9a | Cave \u00e0 vins et champagnes | Epicerie fine | Le Robert Martinique<\/title>\n<meta name=\"robots\" content=\"index, follow, max-snippet:-1, max-image-preview:large, max-video-preview:-1\" \/>\n<link rel=\"canonical\" href=\"https:\/\/kavea-martinique.com\/?product=champagne-monmarthe-secret-de-famille\" \/>\n<meta property=\"og:locale\" content=\"fr_FR\" \/>\n<meta property=\"og:type\" content=\"article\" \/>\n<meta property=\"og:title\" content=\"Champagne Monmarthe - Premier Cru - Secret de Famille - Kav\u00e9a | Cave \u00e0 vins et champagnes | Epicerie fine | Le Robert Martinique\" \/>\n<meta property=\"og:description\" content=\"C\u00e9page : 40% Pinot Noir, 40% Meunier, 20% Chardonnay Cuv\u00e9e : Secret de Famille (brut) Mill\u00e9sime :\u00a0 Label :\u00a0 Haute Valeur Environnementale Contenance : 75 cl Garde : 3 ans Degr\u00e9s d&#039;alcool : 12,5 \u00b0 Accords mets et vins : Tout seul ! Temp\u00e9rature de service : 10 \u00b0 Robe : Joli Dor\u00e9e Nez : Aub\u00e9pine et p\u00eache blanche Bouche : Ar\u00f4mes de mirabelle et de miel\" \/>\n<meta property=\"og:url\" content=\"https:\/\/kavea-martinique.com\/?product=champagne-monmarthe-secret-de-famille\" \/>\n<meta property=\"og:site_name\" content=\"Kav\u00e9a | Cave \u00e0 vins et champagnes | Epicerie fine | Le Robert Martinique\" \/>\n<meta property=\"article:modified_time\" content=\"2025-08-10T23:40:10+00:00\" \/>\n<meta property=\"og:image\" content=\"https:\/\/kavea-martinique.com\/wp-content\/uploads\/2023\/01\/Monmarthe_-_Secret_de_Famille-removebg-preview.png\" \/>\n\t<meta property=\"og:image:width\" content=\"394\" \/>\n\t<meta property=\"og:image:height\" content=\"634\" \/>\n\t<meta property=\"og:image:type\" content=\"image\/png\" \/>\n<meta name=\"twitter:card\" content=\"summary_large_image\" \/>\n<meta name=\"twitter:label1\" content=\"Dur\u00e9e de lecture estim\u00e9e\" \/>\n\t<meta name=\"twitter:data1\" content=\"1 minute\" \/>\n<script type=\"application\/ld+json\" class=\"yoast-schema-graph\">{\"@context\":\"https:\\\/\\\/schema.org\",\"@graph\":[{\"@type\":\"WebPage\",\"@id\":\"https:\\\/\\\/kavea-martinique.com\\\/?product=champagne-monmarthe-secret-de-famille\",\"url\":\"https:\\\/\\\/kavea-martinique.com\\\/?product=champagne-monmarthe-secret-de-famille\",\"name\":\"Champagne Monmarthe - Premier Cru - Secret de Famille - Kav\u00e9a | Cave \u00e0 vins et champagnes | Epicerie fine | Le Robert Martinique\",\"isPartOf\":{\"@id\":\"https:\\\/\\\/kavea-martinique.com\\\/#website\"},\"primaryImageOfPage\":{\"@id\":\"https:\\\/\\\/kavea-martinique.com\\\/?product=champagne-monmarthe-secret-de-famille#primaryimage\"},\"image\":{\"@id\":\"https:\\\/\\\/kavea-martinique.com\\\/?product=champagne-monmarthe-secret-de-famille#primaryimage\"},\"thumbnailUrl\":\"https:\\\/\\\/i0.wp.com\\\/kavea-martinique.com\\\/wp-content\\\/uploads\\\/2023\\\/01\\\/Monmarthe_-_Secret_de_Famille-removebg-preview.png?fit=394%2C634&ssl=1\",\"datePublished\":\"2023-01-10T20:20:27+00:00\",\"dateModified\":\"2025-08-10T23:40:10+00:00\",\"breadcrumb\":{\"@id\":\"https:\\\/\\\/kavea-martinique.com\\\/?product=champagne-monmarthe-secret-de-famille#breadcrumb\"},\"inLanguage\":\"fr-FR\",\"potentialAction\":[{\"@type\":\"ReadAction\",\"target\":[\"https:\\\/\\\/kavea-martinique.com\\\/?product=champagne-monmarthe-secret-de-famille\"]}]},{\"@type\":\"ImageObject\",\"inLanguage\":\"fr-FR\",\"@id\":\"https:\\\/\\\/kavea-martinique.com\\\/?product=champagne-monmarthe-secret-de-famille#primaryimage\",\"url\":\"https:\\\/\\\/i0.wp.com\\\/kavea-martinique.com\\\/wp-content\\\/uploads\\\/2023\\\/01\\\/Monmarthe_-_Secret_de_Famille-removebg-preview.png?fit=394%2C634&ssl=1\",\"contentUrl\":\"https:\\\/\\\/i0.wp.com\\\/kavea-martinique.com\\\/wp-content\\\/uploads\\\/2023\\\/01\\\/Monmarthe_-_Secret_de_Famille-removebg-preview.png?fit=394%2C634&ssl=1\",\"width\":394,\"height\":634},{\"@type\":\"BreadcrumbList\",\"@id\":\"https:\\\/\\\/kavea-martinique.com\\\/?product=champagne-monmarthe-secret-de-famille#breadcrumb\",\"itemListElement\":[{\"@type\":\"ListItem\",\"position\":1,\"name\":\"Accueil\",\"item\":\"https:\\\/\\\/kavea-martinique.com\\\/\"},{\"@type\":\"ListItem\",\"position\":2,\"name\":\"Shop\",\"item\":\"https:\\\/\\\/kavea-martinique.com\\\/?page_id=401\"},{\"@type\":\"ListItem\",\"position\":3,\"name\":\"Champagne Monmarthe &#8211; Premier Cru &#8211; Secret de Famille\"}]},{\"@type\":\"WebSite\",\"@id\":\"https:\\\/\\\/kavea-martinique.com\\\/#website\",\"url\":\"https:\\\/\\\/kavea-martinique.com\\\/\",\"name\":\"Kav\u00e9a | Cave \u00e0 vins et champagnes | Epicerie fine | Le Robert Martinique\",\"description\":\"Cave \u00e0 vins \u00e9v\u00e8nementielle 100% Vignerons Ind\u00e9pendants \u00e9coresponsables. D\u00e9gustations sur mesure. Click &amp; Collect Livraison \u00e0 domicile\",\"publisher\":{\"@id\":\"https:\\\/\\\/kavea-martinique.com\\\/#organization\"},\"potentialAction\":[{\"@type\":\"SearchAction\",\"target\":{\"@type\":\"EntryPoint\",\"urlTemplate\":\"https:\\\/\\\/kavea-martinique.com\\\/?s={search_term_string}\"},\"query-input\":{\"@type\":\"PropertyValueSpecification\",\"valueRequired\":true,\"valueName\":\"search_term_string\"}}],\"inLanguage\":\"fr-FR\"},{\"@type\":\"Organization\",\"@id\":\"https:\\\/\\\/kavea-martinique.com\\\/#organization\",\"name\":\"Kav\u00e9a | Cave \u00e0 vins et champagnes | Epicerie fine | Le Robert Martinique\",\"url\":\"https:\\\/\\\/kavea-martinique.com\\\/\",\"logo\":{\"@type\":\"ImageObject\",\"inLanguage\":\"fr-FR\",\"@id\":\"https:\\\/\\\/kavea-martinique.com\\\/#\\\/schema\\\/logo\\\/image\\\/\",\"url\":\"https:\\\/\\\/i0.wp.com\\\/kavea-martinique.com\\\/wp-content\\\/uploads\\\/2022\\\/10\\\/unnamed.png?fit=1280%2C382&ssl=1\",\"contentUrl\":\"https:\\\/\\\/i0.wp.com\\\/kavea-martinique.com\\\/wp-content\\\/uploads\\\/2022\\\/10\\\/unnamed.png?fit=1280%2C382&ssl=1\",\"width\":1280,\"height\":382,\"caption\":\"Kav\u00e9a | Cave \u00e0 vins et champagnes | Epicerie fine | Le Robert Martinique\"},\"image\":{\"@id\":\"https:\\\/\\\/kavea-martinique.com\\\/#\\\/schema\\\/logo\\\/image\\\/\"},\"sameAs\":[\"https:\\\/\\\/www.instagram.com\\\/kaveamartinique\\\/?hl=fr\"]}]}<\/script>\n<!-- \/ Yoast SEO plugin. -->","yoast_head_json":{"title":"Champagne Monmarthe - Premier Cru - Secret de Famille - Kav\u00e9a | Cave \u00e0 vins et champagnes | Epicerie fine | Le Robert Martinique","robots":{"index":"index","follow":"follow","max-snippet":"max-snippet:-1","max-image-preview":"max-image-preview:large","max-video-preview":"max-video-preview:-1"},"canonical":"https:\/\/kavea-martinique.com\/?product=champagne-monmarthe-secret-de-famille","og_locale":"fr_FR","og_type":"article","og_title":"Champagne Monmarthe - Premier Cru - Secret de Famille - Kav\u00e9a | Cave \u00e0 vins et champagnes | Epicerie fine | Le Robert Martinique","og_description":"C\u00e9page : 40% Pinot Noir, 40% Meunier, 20% Chardonnay Cuv\u00e9e : Secret de Famille (brut) Mill\u00e9sime :\u00a0 Label :\u00a0 Haute Valeur Environnementale Contenance : 75 cl Garde : 3 ans Degr\u00e9s d'alcool : 12,5 \u00b0 Accords mets et vins : Tout seul ! Temp\u00e9rature de service : 10 \u00b0 Robe : Joli Dor\u00e9e Nez : Aub\u00e9pine et p\u00eache blanche Bouche : Ar\u00f4mes de mirabelle et de miel","og_url":"https:\/\/kavea-martinique.com\/?product=champagne-monmarthe-secret-de-famille","og_site_name":"Kav\u00e9a | Cave \u00e0 vins et champagnes | Epicerie fine | Le Robert Martinique","article_modified_time":"2025-08-10T23:40:10+00:00","og_image":[{"width":394,"height":634,"url":"https:\/\/kavea-martinique.com\/wp-content\/uploads\/2023\/01\/Monmarthe_-_Secret_de_Famille-removebg-preview.png","type":"image\/png"}],"twitter_card":"summary_large_image","twitter_misc":{"Dur\u00e9e de lecture estim\u00e9e":"1 minute"},"schema":{"@context":"https:\/\/schema.org","@graph":[{"@type":"WebPage","@id":"https:\/\/kavea-martinique.com\/?product=champagne-monmarthe-secret-de-famille","url":"https:\/\/kavea-martinique.com\/?product=champagne-monmarthe-secret-de-famille","name":"Champagne Monmarthe - Premier Cru - Secret de Famille - Kav\u00e9a | Cave \u00e0 vins et champagnes | Epicerie fine | Le Robert Martinique","isPartOf":{"@id":"https:\/\/kavea-martinique.com\/#website"},"primaryImageOfPage":{"@id":"https:\/\/kavea-martinique.com\/?product=champagne-monmarthe-secret-de-famille#primaryimage"},"image":{"@id":"https:\/\/kavea-martinique.com\/?product=champagne-monmarthe-secret-de-famille#primaryimage"},"thumbnailUrl":"https:\/\/i0.wp.com\/kavea-martinique.com\/wp-content\/uploads\/2023\/01\/Monmarthe_-_Secret_de_Famille-removebg-preview.png?fit=394%2C634&ssl=1","datePublished":"2023-01-10T20:20:27+00:00","dateModified":"2025-08-10T23:40:10+00:00","breadcrumb":{"@id":"https:\/\/kavea-martinique.com\/?product=champagne-monmarthe-secret-de-famille#breadcrumb"},"inLanguage":"fr-FR","potentialAction":[{"@type":"ReadAction","target":["https:\/\/kavea-martinique.com\/?product=champagne-monmarthe-secret-de-famille"]}]},{"@type":"ImageObject","inLanguage":"fr-FR","@id":"https:\/\/kavea-martinique.com\/?product=champagne-monmarthe-secret-de-famille#primaryimage","url":"https:\/\/i0.wp.com\/kavea-martinique.com\/wp-content\/uploads\/2023\/01\/Monmarthe_-_Secret_de_Famille-removebg-preview.png?fit=394%2C634&ssl=1","contentUrl":"https:\/\/i0.wp.com\/kavea-martinique.com\/wp-content\/uploads\/2023\/01\/Monmarthe_-_Secret_de_Famille-removebg-preview.png?fit=394%2C634&ssl=1","width":394,"height":634},{"@type":"BreadcrumbList","@id":"https:\/\/kavea-martinique.com\/?product=champagne-monmarthe-secret-de-famille#breadcrumb","itemListElement":[{"@type":"ListItem","position":1,"name":"Accueil","item":"https:\/\/kavea-martinique.com\/"},{"@type":"ListItem","position":2,"name":"Shop","item":"https:\/\/kavea-martinique.com\/?page_id=401"},{"@type":"ListItem","position":3,"name":"Champagne Monmarthe &#8211; Premier Cru &#8211; Secret de Famille"}]},{"@type":"WebSite","@id":"https:\/\/kavea-martinique.com\/#website","url":"https:\/\/kavea-martinique.com\/","name":"Kav\u00e9a | Cave \u00e0 vins et champagnes | Epicerie fine | Le Robert Martinique","description":"Cave \u00e0 vins \u00e9v\u00e8nementielle 100% Vignerons Ind\u00e9pendants \u00e9coresponsables. D\u00e9gustations sur mesure. Click &amp; Collect Livraison \u00e0 domicile","publisher":{"@id":"https:\/\/kavea-martinique.com\/#organization"},"potentialAction":[{"@type":"SearchAction","target":{"@type":"EntryPoint","urlTemplate":"https:\/\/kavea-martinique.com\/?s={search_term_string}"},"query-input":{"@type":"PropertyValueSpecification","valueRequired":true,"valueName":"search_term_string"}}],"inLanguage":"fr-FR"},{"@type":"Organization","@id":"https:\/\/kavea-martinique.com\/#organization","name":"Kav\u00e9a | Cave \u00e0 vins et champagnes | Epicerie fine | Le Robert Martinique","url":"https:\/\/kavea-martinique.com\/","logo":{"@type":"ImageObject","inLanguage":"fr-FR","@id":"https:\/\/kavea-martinique.com\/#\/schema\/logo\/image\/","url":"https:\/\/i0.wp.com\/kavea-martinique.com\/wp-content\/uploads\/2022\/10\/unnamed.png?fit=1280%2C382&ssl=1","contentUrl":"https:\/\/i0.wp.com\/kavea-martinique.com\/wp-content\/uploads\/2022\/10\/unnamed.png?fit=1280%2C382&ssl=1","width":1280,"height":382,"caption":"Kav\u00e9a | Cave \u00e0 vins et champagnes | Epicerie fine | Le Robert Martinique"},"image":{"@id":"https:\/\/kavea-martinique.com\/#\/schema\/logo\/image\/"},"sameAs":["https:\/\/www.instagram.com\/kaveamartinique\/?hl=fr"]}]}},"jetpack-related-posts":[{"id":2881,"url":"https:\/\/kavea-martinique.com\/?product=domaine-la-garrigue-beaumes-de-venise","url_meta":{"origin":3079,"position":0},"title":"Domaine la Garrigue &#8211; Beaumes de Venise Sentier Secret","author":"Marc-Olivier Renay","date":"7 d\u00e9cembre 2022","format":false,"excerpt":"C\u00e9page :\u00a0 75 % Grenache, 20 % Syrah, 5 % Mourv\u00e8dre Cuv\u00e9e :\u00a0 Sentier Secret Mill\u00e9sime :\u00a0 2020 Label :\u00a0 Haute Valeur Environnementale Contenance :\u00a0 75 cl Garde :\u00a0 3 ans Degr\u00e9s d'alcool : \u00a015,5\u00b0 Accords mets et vins :\u00a0 Lapin aux pruneaux Temp\u00e9rature de service :\u00a0 18\u00b0 Robe :\u2026","rel":"","context":"Article similaire","block_context":{"text":"Article similaire","link":""},"img":{"alt_text":"","src":"https:\/\/i0.wp.com\/kavea-martinique.com\/wp-content\/uploads\/2022\/12\/AnyConv.com__La-Garrigue-Sentier-Secret.png?fit=480%2C800&ssl=1&resize=350%2C200","width":350,"height":200},"classes":[]},{"id":2928,"url":"https:\/\/kavea-martinique.com\/?product=champagne-monmarthe-demi-sec","url_meta":{"origin":3079,"position":1},"title":"Champagne Monmarthe &#8211; Premier Cru &#8211; Douceur de Bulles (demi-sec)","author":"Marc-Olivier Renay","date":"7 d\u00e9cembre 2022","format":false,"excerpt":"C\u00e9page : 40% Pinot Noir, 40% Meunier, 20% Chardonnay Cuv\u00e9e : Douceur de Bulles (demi-sec) Mill\u00e9sime :\u00a0 Label :\u00a0 Haute Valeur Environnementale Contenance : 75 cl Garde : 3 ans Degr\u00e9s d'alcool : 12,5 \u00b0 Accords mets et vins : Tarte aux fraises ou panacotta aux fruits rouges Temp\u00e9rature de\u2026","rel":"","context":"Article similaire","block_context":{"text":"Article similaire","link":""},"img":{"alt_text":"","src":"https:\/\/i0.wp.com\/kavea-martinique.com\/wp-content\/uploads\/2022\/12\/Monmarthe_-_Douceur_de_Bulles-removebg-preview.png?fit=394%2C634&ssl=1&resize=350%2C200","width":350,"height":200},"classes":[]},{"id":169,"url":"https:\/\/kavea-martinique.com\/?product=champagne-etienne-doue-brut-selection","url_meta":{"origin":3079,"position":2},"title":"Champagne Etienne Dou\u00e9 Brut S\u00e9lection","author":"Marc-Olivier Renay","date":"19 juin 2018","format":false,"excerpt":"C\u00e9page : 60% Chardonnay, 40% Pinot Noir Cuv\u00e9e : S\u00e9lection Mill\u00e9sime :\u00a0 Label : Haute Valeur Environnementale Contenance :\u00a075 cl Garde : 3 ans Degr\u00e9s d\u2019alcool :\u00a012,5 \u00b0 Accords mets et vins : Ap\u00e9ritif dinatoire Temp\u00e9rature de service : 10 \u00b0 Robe : Dor\u00e9e brillante Nez : Fleurs d\u2019acacia et\u2026","rel":"","context":"Article similaire","block_context":{"text":"Article similaire","link":""},"img":{"alt_text":"","src":"https:\/\/i0.wp.com\/kavea-martinique.com\/wp-content\/uploads\/2018\/06\/Sans_titre-removebg-preview.png?fit=387%2C645&ssl=1&resize=350%2C200","width":350,"height":200},"classes":[]},{"id":170,"url":"https:\/\/kavea-martinique.com\/?product=maison-etienne-doue-brut-rose","url_meta":{"origin":3079,"position":3},"title":"Champagne Etienne Dou\u00e9 Brut Ros\u00e9","author":"Marc-Olivier Renay","date":"19 juin 2018","format":false,"excerpt":"C\u00e9page : 60% Chardonnay, 40% Pinot Noir Cuv\u00e9e : Ros\u00e9 Mill\u00e9sime :\u00a0 Label : Haute Valeur Environnementale Contenance :\u00a075 cl Garde : 3 ans Degr\u00e9s d\u2019alcool :\u00a012,5 \u00b0 Accords mets et vins : Dessert chocolat\u00e9 Temp\u00e9rature de service : 10 \u00b0 Robe : Corail clair aux reflets framboise Nez :\u2026","rel":"","context":"Article similaire","block_context":{"text":"Article similaire","link":""},"img":{"alt_text":"","src":"https:\/\/i0.wp.com\/kavea-martinique.com\/wp-content\/uploads\/2018\/06\/Etienne-Doue-Brut-Rose-e1669839387812.png?fit=387%2C645&ssl=1&resize=350%2C200","width":350,"height":200},"classes":[]},{"id":2879,"url":"https:\/\/kavea-martinique.com\/?product=domaine-olivier-hillaire-cotes-du-rhone","url_meta":{"origin":3079,"position":4},"title":"Domaine Olivier Hillaire &#8211; C\u00f4tes du Rh\u00f4ne","author":"Marc-Olivier Renay","date":"7 d\u00e9cembre 2022","format":false,"excerpt":"C\u00e9page : 60 % Grenache et 40 % Syrah Cuv\u00e9e : Vieilles Vignes Mill\u00e9sime : 2021 Label : Haute Valeur Environnementale Contenance : 75 cl Garde : 4 ans Degr\u00e9s d'alcool : 14,5\u00b0 Accords mets et vins : Fricass\u00e9 de lambi Temp\u00e9rature de service : 16\u00b0 Robe : Rouge Rubis\u2026","rel":"","context":"Article similaire","block_context":{"text":"Article similaire","link":""},"img":{"alt_text":"","src":"https:\/\/i0.wp.com\/kavea-martinique.com\/wp-content\/uploads\/2022\/12\/Olivier-Hillaire-Cotes-du-Rhone-2020.png?fit=750%2C1125&ssl=1&resize=350%2C200","width":350,"height":200,"srcset":"https:\/\/i0.wp.com\/kavea-martinique.com\/wp-content\/uploads\/2022\/12\/Olivier-Hillaire-Cotes-du-Rhone-2020.png?fit=750%2C1125&ssl=1&resize=350%2C200 1x, https:\/\/i0.wp.com\/kavea-martinique.com\/wp-content\/uploads\/2022\/12\/Olivier-Hillaire-Cotes-du-Rhone-2020.png?fit=750%2C1125&ssl=1&resize=525%2C300 1.5x, https:\/\/i0.wp.com\/kavea-martinique.com\/wp-content\/uploads\/2022\/12\/Olivier-Hillaire-Cotes-du-Rhone-2020.png?fit=750%2C1125&ssl=1&resize=700%2C400 2x"},"classes":[]},{"id":3001,"url":"https:\/\/kavea-martinique.com\/?product=champagne-etienne-doue-brut-150-cl","url_meta":{"origin":3079,"position":5},"title":"Champagne Etienne Dou\u00e9 Brut S\u00e9lection &#8211; Magnum","author":"Marc-Olivier Renay","date":"9 janvier 2023","format":false,"excerpt":"C\u00e9page : 60% Chardonnay, 40% Pinot Noir Cuv\u00e9e : S\u00e9lection Mill\u00e9sime :\u00a0 Label : Haute Valeur Environnementale Contenance :\u00a075 cl Garde : 3 ans Degr\u00e9s d\u2019alcool :\u00a012,5 \u00b0 Accords mets et vins : Ap\u00e9ritif dinatoire Temp\u00e9rature de service : 10 \u00b0 Robe : Dor\u00e9e brillante Nez : Fleurs d\u2019acacia et\u2026","rel":"","context":"Article similaire","block_context":{"text":"Article similaire","link":""},"img":{"alt_text":"","src":"https:\/\/i0.wp.com\/kavea-martinique.com\/wp-content\/uploads\/2018\/06\/Sans_titre-removebg-preview.png?fit=387%2C645&ssl=1&resize=350%2C200","width":350,"height":200},"classes":[]}],"jetpack_sharing_enabled":true,"_links":{"self":[{"href":"https:\/\/kavea-martinique.com\/index.php?rest_route=\/wp\/v2\/product\/3079","targetHints":{"allow":["GET"]}}],"collection":[{"href":"https:\/\/kavea-martinique.com\/index.php?rest_route=\/wp\/v2\/product"}],"about":[{"href":"https:\/\/kavea-martinique.com\/index.php?rest_route=\/wp\/v2\/types\/product"}],"replies":[{"embeddable":true,"href":"https:\/\/kavea-martinique.com\/index.php?rest_route=%2Fwp%2Fv2%2Fcomments&post=3079"}],"wp:featuredmedia":[{"embeddable":true,"href":"https:\/\/kavea-martinique.com\/index.php?rest_route=\/wp\/v2\/media\/3080"}],"wp:attachment":[{"href":"https:\/\/kavea-martinique.com\/index.php?rest_route=%2Fwp%2Fv2%2Fmedia&parent=3079"}],"wp:term":[{"taxonomy":"product_brand","embeddable":true,"href":"https:\/\/kavea-martinique.com\/index.php?rest_route=%2Fwp%2Fv2%2Fproduct_brand&post=3079"},{"taxonomy":"product_cat","embeddable":true,"href":"https:\/\/kavea-martinique.com\/index.php?rest_route=%2Fwp%2Fv2%2Fproduct_cat&post=3079"},{"taxonomy":"product_tag","embeddable":true,"href":"https:\/\/kavea-martinique.com\/index.php?rest_route=%2Fwp%2Fv2%2Fproduct_tag&post=3079"}],"curies":[{"name":"wp","href":"https:\/\/api.w.org\/{rel}","templated":true}]}}