{"id":4020,"date":"2024-02-22T16:55:27","date_gmt":"2024-02-22T20:55:27","guid":{"rendered":"https:\/\/kavea-martinique.com\/?post_type=product&#038;p=4020"},"modified":"2024-02-23T17:32:04","modified_gmt":"2024-02-23T21:32:04","slug":"domaine-michelas-saint-joseph","status":"publish","type":"product","link":"https:\/\/kavea-martinique.com\/?product=domaine-michelas-saint-joseph","title":{"rendered":"Domaine Michelas Saint-Jemms &#8211; Saint-Joseph &#8211; Sainte Epine"},"content":{"rendered":"","protected":false},"excerpt":{"rendered":"<p><em><strong>C\u00e9page :<\/strong><\/em> <span class=\"OYPEnA text-decoration-none text-strikethrough-none\">100% Syrah<\/span><br \/>\n<em><strong>Cuv\u00e9e : <\/strong><\/em>Sainte Epine<br \/>\n<em><strong>Mill\u00e9sime :<\/strong><\/em>\u00a0 2021<br \/>\n<em><strong>Label :<\/strong><\/em> <span class=\"OYPEnA text-decoration-none text-strikethrough-none\">Haute Valeur Environnementale et Agriculture Biologique<\/span><br \/>\n<em><strong>Contenance :<\/strong><\/em> 75 cl<br \/>\n<em><strong>Garde :<\/strong><\/em>\u00a0 8 ans<br \/>\n<em><strong>Degr\u00e9s d\u2019alcool :<\/strong>\u00a0\u00a0<\/em>12,5 \u00b0<br \/>\n<em><b>Accords mets et vins : <\/b><\/em>pr<span class=\"OYPEnA text-decoration-none text-strikethrough-none\">ess\u00e9 de b\u0153uf, sauce \u00e0 la truffe<\/span><br \/>\n<em><strong>Temp\u00e9rature de service :<\/strong><\/em>\u00a0 18\u00b0<br \/>\n<em><strong>Robe : <\/strong><\/em><span class=\"OYPEnA text-decoration-none text-strikethrough-none\">pourpre intense<\/span><br \/>\n<em><strong>Nez : <\/strong><\/em>m<span class=\"OYPEnA text-decoration-none text-strikethrough-none\">\u00fbres sauvages, poivre et r\u00e9glisse<\/span><br \/>\n<em><strong>Bouche : <\/strong><\/em><span class=\"OYPEnA text-decoration-none text-strikethrough-none\">tanique et poivr\u00e9e<\/span><\/p>\n","protected":false},"featured_media":4021,"comment_status":"open","ping_status":"closed","template":"","meta":{"site-sidebar-layout":"default","site-content-layout":"","ast-site-content-layout":"default","site-content-style":"default","site-sidebar-style":"default","ast-global-header-display":"","ast-banner-title-visibility":"","ast-main-header-display":"","ast-hfb-above-header-display":"","ast-hfb-below-header-display":"","ast-hfb-mobile-header-display":"","site-post-title":"","ast-breadcrumbs-content":"","ast-featured-img":"","footer-sml-layout":"","theme-transparent-header-meta":"default","adv-header-id-meta":"","stick-header-meta":"","header-above-stick-meta":"","header-main-stick-meta":"","header-below-stick-meta":"","astra-migrate-meta-layouts":"set","ast-page-background-enabled":"default","ast-page-background-meta":{"desktop":{"background-color":"","background-image":"","background-repeat":"repeat","background-position":"center center","background-size":"auto","background-attachment":"scroll","background-type":"","background-media":"","overlay-type":"","overlay-color":"","overlay-gradient":""},"tablet":{"background-color":"","background-image":"","background-repeat":"repeat","background-position":"center center","background-size":"auto","background-attachment":"scroll","background-type":"","background-media":"","overlay-type":"","overlay-color":"","overlay-gradient":""},"mobile":{"background-color":"","background-image":"","background-repeat":"repeat","background-position":"center center","background-size":"auto","background-attachment":"scroll","background-type":"","background-media":"","overlay-type":"","overlay-color":"","overlay-gradient":""}},"ast-content-background-meta":{"desktop":{"background-color":"var(--ast-global-color-5)","background-image":"","background-repeat":"repeat","background-position":"center center","background-size":"auto","background-attachment":"scroll","background-type":"","background-media":"","overlay-type":"","overlay-color":"","overlay-gradient":""},"tablet":{"background-color":"var(--ast-global-color-5)","background-image":"","background-repeat":"repeat","background-position":"center center","background-size":"auto","background-attachment":"scroll","background-type":"","background-media":"","overlay-type":"","overlay-color":"","overlay-gradient":""},"mobile":{"background-color":"var(--ast-global-color-5)","background-image":"","background-repeat":"repeat","background-position":"center center","background-size":"auto","background-attachment":"scroll","background-type":"","background-media":"","overlay-type":"","overlay-color":"","overlay-gradient":""}},"_themeisle_gutenberg_block_has_review":false},"product_brand":[],"product_cat":[34,28],"product_tag":[],"class_list":{"0":"post-4020","1":"product","2":"type-product","3":"status-publish","4":"has-post-thumbnail","6":"product_cat-vallee-du-rhone","7":"product_cat-vins-rouges","8":"desktop-align-left","9":"tablet-align-left","10":"mobile-align-left","12":"first","13":"instock","14":"shipping-taxable","15":"purchasable","16":"product-type-simple"},"yoast_head":"<!-- This site is optimized with the Yoast SEO plugin v27.4 - https:\/\/yoast.com\/product\/yoast-seo-wordpress\/ -->\n<title>Domaine Michelas Saint-Jemms - Saint-Joseph - Sainte Epine - Kav\u00e9a | Cave \u00e0 vins et champagnes | Epicerie fine | Le Robert Martinique<\/title>\n<meta name=\"robots\" content=\"index, follow, max-snippet:-1, max-image-preview:large, max-video-preview:-1\" \/>\n<link rel=\"canonical\" href=\"https:\/\/kavea-martinique.com\/?product=domaine-michelas-saint-joseph\" \/>\n<meta property=\"og:locale\" content=\"fr_FR\" \/>\n<meta property=\"og:type\" content=\"article\" \/>\n<meta property=\"og:title\" content=\"Domaine Michelas Saint-Jemms - Saint-Joseph - Sainte Epine - Kav\u00e9a | Cave \u00e0 vins et champagnes | Epicerie fine | Le Robert Martinique\" \/>\n<meta property=\"og:description\" content=\"C\u00e9page : 100% Syrah Cuv\u00e9e : Sainte Epine Mill\u00e9sime :\u00a0 2021 Label : Haute Valeur Environnementale et Agriculture Biologique Contenance : 75 cl Garde :\u00a0 8 ans Degr\u00e9s d\u2019alcool :\u00a0\u00a012,5 \u00b0 Accords mets et vins : press\u00e9 de b\u0153uf, sauce \u00e0 la truffe Temp\u00e9rature de service :\u00a0 18\u00b0 Robe : pourpre intense Nez : m\u00fbres sauvages, poivre et r\u00e9glisse Bouche : tanique et poivr\u00e9e\" \/>\n<meta property=\"og:url\" content=\"https:\/\/kavea-martinique.com\/?product=domaine-michelas-saint-joseph\" \/>\n<meta property=\"og:site_name\" content=\"Kav\u00e9a | Cave \u00e0 vins et champagnes | Epicerie fine | Le Robert Martinique\" \/>\n<meta property=\"article:modified_time\" content=\"2024-02-23T21:32:04+00:00\" \/>\n<meta property=\"og:image\" content=\"https:\/\/kavea-martinique.com\/wp-content\/uploads\/2024\/02\/StJo_Sainte_Epine-scaled.jpg\" \/>\n\t<meta property=\"og:image:width\" content=\"1707\" \/>\n\t<meta property=\"og:image:height\" content=\"2560\" \/>\n\t<meta property=\"og:image:type\" content=\"image\/jpeg\" \/>\n<meta name=\"twitter:card\" content=\"summary_large_image\" \/>\n<meta name=\"twitter:label1\" content=\"Dur\u00e9e de lecture estim\u00e9e\" \/>\n\t<meta name=\"twitter:data1\" content=\"1 minute\" \/>\n<script type=\"application\/ld+json\" class=\"yoast-schema-graph\">{\"@context\":\"https:\\\/\\\/schema.org\",\"@graph\":[{\"@type\":\"WebPage\",\"@id\":\"https:\\\/\\\/kavea-martinique.com\\\/?product=domaine-michelas-saint-joseph\",\"url\":\"https:\\\/\\\/kavea-martinique.com\\\/?product=domaine-michelas-saint-joseph\",\"name\":\"Domaine Michelas Saint-Jemms - Saint-Joseph - Sainte Epine - Kav\u00e9a | Cave \u00e0 vins et champagnes | Epicerie fine | Le Robert Martinique\",\"isPartOf\":{\"@id\":\"https:\\\/\\\/kavea-martinique.com\\\/#website\"},\"primaryImageOfPage\":{\"@id\":\"https:\\\/\\\/kavea-martinique.com\\\/?product=domaine-michelas-saint-joseph#primaryimage\"},\"image\":{\"@id\":\"https:\\\/\\\/kavea-martinique.com\\\/?product=domaine-michelas-saint-joseph#primaryimage\"},\"thumbnailUrl\":\"https:\\\/\\\/i0.wp.com\\\/kavea-martinique.com\\\/wp-content\\\/uploads\\\/2024\\\/02\\\/StJo_Sainte_Epine-scaled.jpg?fit=1707%2C2560&ssl=1\",\"datePublished\":\"2024-02-22T20:55:27+00:00\",\"dateModified\":\"2024-02-23T21:32:04+00:00\",\"breadcrumb\":{\"@id\":\"https:\\\/\\\/kavea-martinique.com\\\/?product=domaine-michelas-saint-joseph#breadcrumb\"},\"inLanguage\":\"fr-FR\",\"potentialAction\":[{\"@type\":\"ReadAction\",\"target\":[\"https:\\\/\\\/kavea-martinique.com\\\/?product=domaine-michelas-saint-joseph\"]}]},{\"@type\":\"ImageObject\",\"inLanguage\":\"fr-FR\",\"@id\":\"https:\\\/\\\/kavea-martinique.com\\\/?product=domaine-michelas-saint-joseph#primaryimage\",\"url\":\"https:\\\/\\\/i0.wp.com\\\/kavea-martinique.com\\\/wp-content\\\/uploads\\\/2024\\\/02\\\/StJo_Sainte_Epine-scaled.jpg?fit=1707%2C2560&ssl=1\",\"contentUrl\":\"https:\\\/\\\/i0.wp.com\\\/kavea-martinique.com\\\/wp-content\\\/uploads\\\/2024\\\/02\\\/StJo_Sainte_Epine-scaled.jpg?fit=1707%2C2560&ssl=1\",\"width\":1707,\"height\":2560},{\"@type\":\"BreadcrumbList\",\"@id\":\"https:\\\/\\\/kavea-martinique.com\\\/?product=domaine-michelas-saint-joseph#breadcrumb\",\"itemListElement\":[{\"@type\":\"ListItem\",\"position\":1,\"name\":\"Accueil\",\"item\":\"https:\\\/\\\/kavea-martinique.com\\\/\"},{\"@type\":\"ListItem\",\"position\":2,\"name\":\"Shop\",\"item\":\"https:\\\/\\\/kavea-martinique.com\\\/?page_id=401\"},{\"@type\":\"ListItem\",\"position\":3,\"name\":\"Domaine Michelas Saint-Jemms &#8211; Saint-Joseph &#8211; Sainte Epine\"}]},{\"@type\":\"WebSite\",\"@id\":\"https:\\\/\\\/kavea-martinique.com\\\/#website\",\"url\":\"https:\\\/\\\/kavea-martinique.com\\\/\",\"name\":\"Kav\u00e9a | Cave \u00e0 vins et champagnes | Epicerie fine | Le Robert Martinique\",\"description\":\"Cave \u00e0 vins \u00e9v\u00e8nementielle 100% Vignerons Ind\u00e9pendants \u00e9coresponsables. D\u00e9gustations sur mesure. Click &amp; Collect Livraison \u00e0 domicile\",\"publisher\":{\"@id\":\"https:\\\/\\\/kavea-martinique.com\\\/#organization\"},\"potentialAction\":[{\"@type\":\"SearchAction\",\"target\":{\"@type\":\"EntryPoint\",\"urlTemplate\":\"https:\\\/\\\/kavea-martinique.com\\\/?s={search_term_string}\"},\"query-input\":{\"@type\":\"PropertyValueSpecification\",\"valueRequired\":true,\"valueName\":\"search_term_string\"}}],\"inLanguage\":\"fr-FR\"},{\"@type\":\"Organization\",\"@id\":\"https:\\\/\\\/kavea-martinique.com\\\/#organization\",\"name\":\"Kav\u00e9a | Cave \u00e0 vins et champagnes | Epicerie fine | Le Robert Martinique\",\"url\":\"https:\\\/\\\/kavea-martinique.com\\\/\",\"logo\":{\"@type\":\"ImageObject\",\"inLanguage\":\"fr-FR\",\"@id\":\"https:\\\/\\\/kavea-martinique.com\\\/#\\\/schema\\\/logo\\\/image\\\/\",\"url\":\"https:\\\/\\\/i0.wp.com\\\/kavea-martinique.com\\\/wp-content\\\/uploads\\\/2022\\\/10\\\/unnamed.png?fit=1280%2C382&ssl=1\",\"contentUrl\":\"https:\\\/\\\/i0.wp.com\\\/kavea-martinique.com\\\/wp-content\\\/uploads\\\/2022\\\/10\\\/unnamed.png?fit=1280%2C382&ssl=1\",\"width\":1280,\"height\":382,\"caption\":\"Kav\u00e9a | Cave \u00e0 vins et champagnes | Epicerie fine | Le Robert Martinique\"},\"image\":{\"@id\":\"https:\\\/\\\/kavea-martinique.com\\\/#\\\/schema\\\/logo\\\/image\\\/\"},\"sameAs\":[\"https:\\\/\\\/www.instagram.com\\\/kaveamartinique\\\/?hl=fr\"]}]}<\/script>\n<!-- \/ Yoast SEO plugin. -->","yoast_head_json":{"title":"Domaine Michelas Saint-Jemms - Saint-Joseph - Sainte Epine - Kav\u00e9a | Cave \u00e0 vins et champagnes | Epicerie fine | Le Robert Martinique","robots":{"index":"index","follow":"follow","max-snippet":"max-snippet:-1","max-image-preview":"max-image-preview:large","max-video-preview":"max-video-preview:-1"},"canonical":"https:\/\/kavea-martinique.com\/?product=domaine-michelas-saint-joseph","og_locale":"fr_FR","og_type":"article","og_title":"Domaine Michelas Saint-Jemms - Saint-Joseph - Sainte Epine - Kav\u00e9a | Cave \u00e0 vins et champagnes | Epicerie fine | Le Robert Martinique","og_description":"C\u00e9page : 100% Syrah Cuv\u00e9e : Sainte Epine Mill\u00e9sime :\u00a0 2021 Label : Haute Valeur Environnementale et Agriculture Biologique Contenance : 75 cl Garde :\u00a0 8 ans Degr\u00e9s d\u2019alcool :\u00a0\u00a012,5 \u00b0 Accords mets et vins : press\u00e9 de b\u0153uf, sauce \u00e0 la truffe Temp\u00e9rature de service :\u00a0 18\u00b0 Robe : pourpre intense Nez : m\u00fbres sauvages, poivre et r\u00e9glisse Bouche : tanique et poivr\u00e9e","og_url":"https:\/\/kavea-martinique.com\/?product=domaine-michelas-saint-joseph","og_site_name":"Kav\u00e9a | Cave \u00e0 vins et champagnes | Epicerie fine | Le Robert Martinique","article_modified_time":"2024-02-23T21:32:04+00:00","og_image":[{"width":1707,"height":2560,"url":"https:\/\/kavea-martinique.com\/wp-content\/uploads\/2024\/02\/StJo_Sainte_Epine-scaled.jpg","type":"image\/jpeg"}],"twitter_card":"summary_large_image","twitter_misc":{"Dur\u00e9e de lecture estim\u00e9e":"1 minute"},"schema":{"@context":"https:\/\/schema.org","@graph":[{"@type":"WebPage","@id":"https:\/\/kavea-martinique.com\/?product=domaine-michelas-saint-joseph","url":"https:\/\/kavea-martinique.com\/?product=domaine-michelas-saint-joseph","name":"Domaine Michelas Saint-Jemms - Saint-Joseph - Sainte Epine - Kav\u00e9a | Cave \u00e0 vins et champagnes | Epicerie fine | Le Robert Martinique","isPartOf":{"@id":"https:\/\/kavea-martinique.com\/#website"},"primaryImageOfPage":{"@id":"https:\/\/kavea-martinique.com\/?product=domaine-michelas-saint-joseph#primaryimage"},"image":{"@id":"https:\/\/kavea-martinique.com\/?product=domaine-michelas-saint-joseph#primaryimage"},"thumbnailUrl":"https:\/\/i0.wp.com\/kavea-martinique.com\/wp-content\/uploads\/2024\/02\/StJo_Sainte_Epine-scaled.jpg?fit=1707%2C2560&ssl=1","datePublished":"2024-02-22T20:55:27+00:00","dateModified":"2024-02-23T21:32:04+00:00","breadcrumb":{"@id":"https:\/\/kavea-martinique.com\/?product=domaine-michelas-saint-joseph#breadcrumb"},"inLanguage":"fr-FR","potentialAction":[{"@type":"ReadAction","target":["https:\/\/kavea-martinique.com\/?product=domaine-michelas-saint-joseph"]}]},{"@type":"ImageObject","inLanguage":"fr-FR","@id":"https:\/\/kavea-martinique.com\/?product=domaine-michelas-saint-joseph#primaryimage","url":"https:\/\/i0.wp.com\/kavea-martinique.com\/wp-content\/uploads\/2024\/02\/StJo_Sainte_Epine-scaled.jpg?fit=1707%2C2560&ssl=1","contentUrl":"https:\/\/i0.wp.com\/kavea-martinique.com\/wp-content\/uploads\/2024\/02\/StJo_Sainte_Epine-scaled.jpg?fit=1707%2C2560&ssl=1","width":1707,"height":2560},{"@type":"BreadcrumbList","@id":"https:\/\/kavea-martinique.com\/?product=domaine-michelas-saint-joseph#breadcrumb","itemListElement":[{"@type":"ListItem","position":1,"name":"Accueil","item":"https:\/\/kavea-martinique.com\/"},{"@type":"ListItem","position":2,"name":"Shop","item":"https:\/\/kavea-martinique.com\/?page_id=401"},{"@type":"ListItem","position":3,"name":"Domaine Michelas Saint-Jemms &#8211; Saint-Joseph &#8211; Sainte Epine"}]},{"@type":"WebSite","@id":"https:\/\/kavea-martinique.com\/#website","url":"https:\/\/kavea-martinique.com\/","name":"Kav\u00e9a | Cave \u00e0 vins et champagnes | Epicerie fine | Le Robert Martinique","description":"Cave \u00e0 vins \u00e9v\u00e8nementielle 100% Vignerons Ind\u00e9pendants \u00e9coresponsables. D\u00e9gustations sur mesure. Click &amp; Collect Livraison \u00e0 domicile","publisher":{"@id":"https:\/\/kavea-martinique.com\/#organization"},"potentialAction":[{"@type":"SearchAction","target":{"@type":"EntryPoint","urlTemplate":"https:\/\/kavea-martinique.com\/?s={search_term_string}"},"query-input":{"@type":"PropertyValueSpecification","valueRequired":true,"valueName":"search_term_string"}}],"inLanguage":"fr-FR"},{"@type":"Organization","@id":"https:\/\/kavea-martinique.com\/#organization","name":"Kav\u00e9a | Cave \u00e0 vins et champagnes | Epicerie fine | Le Robert Martinique","url":"https:\/\/kavea-martinique.com\/","logo":{"@type":"ImageObject","inLanguage":"fr-FR","@id":"https:\/\/kavea-martinique.com\/#\/schema\/logo\/image\/","url":"https:\/\/i0.wp.com\/kavea-martinique.com\/wp-content\/uploads\/2022\/10\/unnamed.png?fit=1280%2C382&ssl=1","contentUrl":"https:\/\/i0.wp.com\/kavea-martinique.com\/wp-content\/uploads\/2022\/10\/unnamed.png?fit=1280%2C382&ssl=1","width":1280,"height":382,"caption":"Kav\u00e9a | Cave \u00e0 vins et champagnes | Epicerie fine | Le Robert Martinique"},"image":{"@id":"https:\/\/kavea-martinique.com\/#\/schema\/logo\/image\/"},"sameAs":["https:\/\/www.instagram.com\/kaveamartinique\/?hl=fr"]}]}},"jetpack-related-posts":[{"id":2915,"url":"https:\/\/kavea-martinique.com\/?product=vignobles-mouty-saint-emilion-grand-cru","url_meta":{"origin":4020,"position":0},"title":"Vignobles Mouty &#8211; Saint-Emilion Grand Cru &#8211; Vieux Clos St Emilion","author":"Marc-Olivier Renay","date":"7 d\u00e9cembre 2022","format":false,"excerpt":"C\u00e9page : 80% Merlot, 20 % Cabernet Franc Cuv\u00e9e : Ch\u00e2teau Vieux Clos Saint-Emilion Mill\u00e9sime : 2020 Label : Agriculture Biologique Contenance : 75 cl Garde : 12 ans Degr\u00e9s d'alcool : 14 \u00b0 Accords mets et vins : Jambon de No\u00ebl caram\u00e9lis\u00e9 Temp\u00e9rature de service : 16 \u00b0 Robe\u2026","rel":"","context":"Article similaire","block_context":{"text":"Article similaire","link":""},"img":{"alt_text":"","src":"https:\/\/i0.wp.com\/kavea-martinique.com\/wp-content\/uploads\/2022\/12\/Mouty_-_Chateau_Vieux_Clos_Saint-Emilion-removebg-preview.png?fit=500%2C500&ssl=1&resize=350%2C200","width":350,"height":200},"classes":[]},{"id":171,"url":"https:\/\/kavea-martinique.com\/?product=belleverne-saint-amour-la-madone","url_meta":{"origin":4020,"position":1},"title":"Ch\u00e2teau de Belleverne  &#8211; Saint Amour","author":"Marc-Olivier Renay","date":"19 juin 2018","format":false,"excerpt":"C\u00e9page : 100 % Gamay Cuv\u00e9e : La Madone Mill\u00e9sime : 2022 Label : Haute Valeur Environnementale Contenance : 75 cl Garde : 2 ans Degr\u00e9s d\u2019alcool : 13 \u00b0 Accords mets et vins : Fricass\u00e9e de volaille, pur\u00e9e de giromon Temp\u00e9rature de service : 13 \u00b0 Robe : Velours\u2026","rel":"","context":"Article similaire","block_context":{"text":"Article similaire","link":""},"img":{"alt_text":"","src":"https:\/\/i0.wp.com\/kavea-martinique.com\/wp-content\/uploads\/2018\/06\/Belleverne-Saint-Amour-La-Madone.png?fit=387%2C645&ssl=1&resize=350%2C200","width":350,"height":200},"classes":[]},{"id":2888,"url":"https:\/\/kavea-martinique.com\/?product=michelas-saint-jemms-crozes-hermitage-2","url_meta":{"origin":4020,"position":2},"title":"Domaine Michelas Saint Jemms &#8211; Crozes-Hermitage &#8211; La Chasseli\u00e8re","author":"Marc-Olivier Renay","date":"7 d\u00e9cembre 2022","format":false,"excerpt":"C\u00e9page :\u00a0 100 % Syrah Cuv\u00e9e :\u00a0 Chasseli\u00e8re Mill\u00e9sime : 2020 Label :\u00a0 Haute Valeur Environnementale Contenance :\u00a0 75 cl Garde :\u00a0 5 ans Degr\u00e9s d'alcool : \u00a014,5 \u00b0 Accords mets et vins :\u00a0 De l'entr\u00e9e au dessert ! Temp\u00e9rature de service :\u00a0 18 \u00b0 Robe :\u00a0 Grenat profond Nez\u2026","rel":"","context":"Article similaire","block_context":{"text":"Article similaire","link":""},"img":{"alt_text":"","src":"https:\/\/i0.wp.com\/kavea-martinique.com\/wp-content\/uploads\/2022\/12\/la-chasseliere-crozes-hermitage-rouge.png?fit=452%2C452&ssl=1&resize=350%2C200","width":350,"height":200},"classes":[]},{"id":2920,"url":"https:\/\/kavea-martinique.com\/?product=chateau-de-come-saint-estephe","url_meta":{"origin":4020,"position":3},"title":"Ch\u00e2teau de C\u00f4me &#8211; Saint-Est\u00e8phe","author":"Marc-Olivier Renay","date":"7 d\u00e9cembre 2022","format":false,"excerpt":"C\u00e9page : 45% Cabernet Sauvignon, 45% Merlot, 10% Petit Verdot Cuv\u00e9e :\u00a0 Mill\u00e9sime : 2019 Label : Agriculture Biologique Contenance : 75 cl Garde : 12 ans Degr\u00e9s d'alcool : 14 \u00b0 Accords mets et vins : Filet de b\u0153uf po\u00ebl\u00e9 au foie gras Temp\u00e9rature de service : 17 \u00b0\u2026","rel":"","context":"Article similaire","block_context":{"text":"Article similaire","link":""},"img":{"alt_text":"","src":"https:\/\/i0.wp.com\/kavea-martinique.com\/wp-content\/uploads\/2022\/10\/Saint_estephe_2019-removebg-preview-1.png?fit=250%2C527&ssl=1&resize=350%2C200","width":350,"height":200},"classes":[]},{"id":2887,"url":"https:\/\/kavea-martinique.com\/?product=michelas-saint-jemms-crozes-hermitage","url_meta":{"origin":4020,"position":4},"title":"Domaine Michelas Saint-Jemms &#8211; Fleur de Syrahne &#8211; Crozes-Hermitage","author":"Marc-Olivier Renay","date":"7 d\u00e9cembre 2022","format":false,"excerpt":"C\u00e9page : 100 % Syrah Cuv\u00e9e : Fleur de Syrahne Mill\u00e9sime : 2022 Label : Haute Valeur Environnementale Contenance : 75 cl Garde : 3 ans Degr\u00e9s d'alcool : 14 \u00b0 Accords mets et vins : Fricass\u00e9 de chatrou Temp\u00e9rature de service : 14\u00b0 Robe : Grenat et violet Nez\u2026","rel":"","context":"Article similaire","block_context":{"text":"Article similaire","link":""},"img":{"alt_text":"","src":"https:\/\/i0.wp.com\/kavea-martinique.com\/wp-content\/uploads\/2022\/12\/crozes-hermitage-fleur-de-syrahne.png?fit=452%2C452&ssl=1&resize=350%2C200","width":350,"height":200},"classes":[]},{"id":2892,"url":"https:\/\/kavea-martinique.com\/?product=domaine-les-pins-saint-nicolas-de-bourgueil","url_meta":{"origin":4020,"position":5},"title":"Domaine Les Pins &#8211; Saint-Nicolas-de-Bourgueil","author":"Marc-Olivier Renay","date":"7 d\u00e9cembre 2022","format":false,"excerpt":"C\u00e9page : 100% Cabernet Franc Cuv\u00e9e : Mill\u00e9sime : 2020 Label : Haute Valeur Environnementale Contenance : 75 cl Garde : 3 ans Degr\u00e9s d'alcool : 13 \u00b0 Accords mets et vins : Couscous aux \u00e9pices antillais Temp\u00e9rature de service : 15 \u00b0 Robe : Couleur pourpre, intense, reflets grenat\u2026","rel":"","context":"Article similaire","block_context":{"text":"Article similaire","link":""},"img":{"alt_text":"","src":"https:\/\/i0.wp.com\/kavea-martinique.com\/wp-content\/uploads\/2022\/12\/Les-Pins-Saint-Nicolas-de-Bourgeuil.png?fit=253%2C380&ssl=1&resize=350%2C200","width":350,"height":200},"classes":[]}],"jetpack_sharing_enabled":true,"_links":{"self":[{"href":"https:\/\/kavea-martinique.com\/index.php?rest_route=\/wp\/v2\/product\/4020","targetHints":{"allow":["GET"]}}],"collection":[{"href":"https:\/\/kavea-martinique.com\/index.php?rest_route=\/wp\/v2\/product"}],"about":[{"href":"https:\/\/kavea-martinique.com\/index.php?rest_route=\/wp\/v2\/types\/product"}],"replies":[{"embeddable":true,"href":"https:\/\/kavea-martinique.com\/index.php?rest_route=%2Fwp%2Fv2%2Fcomments&post=4020"}],"wp:featuredmedia":[{"embeddable":true,"href":"https:\/\/kavea-martinique.com\/index.php?rest_route=\/wp\/v2\/media\/4021"}],"wp:attachment":[{"href":"https:\/\/kavea-martinique.com\/index.php?rest_route=%2Fwp%2Fv2%2Fmedia&parent=4020"}],"wp:term":[{"taxonomy":"product_brand","embeddable":true,"href":"https:\/\/kavea-martinique.com\/index.php?rest_route=%2Fwp%2Fv2%2Fproduct_brand&post=4020"},{"taxonomy":"product_cat","embeddable":true,"href":"https:\/\/kavea-martinique.com\/index.php?rest_route=%2Fwp%2Fv2%2Fproduct_cat&post=4020"},{"taxonomy":"product_tag","embeddable":true,"href":"https:\/\/kavea-martinique.com\/index.php?rest_route=%2Fwp%2Fv2%2Fproduct_tag&post=4020"}],"curies":[{"name":"wp","href":"https:\/\/api.w.org\/{rel}","templated":true}]}}